{"id":579,"date":"2014-09-30T12:12:25","date_gmt":"2014-09-30T10:12:25","guid":{"rendered":"http:\/\/ddec72.org\/WordPress-ecole\/?page_id=579"},"modified":"2023-06-26T11:20:58","modified_gmt":"2023-06-26T09:20:58","slug":"ressource-pedagogique","status":"publish","type":"page","link":"https:\/\/ddec72.org\/WordPress-ecole\/ressource-pedagogique\/","title":{"rendered":"Documentation"},"content":{"rendered":"<p>Ce projet d\u2019\u00c9criture Collaborative implique de travailler \u00e0 la fois la production de textes avec toutes les exigences que cela implique mais aussi la dimension collaborative du dispositif.<\/p>\n<p>Quel que soit le type de texte travaill\u00e9, sa structure est d\u00e9termin\u00e9e par le sch\u00e9ma narratif que les \u00e9l\u00e8ves vont d\u00e9couvrir ou red\u00e9couvrir. Pour la dimension \u00e9criture, il nous a sembl\u00e9 int\u00e9ressant de souligner les <a href=\"http:\/\/ddec72.org\/WordPress-ecole\/wp-content\/uploads\/2018\/09\/pistes-de-travail-r\u00e9cit-1.pdf\" target=\"_blank\" rel=\"noopener noreferrer\">\u00e9l\u00e9ments incontournables<\/a> que vous serez obligatoirement amen\u00e9s \u00e0 travailler avec vos \u00e9l\u00e8ves pour les faire progresser.<\/p>\n<p>L&rsquo;aspect collaboratif ne doit pas s&rsquo;entendre uniquement entre les classes. Il doit faire partie int\u00e9grante des modalit\u00e9s de mise en \u0153uvre <strong>dans la classe<\/strong> pour que chaque \u00e9l\u00e8ve y trouve sa place. Quelques pistes sont donn\u00e9es pour illustrer des dispositifs qui incitent les \u00e9l\u00e8ves \u00e0 <a href=\"https:\/\/ddec72.org\/WordPress-ecole\/wp-content\/uploads\/2023\/06\/collaborer.pdf\" target=\"_blank\" rel=\"noopener\">collaborer<\/a>. N&rsquo;h\u00e9sitez pas \u00e0 prendre contact avec les organisateurs ou des enseignants exp\u00e9riment\u00e9s dans ce projet pour alimenter votre r\u00e9flexion sur cet aspect.<\/p>\n\n\n<p><\/p>\n","protected":false},"excerpt":{"rendered":"<p>Ce projet d\u2019\u00c9criture Collaborative implique de travailler \u00e0 la fois la production de textes avec toutes les exigences que cela implique mais aussi la dimension collaborative du dispositif. Quel que soit le type de texte travaill\u00e9, sa structure est d\u00e9termin\u00e9e par le sch\u00e9ma narratif que les \u00e9l\u00e8ves vont d\u00e9couvrir ou red\u00e9couvrir. Pour la dimension \u00e9criture, [&hellip;]<\/p>\n","protected":false},"author":1,"featured_media":0,"parent":0,"menu_order":0,"comment_status":"closed","ping_status":"closed","template":"","meta":{"footnotes":""},"class_list":["post-579","page","type-page","status-publish","hentry"],"_links":{"self":[{"href":"https:\/\/ddec72.org\/WordPress-ecole\/wp-json\/wp\/v2\/pages\/579","targetHints":{"allow":["GET"]}}],"collection":[{"href":"https:\/\/ddec72.org\/WordPress-ecole\/wp-json\/wp\/v2\/pages"}],"about":[{"href":"https:\/\/ddec72.org\/WordPress-ecole\/wp-json\/wp\/v2\/types\/page"}],"author":[{"embeddable":true,"href":"https:\/\/ddec72.org\/WordPress-ecole\/wp-json\/wp\/v2\/users\/1"}],"replies":[{"embeddable":true,"href":"https:\/\/ddec72.org\/WordPress-ecole\/wp-json\/wp\/v2\/comments?post=579"}],"version-history":[{"count":41,"href":"https:\/\/ddec72.org\/WordPress-ecole\/wp-json\/wp\/v2\/pages\/579\/revisions"}],"predecessor-version":[{"id":5036,"href":"https:\/\/ddec72.org\/WordPress-ecole\/wp-json\/wp\/v2\/pages\/579\/revisions\/5036"}],"wp:attachment":[{"href":"https:\/\/ddec72.org\/WordPress-ecole\/wp-json\/wp\/v2\/media?parent=579"}],"curies":[{"name":"wp","href":"https:\/\/api.w.org\/{rel}","templated":true}]}}