{"id":462,"date":"2014-09-26T17:04:44","date_gmt":"2014-09-26T15:04:44","guid":{"rendered":"http:\/\/ddec72.org\/WordPress-ecole\/?page_id=462"},"modified":"2025-02-28T15:52:52","modified_gmt":"2025-02-28T14:52:52","slug":"recits-jaune-a","status":"publish","type":"page","link":"https:\/\/ddec72.org\/WordPress-ecole\/recits-jaune-a\/","title":{"rendered":"R\u00e9cit Jaune A :  DRAGONFLY"},"content":{"rendered":"<p><a href=\"https:\/\/ddec72.org\/WordPress-ecole\/wp-content\/uploads\/2024\/11\/dragonfly.jpeg\"><img loading=\"lazy\" decoding=\"async\" class=\"wp-image-6184 aligncenter\" src=\"https:\/\/ddec72.org\/WordPress-ecole\/wp-content\/uploads\/2024\/11\/dragonfly-300x300.jpeg\" alt=\"\" width=\"417\" height=\"417\" srcset=\"https:\/\/ddec72.org\/WordPress-ecole\/wp-content\/uploads\/2024\/11\/dragonfly-300x300.jpeg 300w, https:\/\/ddec72.org\/WordPress-ecole\/wp-content\/uploads\/2024\/11\/dragonfly-150x150.jpeg 150w, https:\/\/ddec72.org\/WordPress-ecole\/wp-content\/uploads\/2024\/11\/dragonfly-768x768.jpeg 768w, https:\/\/ddec72.org\/WordPress-ecole\/wp-content\/uploads\/2024\/11\/dragonfly-624x624.jpeg 624w, https:\/\/ddec72.org\/WordPress-ecole\/wp-content\/uploads\/2024\/11\/dragonfly.jpeg 1024w\" sizes=\"auto, (max-width: 417px) 100vw, 417px\" \/><\/a><\/p>\n<p style=\"text-align: center;\"><em>Je venais juste de finir d\u2019\u00e9crire le mot qu&rsquo;elles se pos\u00e8rent sur la page dans un bourdonnement assourdissant.<\/em><\/p>\n<p class=\"has-text-color\"><span style=\"color: #ffcc00;\"><strong>Partie 1 : Situation initiale du 18 au 29 novembre 2024 &#8211; Classe de Mme Langlais<\/strong><\/span><\/p>\n<p>Tristan, 11 ans, habite en Bretagne, dans une fermette \u00e0 environ cinq kilom\u00e8tres de son village.<\/p>\n<p>Il est roux avec des t\u00e2ches de rousseur. C&rsquo;est un bon \u00e9l\u00e8ve mais il est timide. Tristan aime beaucoup les animaux, \u00e9crire \u00e0 la plume et observer la vie dans la nature. Il est l&rsquo;a\u00een\u00e9 de quatre enfants. Son p\u00e8re est fermier et b\u00fbcheron \u00e0 l&rsquo;occasion. Sa m\u00e8re s&rsquo;occupe des enfants et aide son mari \u00e0 la ferme.<\/p>\n<p>Une rivi\u00e8re passe pr\u00e8s de sa maison et une for\u00eat la borde. Tristan y va souvent observer les grenouilles, les poissons et m\u00eame les animaux qui viennent s&rsquo;y abreuver.<\/p>\n<p>En ce mois de mai 1910, il est \u00e9l\u00e8ve en 5e au coll\u00e8ge Saint Michel. Apr\u00e8s un tirage au sort en cours de sciences, il doit pr\u00e9parer un expos\u00e9 sur les libellules. Le jeune gar\u00e7on est heureux puisqu&rsquo;il aime les animaux.<\/p>\n<p>Par chance, il a rep\u00e9r\u00e9 plusieurs de ces odonates pr\u00e8s de la rivi\u00e8re, lorsqu&rsquo;il avait aid\u00e9 son p\u00e8re \u00e0 rapporter du bois.<\/p>\n<p>Il voudrait\u00a0 retourner l\u00e0-bas pour prendre des photos.Mais il sait que cela co\u00fbte cher. Heureusement il a un oncle v\u00e9t\u00e9rinaire, qui a une bonne situation financi\u00e8re. Auguste poss\u00e8de un appareil et il esp\u00e8re qu&rsquo;il pourra lui pr\u00eater. Comme celui-ci r\u00e9side non loin de l\u00e0 sur la c\u00f4te, un soir apr\u00e8s les cours, il prend son v\u00e9lo et va lui rendre visite. Il explique son projet. L&rsquo;id\u00e9e pla\u00eet bien au tonton, qui d\u00e9cide d&rsquo;aider son neveu et de venir avec lui. Ils fixent la date du dimanche suivant pour la prise de vues. Puis tout content il rentre chez lui. Il a h\u00e2te d&rsquo;\u00eatre \u00e0 ce jour.<\/p>\n<p>Le lendemain, il\u00a0 emprunte aussi un livre documentaire sur les insectes \u00e0 la biblioth\u00e8que de son coll\u00e8ge.<\/p>\n<p>Cet exercice l&rsquo;angoisse beaucoup car il devra le pr\u00e9senter devant sa classe.<\/p>\n<p class=\"has-text-color\"><strong><span style=\"color: #ffcc00;\">Partie 2 : \u00c9l\u00e9ment d\u00e9clencheur du 2 au 13 d\u00e9cembre 2024 \u2013 Classe de Mme Rouillard<\/span><\/strong><\/p>\n<p class=\"has-text-color\">Le dimanche arrive, Tristan est heureux d\u2019aller chez son oncle. En chemin, il s\u2019aper\u00e7oit que son petit fr\u00e8re L\u00e9on a crev\u00e9 le pneu de son v\u00e9lo, quand il l\u2019a emprunt\u00e9. Il n\u2019a plus qu\u2019une seule solution\u00a0: marcher \u00e0 c\u00f4t\u00e9. Tristan est en col\u00e8re.<\/p>\n<p>Quand il arrive chez son oncle, sa tante, Bernadette, l\u2019accueille car Auguste n\u2019est pas l\u00e0 et lui donne des sabl\u00e9s, du lait que Tristan boit d\u2019une seule traite. Elle lui annonce que son oncle est \u00e0 l\u2019h\u00f4pital, il n\u2019a pas eu le temps de le pr\u00e9venir. En soignant un chien bless\u00e9 \u00e0 la patte, l\u2019animal a \u00e9t\u00e9 agressif et lors de l\u2019op\u00e9ration, a mordu violemment le v\u00e9t\u00e9rinaire. Comme sa blessure est assez grave, il va devoir rester hospitalis\u00e9, pendant une dur\u00e9e inconnue. Tristan est malheureux pour son oncle mais aussi parce qu\u2019il ne sait pas comment il va faire sans l\u2019appareil photo. Bernadette le rassure, lui confie l\u2019appareil, en lui demandant d\u2019y faire attention.<\/p>\n<p>Puis, Tristan repart et se rend dans la for\u00eat. Sur son chemin, il contemple la nature en longeant la rivi\u00e8re. Quand il arrive, il heurte une pierre, l\u2019appareil tombe dans l\u2019eau et le courant l\u2019emporte sans que le coll\u00e9gien ne puisse faire quoique ce soit.<\/p>\n<p>Tristan est affol\u00e9, il commence \u00e0 pleurer. Celui-ci se roule dans l\u2019herbe, en se tenant la t\u00eate. Il se l\u00e8ve et donne des coups dans les pierres mais finit par se faire mal, il cesse de taper. Une fois calm\u00e9, il regarde les libellules, et a l\u2019impression qu\u2019elles se moquent de lui. Il s\u2019allonge parterre, crie et les oiseaux s\u2019envolent.<\/p>\n<p>Tristan rentre chez lui et demande de l\u2019aide \u00e0 ses parents. Il leur explique ses probl\u00e8mes\u00a0: \u00a0la perte de l\u2019appareil photo et l\u2019expos\u00e9 \u00e0 faire sans outils pour capturer l\u2019image des b\u00eates volantes. Tous trois r\u00e9fl\u00e9chissent, mais ne trouvent aucune solution. Il va donc demander \u00e0 ses fr\u00e8res et s\u0153urs. \u00a0Andr\u00e9, le cadet propose de dessiner les libellules. Clotilde sugg\u00e8re de les r\u00e9aliser en origami. Enfin, L\u00e9on, le benjamin, propose de capturer ces odonates.<\/p>\n<p>Apr\u00e8s quelques discussions, Tristan va se coucher et r\u00e9fl\u00e9chit \u00e0 leurs propositions sans savoir quoi faire.<\/p>\n<p class=\"has-text-color\"><strong style=\"font-size: revert;\"><span style=\"color: #ffcc00;\">Partie 3 : S\u00e9rie d\u2019actions du 6 au 17 janvier 2025 \u2013 Classe de Mme Chalmin<\/span><\/strong><\/p>\n<p>Apr\u00e8s sa nuit, Tristan d\u00e9cide de s\u2019int\u00e9resser \u00e0 l\u2019id\u00e9e de L\u00e9on\u00a0: aller capturer des libellules.<\/p>\n<p>Pour cela il pr\u00e9pare son \u00e9quipement\u00a0: un filet \u00e0 papillon, des bocaux en verre et une gourde. Ensuite, il rev\u00eat ses bottes et un imperm\u00e9able. Il demande \u00e0 son petit fr\u00e8re de l\u2019accompagner chercher les odonates.<\/p>\n<p>Les deux fr\u00e8res sont tout excit\u00e9s \u00e0 l\u2019id\u00e9e de cette aventure. Sur le chemin vers la for\u00eat, ils chantonnent joyeusement.<\/p>\n<p>Une fois arriv\u00e9s, les gar\u00e7ons ralentissent le pas afin que la nature soit la plus calme possible.<\/p>\n<p>Ils se cachent derri\u00e8re un arbre et mettent leurs sens en \u00e9veil. L\u2019ou\u00efe et la vue sont actives.<\/p>\n<p>Une libellule bourdonne pr\u00e8s des enfants mais elle vole \u00e0 toute vitesse, elle \u00e9chappe donc \u00e0 L\u00e9on et Tristan.<\/p>\n<p>En continuant d\u2019avancer dans la for\u00eat, les deux fr\u00e8res tombent sur une nu\u00e9e de libellules. Ils s\u2019approchent doucement, sortent le filet \u00e0 papillon et d\u2019un coup en saisissent une dizaine. Ils les transvasent dans le bocal, mais une libellule s\u2019\u00e9chappe.<\/p>\n<p>En rentrant, les gar\u00e7ons sont heureux, ils ont h\u00e2te de montrer le fruit de leur chasse au reste de la famille.<\/p>\n<p>Ils rentrent dans la maison en criant \u00ab\u00a0Maman, Papa on a captur\u00e9 des libellules\u00a0!\u00a0\u00bb.<\/p>\n<p>&nbsp;<\/p>\n<p>Ensuite, Tristan commence \u00e0 travailler son expos\u00e9 et demande \u00e0 son fr\u00e8re de l\u2019aide pour dessiner des libellules. Andr\u00e9 utilise un livre \u00e0 pages blanches et \u00e9crit le mot \u00ab\u00a0Les odonates\u00a0\u00bb sur la premi\u00e8re page. Il illustre le titre et crayonne les contours d\u2019une libellule.<\/p>\n<p>Tout \u00e0 coup, Tristan entend un bruit venant du salon, il ne s\u2019en pr\u00e9occupe pourtant pas. En voulant s\u2019asseoir sur le canap\u00e9, L\u00e9on bouscule le bocal rempli de libellules.<\/p>\n<p>&nbsp;<\/p>\n<p>Soudain, l\u2019une d\u2019entre elles\u00a0 se pose sur le livre ouvert\u00a0sur lequel Tristan est en train d\u2019\u00e9crire des informations, trouv\u00e9es dans les livres de la biblioth\u00e8que.<\/p>\n<p>Dans ses pens\u00e9es, Tristan se dit \u00ab\u00a0<strong><em>Je venais juste de finir d\u2019\u00e9crire le mot qu\u2019elles se pos\u00e8rent sur la page dans un bourdonnement assourdissant\u00a0\u00bb.<\/em><\/strong><\/p>\n<p>Au bout de quelques jours, Tristan termine son expos\u00e9 avec l\u2019aide de L\u00e9on, Clothilde et Andr\u00e9\u00a0! Il est fier du r\u00e9sultat.<\/p>\n<p class=\"has-text-color\"><strong><span style=\"color: #ffcc00;\">Partie 4 : Le d\u00e9nouement du 20\u00a0 au 31 janvier 2025 \u2013 Club ARECS\u00a0<\/span><br \/>\n<\/strong><\/p>\n<p>Le jour dit, Tristan apporte son manuscrit, une grande bo\u00eete en fer blanc qui<br \/>\navait contenu des cr\u00eapes dentelle de Pont-Aven et un rouleau de papier<br \/>\ndessin. Il remet le tout \u00e0 monsieur Kerzerho, son professeur. Son expos\u00e9 est<br \/>\npr\u00e9vu apr\u00e8s la r\u00e9cr\u00e9ation du matin. En attendant sa prestation, Tristan r\u00eave \u00e0<br \/>\nson heure de gloire et son esprit s\u2019\u00e9vade pendant le cours de calcul.<br \/>\nA la r\u00e9cr\u00e9ation, il s\u2019assoit sur un banc isol\u00e9 pour se pr\u00e9parer mentalement \u00e0<br \/>\nson expos\u00e9. Soudain, comme une vol\u00e9e de moineaux, il se retrouve entour\u00e9<br \/>\nde ses camarades. Le voyant pensif, Mewenn l\u2019interpelle\u00a0: \u00ab\u00a0Eh Tristan tu<br \/>\nr\u00eaves \u00e0 ton Iseult ou tu nous fais la t\u00eate\u00a0?\u00a0\u00bb Les autres pouffent de rire mais<br \/>\nTristan se renfrogne. Enfin la cloche sonne et tous rentrent en classe.<br \/>\nL\u00e0, monsieur Kerzerho appelle Tristan \u00e0 son bureau pour pr\u00e9senter son travail<br \/>\nsur les libellules. Apr\u00e8s avoir d\u00e9crit le microsyst\u00e8me et leur habitat, Tristan<br \/>\npasse \u00e0 la description de la libellule. Il saisit le rouleau de papier et d\u00e9ploie les<br \/>\ndessins d\u2019Andr\u00e9 pour que ses camarades visualisent les odonates. Gr\u00e2ce aux<br \/>\ndessins, les \u00e9l\u00e8ves d\u00e9couvrent les anisopt\u00e8res, ou libellules dont les quatre<br \/>\nailes sont de la m\u00eame taille, ce qui n\u2019est pas le cas des zygopt\u00e8res, aussi<br \/>\nnomm\u00e9es demoiselles, qui ont deux grandes ailes et deux petites.<br \/>\nC\u2019est alors que Tristan ouvre la grande bo\u00eete en fer et ses camarades<br \/>\nd\u00e9couvrent avec une \u00e9norme surprise du papier pli\u00e9 et avant qu\u2019il ne pouffe<br \/>\nde rire, Tristan prend un origami et le pr\u00e9sente \u00e0 la classe. Les \u02baOh\u02ba et \u02baAh\u02ba<br \/>\njaillissent \u00e0 travers la salle, en effet Tristan vient d\u2019exposer une libellule et une<br \/>\ndemoiselle r\u00e9alis\u00e9es par sa s\u0153ur. A leur grand \u00e9tonnement, chaque \u00e9l\u00e8ve et<br \/>\nmonsieur Kerzerho re\u00e7oivent de Tristan une libellule. Vu la fragilit\u00e9 de la<br \/>\ncr\u00e9ation certains n\u2019osent pas y toucher et imm\u00e9diatement tous se demandent<br \/>\ncomment l\u2019emmener \u00e0 la maison en conservant ses volumes.<br \/>\nMonsieur Kerzerho est \u00e9poustoufl\u00e9 \u00e0 plus d\u2019un titre\u00a0car le contenu de<br \/>\nl\u2019expos\u00e9, l\u2019adh\u00e9sion de ses fr\u00e8res et s\u0153urs pour un travail d\u2019\u00e9quipe ont permis<br \/>\nune prestation de haute vol\u00e9e.<br \/>\nTristan n\u2019est pas peu fier de la satisfaction de son professeur et de l\u2019agr\u00e9able<br \/>\nsurprise de ses camarades. D\u00e8s son retour \u00e0 la maison, il partage avec Andr\u00e9,<br \/>\nClotilde et L\u00e9on les f\u00e9licitations de son auditoire et de son professeur. Leurs<br \/>\nparents, qui \u00e9coutaient silencieusement, d\u00e9couvrent l\u2019implication de chacun<br \/>\nde leurs enfants dans la r\u00e9ussite de cette journ\u00e9e.<\/p>\n<p>Soudain, la porte d\u2019entr\u00e9e s\u2019ouvre et tante Bernadette surgit, mi-figue mi-<br \/>\nraisin, suivie de M\u00e9doc qui tient dans sa gueule un objet boueux en cuir\u00a0:<br \/>\nTristan, la bouche grand ouverte, les yeux tout ronds, suffoque\u00a0:<br \/>\n&#8211; \u00ab\u00a0Oh hhh\u2026 le Brownie d\u2019oncle Auguste !\u00a0\u00bb<\/p>\n<p class=\"has-text-color\"><strong><span style=\"color: #ffcc00;\">Partie 5 : La situation finale du 3 au 28 f\u00e9vrier 2025 \u2013 Classe de Mr Beaumesnil<\/span><\/strong><\/p>\n<p>Rouge comme une pivoine, la tante, explique la raison de son \u00e9nervement : \u00ab Ce matin, pendant ma promenade, M\u00e9doc, mon labrador, s&rsquo;est pr\u00e9cipit\u00e9 dans la rivi\u00e8re pour attraper une pochette en cuir et est revenu avec un appareil tout boueux dans la gueule. \u00bb<\/p>\n<p>Tristan examine le Brownie, ouvre la pochette et d\u00e9couvre l&rsquo;appareil photo couvert de boue. Il tente de le nettoyer et v\u00e9rifie s&rsquo;il fonctionne, mais h\u00e9las, il est hors d&rsquo;usage. D\u00e9courag\u00e9, il entend tante Bernadette lui dire : \u00ab Ne t&rsquo;inqui\u00e8te pas, je pense que nous pouvons y arriver. \u00bb<\/p>\n<p>Son p\u00e8re le r\u00e9conforte en sugg\u00e9rant qu&rsquo;ils ont sans doute les outils n\u00e9cessaires pour r\u00e9parer le Brownie. Sa m\u00e8re l&rsquo;encourage \u00e9galement, pr\u00eate \u00e0 aider dans la restauration de l&rsquo;appareil. Toute la famille se met au travail. Ils se rendent \u00e0 la grange pour rassembler le mat\u00e9riel, puis, de retour \u00e0 la maison, commencent la r\u00e9paration. Gr\u00e2ce \u00e0 leurs efforts conjugu\u00e9s, ils parviennent \u00e0 remettre l&rsquo;appareil photo en \u00e9tat de marche.<\/p>\n<p>Plus tard, tante Bernadette se rend \u00e0 l&rsquo;h\u00f4pital pour informer oncle Auguste de ce qui s&rsquo;est pass\u00e9. Apr\u00e8s avoir racont\u00e9 les p\u00e9rip\u00e9ties de Tristan, une aide-soignante annonce \u00e0 Auguste qu&rsquo;il peut sortir. Heureux, il pr\u00e9pare ses affaires et quitte l&rsquo;\u00e9tablissement avec Bernadette. De retour chez Tristan, ils partagent la bonne nouvelle. En voyant le gar\u00e7on la t\u00eate baiss\u00e9e, oncle Auguste le rassure, apaisant ses inqui\u00e9tudes. Pour se faire pardonner, Tristan remet le Brownie comme neuf \u00e0 son oncle.<\/p>\n<p>Oncle Auguste d\u00e9cide d&rsquo;aller prendre des photographies avec son neveu. Ils partent dans les bois pour immortaliser des odonates. Malgr\u00e9 leurs recherches, ils ne trouvent pas de libellules. D\u00e9\u00e7u, Tristan se tourne vers la photographie de paysages. Au moment de capturer une vue, des libellules apparaissent devant l&rsquo;objectif. Oncle Auguste est certain que la photo sera magnifique. \u00c0 leur retour, ils d\u00e9couvrent avec surprise un repas pr\u00e9par\u00e9 et une f\u00eate organis\u00e9e pour la sortie d&rsquo;h\u00f4pital d&rsquo;Auguste.<\/p>\n<p>Avant le d\u00eener, Tristan monte dans sa chambre pour ranger l\u2019appareil. Il aper\u00e7oit M\u00e9doc fouillant sous l&rsquo;armoire. Intrigu\u00e9 par l&rsquo;agitation du chien, il se penche et trouve un album photo poussi\u00e9reux. En l&rsquo;ouvrant, il red\u00e9couvre des images de son enfance et de sa famille. \u00c9mu, il se rem\u00e9more tous les moments pass\u00e9s avec ses proches et pense : \u00ab Je peux toujours compter sur ma famille pour m&rsquo;aider. \u00bb Rempli d&rsquo;affection, il descend embrasser tous les siens.<\/p>\n","protected":false},"excerpt":{"rendered":"<p>Je venais juste de finir d\u2019\u00e9crire le mot qu&rsquo;elles se pos\u00e8rent sur la page dans un bourdonnement assourdissant. Partie 1 : Situation initiale du 18 au 29 novembre 2024 &#8211; Classe de Mme Langlais Tristan, 11 ans, habite en Bretagne, dans une fermette \u00e0 environ cinq kilom\u00e8tres de son village. Il est roux avec des [&hellip;]<\/p>\n","protected":false},"author":11,"featured_media":0,"parent":0,"menu_order":0,"comment_status":"closed","ping_status":"closed","template":"","meta":{"footnotes":""},"class_list":["post-462","page","type-page","status-publish","hentry"],"_links":{"self":[{"href":"https:\/\/ddec72.org\/WordPress-ecole\/wp-json\/wp\/v2\/pages\/462","targetHints":{"allow":["GET"]}}],"collection":[{"href":"https:\/\/ddec72.org\/WordPress-ecole\/wp-json\/wp\/v2\/pages"}],"about":[{"href":"https:\/\/ddec72.org\/WordPress-ecole\/wp-json\/wp\/v2\/types\/page"}],"author":[{"embeddable":true,"href":"https:\/\/ddec72.org\/WordPress-ecole\/wp-json\/wp\/v2\/users\/11"}],"replies":[{"embeddable":true,"href":"https:\/\/ddec72.org\/WordPress-ecole\/wp-json\/wp\/v2\/comments?post=462"}],"version-history":[{"count":170,"href":"https:\/\/ddec72.org\/WordPress-ecole\/wp-json\/wp\/v2\/pages\/462\/revisions"}],"predecessor-version":[{"id":6566,"href":"https:\/\/ddec72.org\/WordPress-ecole\/wp-json\/wp\/v2\/pages\/462\/revisions\/6566"}],"wp:attachment":[{"href":"https:\/\/ddec72.org\/WordPress-ecole\/wp-json\/wp\/v2\/media?parent=462"}],"curies":[{"name":"wp","href":"https:\/\/api.w.org\/{rel}","templated":true}]}}