{"id":456,"date":"2024-11-25T09:20:46","date_gmt":"2024-11-25T08:20:46","guid":{"rendered":"http:\/\/ddec72.org\/WordPress-ecole\/?page_id=456"},"modified":"2025-02-27T12:05:35","modified_gmt":"2025-02-27T11:05:35","slug":"recits-jaune-e","status":"publish","type":"page","link":"https:\/\/ddec72.org\/WordPress-ecole\/recits-jaune-e\/","title":{"rendered":"R\u00e9cit Jaune E : CONCERTO"},"content":{"rendered":"<p><a href=\"https:\/\/ddec72.org\/WordPress-ecole\/wp-content\/uploads\/2024\/11\/concerto.jpeg\"><img loading=\"lazy\" decoding=\"async\" class=\"wp-image-6195 aligncenter\" src=\"https:\/\/ddec72.org\/WordPress-ecole\/wp-content\/uploads\/2024\/11\/concerto-300x300.jpeg\" alt=\"\" width=\"384\" height=\"384\" srcset=\"https:\/\/ddec72.org\/WordPress-ecole\/wp-content\/uploads\/2024\/11\/concerto-300x300.jpeg 300w, https:\/\/ddec72.org\/WordPress-ecole\/wp-content\/uploads\/2024\/11\/concerto-150x150.jpeg 150w, https:\/\/ddec72.org\/WordPress-ecole\/wp-content\/uploads\/2024\/11\/concerto-768x768.jpeg 768w, https:\/\/ddec72.org\/WordPress-ecole\/wp-content\/uploads\/2024\/11\/concerto-624x624.jpeg 624w, https:\/\/ddec72.org\/WordPress-ecole\/wp-content\/uploads\/2024\/11\/concerto.jpeg 1024w\" sizes=\"auto, (max-width: 384px) 100vw, 384px\" \/><\/a><\/p>\n<blockquote>\n<p style=\"text-align: center;\">Le son se r\u00e9pandait \u00e0 la surface de l\u2019eau et celle-ci se mettait \u00e0 bruisser.<\/p>\n<\/blockquote>\n<p class=\"has-text-color\"><span style=\"color: #ffcc00;\"><strong>Partie 1 : Situation initiale du 18 au 29 novembre 2024 &#8211; Club ARECS<\/strong><\/span><\/p>\n<p>Ce jeudi 31 octobre 1968, M\u00e9lusine, jeune institutrice brestoise de 21 ans, d\u00e9cide de profiter de cette journ\u00e9e sans classe pour trier le contenu des caisses de livres, de journaux, de papiers divers qu\u2019elle a ramen\u00e9es voici quelques mois de la maison de son p\u00e8re d\u00e9c\u00e9d\u00e9 en janvier.<\/p>\n<p>Pensant que le tri serait rapide, elle commence par la caisse contenant les journaux qui n\u2019ont, pour elle, pas d\u2019autre int\u00e9r\u00eat que celui de servir \u00e0 allumer le feu dans la chemin\u00e9e de son appartement. Elle saisit une paire de ciseaux et coupe avec \u00e9nergie la grosse ficelle de chanvre qui entoure la premi\u00e8re caisse qu\u2019elle ouvre puis referme pr\u00e9cipitamment en criant\u00a0: \u00ab\u00a0Oh\u00a0! Non, non, pas \u00e7a\u2026\u00a0\u00bb. Elle s\u2019assoit quelques instants, la t\u00eate dans ses mains, respire profond\u00e9ment et retourne vers la caisse qu\u2019elle rouvre d\u00e9licatement. Elle en sort avec pr\u00e9caution un journal intitul\u00e9 Anh Sang, avec une \u00e9criture \u00e9trange sous son titre. Incapable de d\u00e9chiffrer ces signes illisibles, elle tourne les pages, \u00e0 la recherche d\u2019images. Enfin, sur les pages centrales, elle trouve l\u2019inattendu\u00a0: sous un titre central \u02ba LA COCHINCHINE \u02ba, des photos en noir et blanc sous titr\u00e9es de l\u00e9gendes \u00e9crites en fran\u00e7ais. Le mot \u00ab\u00a0Cochinchine\u00a0\u00bb active soudain l\u2019imagination de M\u00e9lusine\u00a0et la replonge dans ses souvenirs d\u2019enfance. Elle \u00e9prouve une sensation de fra\u00eecheur et revoit, comme dans un r\u00eave, les brumes de la baie de Ha Long avec ses innombrables \u00eelots de rochers, de taille impressionnante, qui, tel un \u00e9norme dragon, hantent le g\u00e9nie des eaux. Des jonques en bambou dansent sur les flots au rythme des vagues et les cris des cormorans, dress\u00e9s par les p\u00eacheurs, transpercent l\u2019\u00e9pais brouillard cotonneux. Elle tremble d\u2019effroi, mais le souvenir des bras de son p\u00e8re au creux desquels elle se blottissait alors et celui de sa voix de t\u00e9nor qui lui chantonnait de douces paroles la rassurent enfin et elle se surprend \u00e0 les chantonner \u00e0 son tour.<\/p>\n<p>Elle laisse venir \u00e0 elle les souvenirs de son enfance, jusqu\u2019ici enferm\u00e9s \u00e0 double tour dans un coin de son c\u0153ur. Elle per\u00e7oit soudain une voix douce qui l\u2019endort avec des paroles qu\u2019elle ne comprend pas et entrevoit comme un chatoiement de soie\u00a0: ses parents avaient engag\u00e9 une nounou vietnamienne pour l\u2019\u00e9duquer. Elle s\u2019appelait Nhi, elle \u00e9tait douce, calme. Elle est soudain envahie d\u2019une immense tristesse qui lui semble cacher une col\u00e8re profonde\u00a0; il y avait bien de quoi\u00a0: le jour de ses 5 ans, elle avait pleur\u00e9 toute la journ\u00e9e car ce jour-l\u00e0, Nhi avait \u00e9t\u00e9 remplac\u00e9e par une Fran\u00e7aise s\u00e9v\u00e8re et braillarde, une des filles du Haut Commissaire, qui est devenue son institutrice priv\u00e9e qu\u2019elle n\u2019a jamais aim\u00e9e. Elle en voulait \u00e0 ses parents et deux mois plus tard, pour la consoler, son p\u00e8re, qui \u00e9tait journaliste l\u2019avait emmen\u00e9e visiter cette baie de Ha Long. Quelques mois plus tard, il fut renvoy\u00e9 en France pour faute professionnelle et la famille s\u2019installa en r\u00e9gion parisienne et plus jamais le Vietnam ne fut \u00e9voqu\u00e9.<\/p>\n<p>La d\u00e9couverte de ce journal vietnamien devient comme une intrigue \u00e0 r\u00e9soudre. Ses parents lui avaient toujours dit qu\u2019au Vietnam son p\u00e8re \u00e9tait correspondant de presse pour le Figaro et qu\u2019\u00e0 leur retour en France, seule la direction d\u2019Ouest-France lui avait propos\u00e9 un poste de journaliste \u00e0 Rennes o\u00f9 ils avaient d\u00fb emm\u00e9nager. Alors pourquoi tous ces journaux Anh Sang conserv\u00e9s si pr\u00e9cieusement et ces deux pages de photos avec un titre et des l\u00e9gendes en fran\u00e7ais\u00a0?<\/p>\n<p class=\"has-text-color\"><strong><span style=\"color: #ffcc00;\">Partie 2 : \u00c9l\u00e9ment d\u00e9clencheur du 2 au 13 d\u00e9cembre 2024 \u2013 Classe de Mme Chalmin<\/span><br \/>\n<\/strong><\/p>\n<p>M\u00e9lusine se demande de quoi parlent ces journaux.<\/p>\n<p>Elle d\u00e9cide de rechercher un sp\u00e9cialiste en d\u00e9chiffrage d\u2019\u00e9critures vietnamiennes.<\/p>\n<p>L\u2019institutrice recherche dans son annuaire et feuillette une dizaine de pages avant de trouver les coordonn\u00e9es d\u2019un expert d\u2019anciens journaux. Il s\u2019agit de Mr Charpot. Elle d\u00e9cide de le contacter avec son t\u00e9l\u00e9phone fixe.<\/p>\n<p>-\u00ab\u00a0Bonjour Monsieur, \u00eates-vous bien Mr Charpot\u00a0?<\/p>\n<p>&#8211; Bonjour Madame, oui c\u2019est bien moi, que puis-je faire pour vous\u00a0?<\/p>\n<p>-J\u2019ai trouv\u00e9 des vieux journaux dans les cartons de mon papa d\u00e9c\u00e9d\u00e9. L\u2019un d\u2019eux s\u2019intitule Anh Sang , on peut y voir des photos en noir et blanc et des \u00e9critures \u00e9tranges .\u00a0 Un mot est \u00e9crit en gras\u00a0: La cochinchine<\/p>\n<p>&#8211; Ah, je crois que j\u2019ai d\u00e9j\u00e0 vu ce mot, r\u00e9pond Mr Charpot. Un de mes clients m\u2019a d\u00e9j\u00e0 \u00e9voqu\u00e9 ce nom. Attendez, je vais chercher dans un de mes classeurs\u00a0! Ne raccrochez pas je reviens tout de suite\u00a0\u00bb<\/p>\n<p>&nbsp;<\/p>\n<p>M\u00e9lusine est joyeuse \u00e0 l\u2019id\u00e9e qu\u2019elle se trouve sur la bonne piste.<\/p>\n<ul>\n<li>\u00ab\u00a0Madame, Madame, j\u2019ai trouv\u00e9 ce mot dans mes fiches, c\u2019est un mot vietnamien.<\/li>\n<li>Je me souviens d\u2019avoir voyag\u00e9 avec mon papa au Vietnam, quand j\u2019\u00e9tais petite.<\/li>\n<li>Pour en savoir plus, je vous conseillerai de retourner au Vietnam pour retrouver l\u2019\u00e9diteur du journal, dit Mr Charpot<\/li>\n<li>Je vous remercie pour vos informations et votre aide, r\u00e9pond M\u00e9lusine.<\/li>\n<\/ul>\n<p>Puis elle raccroche le t\u00e9l\u00e9phone.<\/p>\n<p>&nbsp;<\/p>\n<p>L\u2019institutrice d\u00e9cide d\u2019\u00e9couter les conseils du sp\u00e9cialiste et de se rendre au Vietnam.<\/p>\n<p>Elle pr\u00e9pare donc ses valises pour ce long voyage.<\/p>\n<p class=\"has-text-color\"><strong><span style=\"color: #ffcc00;\">Partie 3 : S\u00e9rie d\u2019actions du 6 au 17 janvier 2025 \u2013 Classe de Mr Beaumesnil<\/span><br \/>\n<\/strong><\/p>\n<p>Une fois ses bagages termin\u00e9s, elle se rend \u00e0 l\u2019a\u00e9roport en taxi. Quand elle arrive, elle aper\u00e7oit une boulangerie. M\u00e9lusine s\u2019ach\u00e8te un croissant pour le voyage puis elle s\u2019installe dans un fauteuil de la salle d\u2019embarquement pour attendre son avion. En face d\u2019elle se trouve un vieil homme qui lit le journal. M\u00e9lusine voit \u00e0 la une les derni\u00e8res nouvelles sur le conflit au Vietnam. Elle sent du stress monter en elle. Quand l\u2019a\u00e9roplane arrive elle monte \u00e0 bord et une h\u00f4tesse la guide vers son si\u00e8ge pr\u00e8s d\u2019un hublot. Durant le voyage, elle feuillette un vieux guide touristique intitul\u00e9\u00a0: \u00ab\u00a0Les plus beaux paysages de Cochinchine\u00a0\u00bb. Au bout d\u2019un certain temps, elle s\u2019endort. Ses r\u00eaves l\u2019emm\u00e8nent vers la baie de Ha Long. Elle y voit une \u00e9trange barque dans laquelle se trouve des violonistes. Ils sont dirig\u00e9s par une femme qui lui semble famili\u00e8re. <strong><em>Le son se r\u00e9pandait \u00e0 la surface de l\u2019eau et celle-ci se mettait \u00e0 bruisser.<\/em><\/strong> En se r\u00e9veillant, elle a le sentiment que cette femme \u00e9tait Nhi. Apr\u00e8s un long trajet, la jeune brestoise arrive \u00e0 Sa\u00efgon. Avant d\u2019atterrir, elle aper\u00e7oit par le hublot des montagnes, des cascades et la rivi\u00e8re Sa\u00efgon qui prend sa source au Cambodge. En sortant de l\u2019avion, la premi\u00e8re chose qu\u2019elle remarque est la diff\u00e9rence de temp\u00e9rature avec la France. Le Vietnam pr\u00e9sente un climat chaud et humide. Il fait 28 degr\u00e9s le jour de son arriv\u00e9e.<\/p>\n<p>Une fois sortie de l\u2019a\u00e9roport, elle voit de nombreux avions militaires d\u00e9coller et des soldats surveiller les voyageurs. L\u2019inqui\u00e9tude qu\u2019elle ressentait depuis son d\u00e9part se transforme en peur. Malgr\u00e9 cela, elle continue sa route et trouve un h\u00f4tel pour y passer la nuit. L\u2019institutrice part se reposer, car le lendemain elle a planifi\u00e9 de retrouver son ancienne nourrice. Elle n\u2019est pas certaine de pouvoir le faire en raison des combats dans le pays. Pendant son voyage elle esp\u00e8re rencontrer des animaux comme des tigres, des \u00e9l\u00e9phants ou m\u00eame des gibbons qui vivent dans l\u2019\u00e9paisse for\u00eat du Vietnam.<\/p>\n<p>Apr\u00e8s s\u2019\u00eatre repos\u00e9e l\u2019institutrice d\u00e9cide de chercher l\u2019ancienne maison de Nhi. Elle se souvenait du chemin parce qu\u2019elle la raccompagnait parfois avec son p\u00e8re. Quand elle y arrive, elle d\u00e9couvre que c\u2019est la cousine de Nhi qui occupe maintenant la maison. Heureusement la cousine parle fran\u00e7ais. Elle indique \u00e0 M\u00e9lusine que Nhi habite dor\u00e9navant \u00e0 Hu\u00e9 et lui donne son adresse. La jeune Brestoise est donc oblig\u00e9e de prendre le train vers le nord.<\/p>\n<p>Lorsqu\u2019elle arrive \u00e0 destination elle aper\u00e7oit une femme qui ne la reconnait pas. En s\u2019approchant un peu, Nhi voit la cha\u00eene et le pendentif que porte M\u00e9lusine. Elle lui demande d\u2019o\u00f9 provient le bijou. Notre h\u00e9ro\u00efne lui raconte l\u2019histoire de sa nounou qui le lui a offert en cadeau. Nhi reconnait alors M\u00e9lusine. Elle la prend dans ses bras et l\u2019invite chez elle. Nhi lui pr\u00e9pare une bonne soupe tonkinoise, du riz gluant accompagn\u00e9 de nems. Apr\u00e8s avoir longuement discut\u00e9 M\u00e9lusine demande \u00e0 sa nourrice si elle a des informations sur son p\u00e8re. Elles d\u00e9cident de se rendre dans les locaux de l\u2019ancien journal o\u00f9 le p\u00e8re de M\u00e9lusine a travaill\u00e9. Nhi lui fait la promesse de l\u2019aider le lendemain malgr\u00e9 les dangers de la guerre.<\/p>\n<p class=\"has-text-color\"><strong><span style=\"color: #ffcc00;\">Partie 4 : Le d\u00e9nouement du 20\u00a0 au 31 janvier 2025 \u2013 Classe de Mme Rouillard<\/span><br \/>\n<\/strong><\/p>\n<p>Au petit matin M\u00e9lusine se r\u00e9veille, le soleil est \u00e0 peine lev\u00e9. La jeune femme s\u2019habille et descend l\u2019escalier. Elle prend son sac, enfile son \u00e9charpe et son manteau. Nhi prend le sien en soie. M\u00e9lusine a d\u00e9cid\u00e9 de se rendre aux locaux du journal Anh Sang.<\/p>\n<p>Les deux femmes se mettent en route. M\u00e9lusine est \u00e9tonn\u00e9e des maisons aux couleurs chatoyantes, des passants aux visages heureux. Des beaux origamis, des \u00e9ventails, et des fleurs de cerisier et de mono\u00ef sont suspendus aux vitres et aux fen\u00eatres.<\/p>\n<p>\u00ab\u00a0Tu es dans la ville de la paix, lui chuchota Nhi. La guerre nous a \u00e9pargn\u00e9s.\u00a0\u00bb<\/p>\n<p>M\u00e9lusine s\u2019arr\u00eate brusquement, elles sont arriv\u00e9es au journal. La couleur rouge vif du b\u00e2timent leur pique les yeux. M\u00e9lusine, d\u00e9termin\u00e9e, rentre dans le b\u00e2timent et d\u00e9couvre un vieil homme. M\u00e9lusine lui explique qu\u2019elle est la fille de Jean-Pierre Garnier, un ancien journaliste de <em>Anh Sang<\/em>. \u00c0 l\u2019\u00e9vocation de ce nom, Monsieur Hang Dao les invite \u00e0 entrer.<\/p>\n<p>Hang Dao r\u00e9v\u00e8le que Jean-Pierre n\u2019a pas seulement \u00e9t\u00e9 journaliste : il a secr\u00e8tement collabor\u00e9 avec des r\u00e9sistants vietnamiens pendant la guerre d\u2019ind\u00e9pendance contre les Fran\u00e7ais. <em>Anh Sang<\/em> \u00e9tait un journal utilis\u00e9 pour transmettre des messages cod\u00e9s aux combattants, secr\u00e8tement. Lorsque les autorit\u00e9s coloniales ont d\u00e9couvert son implication, le p\u00e8re de M\u00e9lusine a \u00e9t\u00e9 contraint de quitter pr\u00e9cipitamment le Vietnam, officiellement pour une \u00ab\u00a0faute professionnelle\u00a0\u00bb.<\/p>\n<p>Hang Dao sort d\u2019un tiroir des lettres \u00e9crites par Jean-Pierre. Une des lettres \u00e9tait adress\u00e9e \u00e0 Nhi\u00a0:<\/p>\n<p><em>Ma ch\u00e8re Nhi, <\/em><\/p>\n<p><em>Apr\u00e8s vous avoir rencontr\u00e9e, je vous propose de devenir la nourrice de ma petite fille bien aim\u00e9e M\u00e9lusine, non seulement pour l\u2019\u00e9lever mais aussi assurer la s\u00e9curit\u00e9 de notre famille. <\/em><\/p>\n<p><em>J\u2019esp\u00e8re qu\u2019un lien d\u2019amour entre vous et ma fille se cr\u00e9era et durera le plus longtemps possible. <\/em><\/p>\n<p><em>Jean-Pierre Garnier<\/em><\/p>\n<p>M\u00e9lusine est tr\u00e8s triste car son p\u00e8re ne lui avait rien dit. Elle est en col\u00e8re car la France a brusquement renvoy\u00e9 toute la famille du Vietnam. Mais au fond d\u2019elle, la jeune femme est boulevers\u00e9e. Elle comprend enfin pourquoi son p\u00e8re avait gard\u00e9 ces journaux et pourquoi le Vietnam avait \u00e9t\u00e9 si brusquement effac\u00e9 de leur vie. M\u00e9lusine pense que son p\u00e8re est un vrai h\u00e9ros car il a d\u00e9fendu la libert\u00e9 des Vietnamiens. Elle est tr\u00e8s fi\u00e8re de lui et elle se rend compte qu\u2019il a conserv\u00e9 ces journaux car il regrettait de ne pas avoir assez aid\u00e9 les Vietnamiens.<\/p>\n<p class=\"has-text-color\"><span style=\"color: #ffcc00;\"><strong>Partie 5 : La situation finale du 3 au 28 f\u00e9vrier 2025 \u2013 Classe de Mme Langlais<\/strong><\/span><\/p>\n\n\n<p>M\u00e9lusine ne sait pas quoi faire. Elle a envie d\u2019en savoir plus sur le pass\u00e9 de son p\u00e8re et pense \u00e0 toutes les archives qu\u2019elle a encore \u00e0 trier. Peut-\u00eatre apprendra &#8211; t-elle d\u2019autres choses&nbsp;?<\/p>\n\n\n\n<p>Elle a aussi tr\u00e8s envie de rester au Vietnam, car les souvenirs d\u2019enfance qui ont resurgi dans sa t\u00eate et dans son c\u0153ur la ram\u00e8nent ici. En discutant avec Nhi, la veille, celle \u2013 ci avait \u00e9voqu\u00e9 les endroits que la fillette aimait. Elle lui a propos\u00e9 de lui faire red\u00e9couvrir ces lieux qu\u2019elle affectionnait tant.<\/p>\n\n\n\n<p>M\u00e9lusine rentre en France et d\u00e9cide qu\u2019elle reviendra s\u2019installer au Vietnam lorsque ses affaires seront r\u00e9gl\u00e9es. Comme elle n\u2019a plus de parents (sa m\u00e8re \u00e9tait morte de chagrin quelques semaines apr\u00e8s le d\u00e9c\u00e8s de son mari), rien ne la retient en France. Elle va terminer l\u2019ann\u00e9e scolaire et chercher un poste d\u2019institutrice dans une \u00e9cole o\u00f9 elle pourra enseigner le fran\u00e7ais. Ainsi elle pourra aider Nhi qui vieillit et poursuivre l\u2019\u0153uvre de son p\u00e8re\u2026<\/p>\n","protected":false},"excerpt":{"rendered":"<p>Le son se r\u00e9pandait \u00e0 la surface de l\u2019eau et celle-ci se mettait \u00e0 bruisser. Partie 1 : Situation initiale du 18 au 29 novembre 2024 &#8211; Club ARECS Ce jeudi 31 octobre 1968, M\u00e9lusine, jeune institutrice brestoise de 21 ans, d\u00e9cide de profiter de cette journ\u00e9e sans classe pour trier le contenu des caisses [&hellip;]<\/p>\n","protected":false},"author":11,"featured_media":0,"parent":0,"menu_order":0,"comment_status":"closed","ping_status":"closed","template":"","meta":{"footnotes":""},"class_list":["post-456","page","type-page","status-publish","hentry"],"_links":{"self":[{"href":"https:\/\/ddec72.org\/WordPress-ecole\/wp-json\/wp\/v2\/pages\/456","targetHints":{"allow":["GET"]}}],"collection":[{"href":"https:\/\/ddec72.org\/WordPress-ecole\/wp-json\/wp\/v2\/pages"}],"about":[{"href":"https:\/\/ddec72.org\/WordPress-ecole\/wp-json\/wp\/v2\/types\/page"}],"author":[{"embeddable":true,"href":"https:\/\/ddec72.org\/WordPress-ecole\/wp-json\/wp\/v2\/users\/11"}],"replies":[{"embeddable":true,"href":"https:\/\/ddec72.org\/WordPress-ecole\/wp-json\/wp\/v2\/comments?post=456"}],"version-history":[{"count":157,"href":"https:\/\/ddec72.org\/WordPress-ecole\/wp-json\/wp\/v2\/pages\/456\/revisions"}],"predecessor-version":[{"id":6547,"href":"https:\/\/ddec72.org\/WordPress-ecole\/wp-json\/wp\/v2\/pages\/456\/revisions\/6547"}],"wp:attachment":[{"href":"https:\/\/ddec72.org\/WordPress-ecole\/wp-json\/wp\/v2\/media?parent=456"}],"curies":[{"name":"wp","href":"https:\/\/api.w.org\/{rel}","templated":true}]}}