{"id":454,"date":"2014-09-26T17:02:09","date_gmt":"2014-09-26T15:02:09","guid":{"rendered":"http:\/\/ddec72.org\/WordPress-ecole\/?page_id=454"},"modified":"2025-02-24T11:50:31","modified_gmt":"2025-02-24T10:50:31","slug":"recits-jaune-d","status":"publish","type":"page","link":"https:\/\/ddec72.org\/WordPress-ecole\/recits-jaune-d\/","title":{"rendered":"R\u00e9cit Jaune D : LA GLORIEUSE"},"content":{"rendered":"<p><a href=\"https:\/\/ddec72.org\/WordPress-ecole\/wp-content\/uploads\/2024\/11\/bateau.jpeg\"><img loading=\"lazy\" decoding=\"async\" class=\"wp-image-6201 aligncenter\" src=\"https:\/\/ddec72.org\/WordPress-ecole\/wp-content\/uploads\/2024\/11\/bateau-300x300.jpeg\" alt=\"\" width=\"393\" height=\"393\" srcset=\"https:\/\/ddec72.org\/WordPress-ecole\/wp-content\/uploads\/2024\/11\/bateau-300x300.jpeg 300w, https:\/\/ddec72.org\/WordPress-ecole\/wp-content\/uploads\/2024\/11\/bateau-150x150.jpeg 150w, https:\/\/ddec72.org\/WordPress-ecole\/wp-content\/uploads\/2024\/11\/bateau-768x768.jpeg 768w, https:\/\/ddec72.org\/WordPress-ecole\/wp-content\/uploads\/2024\/11\/bateau-624x624.jpeg 624w, https:\/\/ddec72.org\/WordPress-ecole\/wp-content\/uploads\/2024\/11\/bateau.jpeg 1024w\" sizes=\"auto, (max-width: 393px) 100vw, 393px\" \/><\/a><\/p>\n<blockquote>\n<p style=\"text-align: center;\">Inlassablement, chaque soir, il venait s\u2019assurer que le bateau \u00e9tait bien amarr\u00e9.<\/p>\n<\/blockquote>\n<p class=\"has-text-color\"><span style=\"color: #ffcc00;\"><strong>Partie 1 : Situation initiale du 18 au 29 novembre 2024 &#8211; Classe de Mme Rouillard<\/strong><\/span><\/p>\n<p>Il \u00e9tait une fois, au beau milieu du dix-neuvi\u00e8me si\u00e8cle, une \u00eele lointaine\u00a0habit\u00e9e par des pirates\u00a0: l\u2019\u00eele Fallala. Expos\u00e9e au vent et \u00e0 la pluie, perdue au milieu de l\u2019oc\u00e9an Atlantique, entre la Norv\u00e8ge et les \u00eeles F\u00e9ro\u00e9.<\/p>\n<p>Sous un brouillard fr\u00e9quent, ceux qui avaient la chance de s\u2019y aventurer, d\u00e9couvraient alors des volcans \u00e9lev\u00e9s \u00e0 plusieurs centaines de m\u00e8tres d\u2019altitude et des falaises se dressant au-dessus de l\u2019oc\u00e9an. Une grande for\u00eat se dessinait sur la montagne, s\u2019harmonisait avec des cascades et de grandes \u00e9tendues d\u2019herbes. Sur l\u2019\u00eele, il y avait toutes sortes d\u2019animaux\u00a0: des loups qui chassaient la nuit, des ours qui n\u2019attaquaient jamais le camp, des moutons et des chevaux sauvages qui devaient se contenter des maigres herbages que le sol avait \u00e0 offrir. Les pirates avaient rapport\u00e9 de leurs voyages des ch\u00e8vres, des poules et des cochons qu\u2019ils \u00e9levaient pour se nourrir. De petites rivi\u00e8res souterraines passaient en dessous des volcans et des roches. Elles apportaient l\u2019eau au camp. C\u2019\u00e9tait \u00e0 c\u00f4t\u00e9 de la plage que les pirates s\u2019\u00e9taient \u00e9tablis.<\/p>\n<p>Sur l\u2019\u00eele, le matin, les pirates se levaient t\u00f4t. Dans la matin\u00e9e, ils r\u00e9paraient leur bateau, allaient \u00e0 la plage ou exploraient le reste de l\u2019\u00eele. Avant de manger, ils se lavaient dans la cascade puis d\u00e9gustaient des l\u00e9gumes du potager et de la viande qu\u2019ils faisaient cuire sur le feu. Apr\u00e8s leur sieste, ils s\u2019occupaient de leurs animaux. Le soir, ils dinaient sur la plage pour ensuite se coucher dans leurs tentes.<\/p>\n<p>Quand ils \u00e9taient en mer, ils hissaient les voiles. Les pirates s\u2019entra\u00eenaient \u00e0 se battre, recousaient leurs habits, taillaient des morceaux de bois. Les rats, les maladies et la faim les mettaient vite en danger : la vie en mer \u00e9tait tr\u00e8s difficile.<\/p>\n<p>Sur les trois grands m\u00e2ts de La Glorieuse, c\u2019\u00e9tait ainsi qu\u2019ils surnommaient leur bateau, on pouvait voir \u00e0 cinq kilom\u00e8tres \u00e0 la ronde. Sur cet imposant navire, le capitaine travaillait parfois dans sa cabine. Le capitaine \u00e9tait un homme grand et fort, aussi myst\u00e9rieux que son \u00eele, m\u00eame son pr\u00e9nom \u00e9tait inconnu de tous. Son bateau \u00e9tait comme un membre de sa famille, il ne dormait jamais sur le camp avec les autres. Il pr\u00e9f\u00e9rait prot\u00e9ger La Glorieuse. Les autres membres de l\u2019\u00e9quipage \u00e9taient assez diff\u00e9rents, mais lui faisaient confiance. Il savait les commander pour entretenir, nettoyer, r\u00e9parer, et recoudre les voiles du bateau quand celui-ci \u00e9tait amarr\u00e9. Il savait les diriger pour conqu\u00e9rir les autres bateaux quand ils prenaient la mer.<\/p>\n<p>Parmi les membres de l\u2019\u00e9quipage, certains se distinguaient plus que les autres.<\/p>\n<p>Le plus jeune, Eilif, \u00e0 seulement 15 ans, \u00e9tait remarquable par son agilit\u00e9, il montait sur la vigie en quelques secondes. Il \u00e9tait vif et assez joyeux. Il aimait faire rire les autres. Il \u00e9tait la fiert\u00e9 de son p\u00e8re, Sigvard, le capitaine dont il \u00e9tait le seul \u00e0 conna\u00eetre son pr\u00e9nom. Malgr\u00e9 leur diff\u00e9rence de caract\u00e8re, ils s\u2019aimaient au fond d\u2019eux.<\/p>\n<p>Le plus vieux, Annar, s\u2019occupait des armes mais s\u2019endormait tout le temps dessus, les actionnant parfois par erreur, ce mauvais r\u00e9flexe lui avait co\u00fbt\u00e9 son pied droit. \u00a0La nuit, il ronflait si fort que sa tente \u00e9tait install\u00e9e avec les moutons. Sa m\u00e9moire et son audition \u00e9taient d\u00e9faillantes.<\/p>\n<p>Le plus malin, Idar, avait toujours un coup d\u2019avance. Il savait pr\u00e9parer des plans d\u2019attaque, lire des cartes et les traduire. Il \u00e9tait le seul \u00e0 savoir nager sous l\u2019eau et avait invent\u00e9 un syst\u00e8me pour se cacher et percer la coque des bateaux ennemis.<\/p>\n<p class=\"has-text-color\"><strong><span style=\"color: #ffcc00;\">Partie 2 : \u00c9l\u00e9ment d\u00e9clencheur du 2 au 13 d\u00e9cembre 2024 \u2013 Classe de Mr Beaumesnil<\/span><br \/><\/strong><\/p>\n<p>Un jour, alors que les pirates naviguaient tranquillement, une \u00e9paisse brume apparut. Le bateau s\u2019agita brutalement. Les marins s\u2019affol\u00e8rent. Les vagues devenaient de plus en plus grosses et tous les matelots se retrouv\u00e8rent les quatre fers en l\u2019air ! Apr\u00e8s avoir travers\u00e9 cette temp\u00eate, Eilif perch\u00e9 dans la vigie distingua une \u00eele myst\u00e9rieuse. Elle \u00e9tait recouverte d\u2019une for\u00eat dense. On pouvait \u00e9galement remarquer l\u2019entr\u00e9e d\u2019une grotte. Les pirates tent\u00e9s par cette aventure d\u00e9cid\u00e8rent de l\u2019explorer afin d\u2019y trouver un tr\u00e9sor. En entrant dans la cavit\u00e9, ils aper\u00e7urent une petite fiole d\u00e9pos\u00e9e au creux d\u2019une main sculpt\u00e9e dans la roche. Elle \u00e9tait \u00e9clair\u00e9e par un puit de lumi\u00e8re perc\u00e9 dans la voute. Le petit tube contenait une substance verte qui semblait \u00e9mettre une \u00e9trange lueur. Sigvard pris le flacon. Imm\u00e9diatement, une trappe s\u2019ouvrit et d\u2019\u00e9normes crabes se mirent \u00e0 poursuivre l\u2019\u00e9quipage. Les marins se pr\u00e9cipit\u00e8rent vers La Glorieuse et lev\u00e8rent l\u2019ancre rapidement. Au terme de cette course folle, Sigvard montra l\u2019\u00e9trange objet \u00e0 Annar le plus maladroit d\u2019entre eux. Celui-ci le prit d\u2019un geste brusque et le fit tomber sur le pont. Le liquide s\u2019y r\u00e9pandit. Soudain le navire s\u2019\u00e9leva doucement dans les airs\u2026<\/p>\n<p class=\"has-text-color\"><strong><span style=\"color: #ffcc00;\">Partie 3 : S\u00e9rie d\u2019actions du 6 au 17 janvier 2025 \u2013 Classe de Mme Langlais<\/span><br \/><\/strong><\/p>\n<p>\n\n\n<\/p>\n<p>Il prit rapidement de l&rsquo;altitude.<\/p>\n<p>\n\n\n\n<\/p>\n<p>Cette ascension suscita des r\u00e9actions diff\u00e9rentes chez les pirates qui furent tr\u00e8s surpris\u00a0: certains prirent peur, d&rsquo;autres montr\u00e8rent un \u00e9tat de panique, quelques &#8211; uns\u00a0 eurent le vertige&#8230;.<\/p>\n<p>\n\n\n\n<\/p>\n<p>L&rsquo;\u00e9l\u00e9vation avait arrach\u00e9 l&rsquo;ancre de son amarrage et soulev\u00e9 un nuage de terre du fond de l\u2019eau.<\/p>\n<p>\n\n\n\n<\/p>\n<p>Pour tenter de r\u00e9parer sa b\u00eatise, Annar essaya de ramasser la substance et de l&rsquo;introduire dans une bouteille vide. Il vissa ensuite un bouchon sur le goulot. Ne sachant quoi en faire, et sans m\u00eame consulter les autres pirates, il s&rsquo;en d\u00e9barrassa en la jetant par-dessus bord. Aussit\u00f4t, la Glorieuse redescendit peu \u00e0 peu et arriva jusqu&rsquo;au p\u00f4le Nord. Le navire se coucha sur la banquise. La glace commen\u00e7a \u00e0 se fissurer.<\/p>\n<p>\n\n\n\n<\/p>\n<p>Juste avant d\u2019atterrir ils aper\u00e7urent au loin des ours polaires. Tous les pirates descendirent du navire \u00e0 la h\u00e2te et essay\u00e8rent de pousser le bateau vers la mer mais ils n\u2019avaient pas assez de force pour le d\u00e9placer. Attir\u00e9s par cet \u00e9trange objet, les ours approchaient et Idar vit que l\u2019un d\u2019eux avait une bouteille dans la gueule. Il la reconnut\u00a0: c\u2019\u00e9tait celle qui contenait la substance\u00a0! Il se demanda comment elle \u00e9tait arriv\u00e9e l\u00e0. Face au danger, il cria \u00e0 Annar de prendre sa carabine mais il ne l\u2019entendit pas. Heureusement Eilif, r\u00e9agit vite en entendant Idar et en quelques instants il r\u00e9cup\u00e9ra l\u2019arme sur le bateau. Il la tendit au vieil homme. Celui-ci prit l\u2019arme et tira en l\u2019air pour effrayer les ours. Cela fonctionna et les ours prirent la fuite en laissant la bouteille. Eilif la ramassa et la donna \u00e0 son p\u00e8re.<\/p>\n<p>\n\n\n\n<\/p>\n<p>Pour repartir, ils n\u2019avaient pas d\u2019autre choix que d\u2019essayer de reprendre les airs. Aussi le capitaine ouvrit la bouteille avec pr\u00e9caution, et versa le liquide sur le pont. A nouveau le bateau s\u2019\u00e9leva doucement. Les marins ne furent pas \u00e9tonn\u00e9s cette fois et ils regard\u00e8rent les paysages qui d\u00e9filaient sous leurs yeux. Apr\u00e8s la banquise ce fut l\u2019oc\u00e9an puis des for\u00eats, des lacs, des champs. Ils se demandaient o\u00f9 ils allaient arriver !<\/p>\n<p>\n\n\n\n<\/p>\n<p>L\u2019effet de la substance s\u2019arr\u00eata et ils se retrouv\u00e8rent au beau milieu d\u2019une for\u00eat canadienne\u00a0!<\/p>\n<p>\n\n\n\n<\/p>\n<p>Des arbres furent bris\u00e9s par cette arriv\u00e9e et cela provoqua un vacarme assourdissant\u00a0!<\/p>\n<p>\n\n\n\n<\/p>\n<p>Une tribu d\u2019Indiens qui vivait non loin de l\u00e0 s\u2019approcha sans se faire rep\u00e9rer. Ils virent que les hommes d\u2019\u00e9quipage avaient besoin d\u2019aide. Le chef les invita dans leur village. Il leur donna \u00e0 manger et ils y pass\u00e8rent la nuit. Comme \u00e0 son habitude, Sigvard lui, dormit sur la Glorieuse.<\/p>\n<p>\n\n\n\n<\/p>\n<p>Le lendemain, ils se demand\u00e8rent comment ils allaient faire pour retourner sur leur \u00eele.<\/p>\n<p>\n\n\n\n<\/p>\n<p>En attendant de trouver la solution, ils d\u00e9cid\u00e8rent d\u2019utiliser le bois pour se construire une maison. Les plus jeunes, dont Eilif se mirent donc \u00e0 scier, assembler, clouter avec les outils qu\u2019ils poss\u00e9daient sur La Glorieuse.\u00a0 Les autres se mirent \u00e0 laver le bateau et \u00e0 d\u00e9barrasser les feuilles et les branches tomb\u00e9es lors de leur arriv\u00e9e dans la for\u00eat. C\u2019est alors que le bateau se redressa et recommen\u00e7a \u00e0 s\u2019\u00e9lever. En effet, lorsqu\u2019 Annar frotta le pont avec sa grosse \u00e9ponge, cela d\u00e9colla un peu de la substance qui s\u2019\u00e9tait impr\u00e9gn\u00e9e. Ils appel\u00e8rent \u00e0 l\u2019aide leurs camarades rest\u00e9s \u00e0 l\u2019ext\u00e9rieur du navire. Eilif, toujours aussi rapide saisit la corde d\u2019amarrage et avec les autres pirates l\u2019ayant rejoint, ils tir\u00e8rent de toutes leur force pour maintenir le bateau au sol. Ils entour\u00e8rent ce cordage autour d\u2019un immense \u00e9rable\u00a0! Ouf\u00a0! le navire se reposa au sol. Il ne pouvait pas partir sans l\u2019\u00e9quipage au complet\u00a0!<\/p>\n<p>\n\n\n\n<\/p>\n<p>Rassur\u00e9s ils reprirent leurs activit\u00e9s. Le chef Indien proposa d\u2019aller chasser pour trouver de la nourriture et quelques- uns l\u2019accompagn\u00e8rent.<\/p>\n<p>\n\n\n\n<\/p>\n<p>Les jours se succ\u00e9daient, les occupations ne manquaient pas. La Glorieuse avait \u00e0 plusieurs reprises tent\u00e9 de s\u2019envoler \u00e0 chaque fois qu\u2019un marin d\u00e9collait un peu de substance mais le capitaine \u00e9tait vigilant.<\/p>\n<p>\n\n\n\n<\/p>\n<p><strong><em>Inlassablement, chaque soir, il venait s\u2019assurer que le bateau \u00e9tait bien amarr\u00e9.<\/em><\/strong><\/p>\n<p>\n\n\n\n<\/p>\n<p>Puis il pouvait remonter \u00e0 bord pour dormir. Leur maison de bois termin\u00e9e, les pirates s\u2019y \u00e9taient confortablement install\u00e9s. Mais ils ne pouvaient pas rester l\u00e0 ind\u00e9finiment. L\u2019 \u00eele Fallala leur manquait, la mer leur manquait. Ils pensaient \u00e0 leurs animaux. Et puis l\u2019envie d\u2019attaquer des bateaux pour trouver de nouveaux tr\u00e9sors \u00e9tait au c\u0153ur de leurs discussions.<\/p>\n<p>\n\n\n\n<\/p>\n<p>Un matin, Idar alla voir le capitaine, il lui parla au creux de l\u2019oreille. Celui- ci \u00e9clata de rire et r\u00e9unit tout l\u2019\u00e9quipage.<\/p>\n<p>\n\n\n<p class=\"has-text-color\"><strong><span style=\"color: #ffcc00;\">Partie 4 : Le d\u00e9nouement du 20\u00a0 au 31 janvier 2025 \u2013 Classe de Mme Chalmin<\/span><br \/><\/strong><\/p>\n<p>En effet, quelques minutes auparavant, Idar avait annonc\u00e9:\u00ab\u00a0Regardez capitaine, Annar s\u2019envole\u00a0avec la Glorieuse\u00a0!<\/p>\n<p>-Sacr\u00e9 Annar pronon\u00e7a le capitaine en rigolant.<\/p>\n<p>Il donna la mission \u00e0 Eilif de r\u00e9unir l\u2019\u00e9quipage pour r\u00e9cup\u00e9rer le bateau \u00e0 quai et embarquer.<\/p>\n<p>Eilif grimpa sur un arbre voisin et sauta \u00e0 l\u2019int\u00e9rieur du bateau. Il jeta une corde au reste de l\u2019\u00e9quipage. Les hommes tir\u00e8rent sur la corde et l\u2019accroch\u00e8rent \u00e0 un sapin.<\/p>\n<p>Les pirates salu\u00e8rent les indiens et les remerci\u00e8rent de les avoir nourris et h\u00e9berg\u00e9s.<\/p>\n<p>La troupe repartit \u00e0 bord de la Glorieuse, sur l\u2019oc\u00e9an Atlantique.<\/p>\n<p>Le voyage fut mouvement\u00e9 entre les vagues et le vent fort. Ils aper\u00e7urent au loin les iles F\u00e9ro\u00e9, et derri\u00e8re, leur \u00eele Fallala\u00a0!<\/p>\n<p>L\u2019\u00e9quipage \u00e9tait tr\u00e8s fatigu\u00e9 mais heureux de retrouver leur terre.<\/p>\n<p>Sigvard avait conserv\u00e9 pr\u00e9cieusement la fiole avec le liquide magique. Il la cacha dans un coffre et le mit dans la grotte redout\u00e9e de tous. Elle \u00e9tait donc en s\u00e9curit\u00e9.<\/p>\n<p class=\"has-text-color\"><span style=\"color: #ffcc00;\"><strong>Partie 5 : La situation finale du 3 au 28 f\u00e9vrier 2025 \u2013 Club ARECS<\/strong><\/span><\/p>\n\n\n<p>Mais, Idar, le malin, avait suivi avec moult pr\u00e9cautions&nbsp;le capitaine. La fiole le fascinait depuis qu\u2019il avait particip\u00e9 \u00e0 sa r\u00e9cup\u00e9ration sur la banquise. Et depuis, il avait plus qu\u2019un seul r\u00eave secret&nbsp;: voler au-dessus de Fallala, de la banquise, des for\u00eats, des lacs, pour d\u00e9couvrir un Nouveau Monde.<\/p>\n\n\n\n<p>La veille au soir, perch\u00e9 dans un arbre, il avait observ\u00e9 les man\u0153uvres de Sigvard et l\u2019avait vu revenir de la grotte sans la fiole avec le liquide magique.<\/p>\n\n\n\n<p>Il savait qu\u2019il \u00e9tait un bon plongeur et d\u00e9cida de p\u00e9n\u00e9trer dans la grotte en apn\u00e9e. Avec pr\u00e9caution, il retira la fiole du coffre, puis nagea vers la Glorieuse o\u00f9 il retrouva Eilif et Annar qui manifestement consommaient leur derni\u00e8re bi\u00e8re dans la joie et les rires. Sans les pr\u00e9venir, Idar, qui \u00e9tait rus\u00e9 mais pas t\u00e9m\u00e9raire, d\u00e9cida de vivre son voyage avec ses compagnons. Il \u00e9tait tr\u00e8s heureux que Sigvard soit absent&nbsp;: ils ne feraient pas le voyage sous son commandement&nbsp;!<\/p>\n\n\n\n<p>Une fois ses compagnons endormis, Idar r\u00e9pandit le liquide magique sur le pont du bateau. Majestueusement, la Glorieuse s\u2019\u00e9leva au-dessus de l\u2019\u00eele, telle Marie Poppin\u2019s avec son parapluie. Rapidement, le bateau per\u00e7a la nu\u00e9e et se retrouva au-dessus des stratocumulus puis sembla prendre la direction de la Lune.<\/p>\n\n\n\n<p>Peu \u00e0 peu, il sentit sa respiration diff\u00e9rente et ne s\u2019expliquait pas ce qui se passait. Ses compagnons se r\u00e9veill\u00e8rent paniqu\u00e9s&nbsp;: &nbsp;leur respiration \u00e9tait haletante et autour d\u2019eux rien de tout ce qu\u2019ils avaient connu. Tout en bas, la Plan\u00e8te bleue flottait au milieu de nulle part. Au-dessus de leur t\u00eate ils reconnurent la Lune. Dans un silence cosmique, la Glorieuse montait \u00e0 vitesse vertigineuse vers ce satellite de la Terre.<\/p>\n\n\n\n<p>C\u2019est \u00e0 partir de ce jour que les soirs de pleine Lune les Terriens qui observent la Lune avec un t\u00e9lescope s\u2019\u00e9tonnent d\u2019y d\u00e9couvrir la silhouette d\u2019une go\u00e9lette. &nbsp;<\/p>\n\n\n\n<p>Bien des ann\u00e9es plus tard, en juillet 1969, marchant sur la Lune, Armstrong, accompagn\u00e9 d\u2019Aldrin et de Conrad, osa proclamer&nbsp;: \u00ab&nbsp;C\u2019est un petit pas pour un homme mais un bond de g\u00e9ant pour l\u2019humanit\u00e9. \u00bb<\/p>\n\n\n\n<p>Mais jamais ils n\u2019avou\u00e8rent qu\u2019ils avaient partag\u00e9 d\u2019excellents hamburgers avec nos trois comparses, Idar, Eilif et Annar \u2026<\/p>\n\n\n\n<p><\/p>\n","protected":false},"excerpt":{"rendered":"<p>Inlassablement, chaque soir, il venait s\u2019assurer que le bateau \u00e9tait bien amarr\u00e9. Partie 1 : Situation initiale du 18 au 29 novembre 2024 &#8211; Classe de Mme Rouillard Il \u00e9tait une fois, au beau milieu du dix-neuvi\u00e8me si\u00e8cle, une \u00eele lointaine\u00a0habit\u00e9e par des pirates\u00a0: l\u2019\u00eele Fallala. Expos\u00e9e au vent et \u00e0 la pluie, perdue au [&hellip;]<\/p>\n","protected":false},"author":11,"featured_media":0,"parent":0,"menu_order":0,"comment_status":"closed","ping_status":"closed","template":"","meta":{"footnotes":""},"class_list":["post-454","page","type-page","status-publish","hentry"],"_links":{"self":[{"href":"https:\/\/ddec72.org\/WordPress-ecole\/wp-json\/wp\/v2\/pages\/454","targetHints":{"allow":["GET"]}}],"collection":[{"href":"https:\/\/ddec72.org\/WordPress-ecole\/wp-json\/wp\/v2\/pages"}],"about":[{"href":"https:\/\/ddec72.org\/WordPress-ecole\/wp-json\/wp\/v2\/types\/page"}],"author":[{"embeddable":true,"href":"https:\/\/ddec72.org\/WordPress-ecole\/wp-json\/wp\/v2\/users\/11"}],"replies":[{"embeddable":true,"href":"https:\/\/ddec72.org\/WordPress-ecole\/wp-json\/wp\/v2\/comments?post=454"}],"version-history":[{"count":147,"href":"https:\/\/ddec72.org\/WordPress-ecole\/wp-json\/wp\/v2\/pages\/454\/revisions"}],"predecessor-version":[{"id":6541,"href":"https:\/\/ddec72.org\/WordPress-ecole\/wp-json\/wp\/v2\/pages\/454\/revisions\/6541"}],"wp:attachment":[{"href":"https:\/\/ddec72.org\/WordPress-ecole\/wp-json\/wp\/v2\/media?parent=454"}],"curies":[{"name":"wp","href":"https:\/\/api.w.org\/{rel}","templated":true}]}}