{"id":405,"date":"2014-09-23T16:27:30","date_gmt":"2014-09-23T14:27:30","guid":{"rendered":"http:\/\/ddec72.org\/WordPress-ecole\/?page_id=405"},"modified":"2024-09-09T14:23:08","modified_gmt":"2024-09-09T12:23:08","slug":"recits-rose-e","status":"publish","type":"page","link":"https:\/\/ddec72.org\/WordPress-ecole\/recits-rose-e\/","title":{"rendered":"R\u00e9cit Rose E"},"content":{"rendered":"<p class=\"has-text-color\"><span style=\"color: #fd6c9e;\"><strong>Partie 1 : Situation initiale du 18 au 29 novembre 2024 &#8211; Classe de<\/strong><\/span><\/p>\n<!-- \/wp:post-content -->\n\n<!-- wp:paragraph {\"style\":{\"color\":{\"text\":\"#ed1f1f\"}}} -->\n<p class=\"has-text-color\"><strong><span style=\"color: #fd6c9e;\">Partie 2 : \u00c9l\u00e9ment d\u00e9clencheur du 2 au 13 d\u00e9cembre 2024 \u2013 Classe de<\/span>\n<\/strong><\/p>\n<!-- \/wp:paragraph -->\n\n<!-- wp:paragraph {\"style\":{\"color\":{\"text\":\"#ed1f1f\"}}} -->\n<p class=\"has-text-color\"><strong><span style=\"color: #fd6c9e;\">Partie 3 : S\u00e9rie d\u2019actions du 6 au 17 janvier 2025 \u2013 Classe de<\/span>\n<\/strong><\/p>\n<!-- wp:paragraph {\"style\":{\"color\":{\"text\":\"#ed1f1f\"}}} -->\n<p class=\"has-text-color\"><strong><span style=\"color: #fd6c9e;\">Partie 4 : Le d\u00e9nouement du 20\u00a0 au 31 janvier 2025 \u2013 Classe de<\/span>\n<\/strong><\/p>\n<!-- \/wp:paragraph -->\n\n<!-- wp:paragraph {\"style\":{\"color\":{\"text\":\"#ed1f1f\"}}} -->\n<p class=\"has-text-color\"><strong><span style=\"color: #fd6c9e;\">Partie 5 : La situation finale du 3 au 28 f\u00e9vrier 2025 \u2013 Classe de<\/span> <\/strong><\/p>\n&nbsp;<!-- \/wp:paragraph -->","protected":false},"excerpt":{"rendered":"<p>Partie 1 : Situation initiale du 18 au 29 novembre 2024 &#8211; Classe de Partie 2 : \u00c9l\u00e9ment d\u00e9clencheur du 2 au 13 d\u00e9cembre 2024 \u2013 Classe de Partie 3 : S\u00e9rie d\u2019actions du 6 au 17 janvier 2025 \u2013 Classe de Partie 4 : Le d\u00e9nouement du 20\u00a0 au 31 janvier 2025 \u2013 Classe [&hellip;]<\/p>\n","protected":false},"author":12,"featured_media":0,"parent":0,"menu_order":0,"comment_status":"closed","ping_status":"closed","template":"","meta":{"footnotes":""},"class_list":["post-405","page","type-page","status-publish","hentry"],"_links":{"self":[{"href":"https:\/\/ddec72.org\/WordPress-ecole\/wp-json\/wp\/v2\/pages\/405","targetHints":{"allow":["GET"]}}],"collection":[{"href":"https:\/\/ddec72.org\/WordPress-ecole\/wp-json\/wp\/v2\/pages"}],"about":[{"href":"https:\/\/ddec72.org\/WordPress-ecole\/wp-json\/wp\/v2\/types\/page"}],"author":[{"embeddable":true,"href":"https:\/\/ddec72.org\/WordPress-ecole\/wp-json\/wp\/v2\/users\/12"}],"replies":[{"embeddable":true,"href":"https:\/\/ddec72.org\/WordPress-ecole\/wp-json\/wp\/v2\/comments?post=405"}],"version-history":[{"count":132,"href":"https:\/\/ddec72.org\/WordPress-ecole\/wp-json\/wp\/v2\/pages\/405\/revisions"}],"predecessor-version":[{"id":6091,"href":"https:\/\/ddec72.org\/WordPress-ecole\/wp-json\/wp\/v2\/pages\/405\/revisions\/6091"}],"wp:attachment":[{"href":"https:\/\/ddec72.org\/WordPress-ecole\/wp-json\/wp\/v2\/media?parent=405"}],"curies":[{"name":"wp","href":"https:\/\/api.w.org\/{rel}","templated":true}]}}