{"id":3757,"date":"2021-10-12T17:08:02","date_gmt":"2021-10-12T15:08:02","guid":{"rendered":"https:\/\/ddec72.org\/WordPress-ecole\/?page_id=3757"},"modified":"2025-03-02T11:29:31","modified_gmt":"2025-03-02T10:29:31","slug":"recit-bleu-e","status":"publish","type":"page","link":"https:\/\/ddec72.org\/WordPress-ecole\/recit-bleu-e\/","title":{"rendered":"R\u00e9cit Bleu E : 23h23"},"content":{"rendered":"<p><a href=\"https:\/\/ddec72.org\/WordPress-ecole\/wp-content\/uploads\/2024\/11\/manoir.jpeg\"><img loading=\"lazy\" decoding=\"async\" class=\"wp-image-6191 aligncenter\" src=\"https:\/\/ddec72.org\/WordPress-ecole\/wp-content\/uploads\/2024\/11\/manoir-300x300.jpeg\" alt=\"\" width=\"378\" height=\"378\" srcset=\"https:\/\/ddec72.org\/WordPress-ecole\/wp-content\/uploads\/2024\/11\/manoir-300x300.jpeg 300w, https:\/\/ddec72.org\/WordPress-ecole\/wp-content\/uploads\/2024\/11\/manoir-150x150.jpeg 150w, https:\/\/ddec72.org\/WordPress-ecole\/wp-content\/uploads\/2024\/11\/manoir-768x768.jpeg 768w, https:\/\/ddec72.org\/WordPress-ecole\/wp-content\/uploads\/2024\/11\/manoir-624x624.jpeg 624w, https:\/\/ddec72.org\/WordPress-ecole\/wp-content\/uploads\/2024\/11\/manoir.jpeg 1024w\" sizes=\"auto, (max-width: 378px) 100vw, 378px\" \/><\/a><\/p>\n<blockquote>\n<p style=\"text-align: center;\">Subitement, je vis de la lumi\u00e8re jaillir du manoir abandonn\u00e9.<\/p>\n<\/blockquote>\n<p class=\"has-text-color\"><span style=\"color: #0000ff;\"><strong>Partie 1 : Situation initiale du 18 au 29 novembre 2024 &#8211; Classe de Mme Perdrieau<\/strong><\/span><\/p>\n<p>Il \u00e9tait une fois, en 1960, dans un endroit myst\u00e9rieux, une maison.<\/p>\n<p>C\u2019\u00e9tait une haute maison, tr\u00e8s sombre compos\u00e9e de sept \u00e9tages. A chaque \u00e9tage, il y avait des t\u00e2ches rouges assez fra\u00eeches sur le sol. Celui-ci \u00e9tait en bois, sauf au sixi\u00e8me \u00e9tage\u2026 A cet \u00e9tage-l\u00e0, le sol \u00e9tait en moquette, les murs \u00e9taient tapiss\u00e9s de jaune et le faux-plafond de plaques blanches.<\/p>\n<p>Dans cette maison vivait un jeune homme de dix-huit ans sous le nom de Jackson\u00a0Talmo. C\u2019\u00e9tait un gar\u00e7on tr\u00e8s petit, brun aux yeux verts. Jackson portait toujours des v\u00eatements de valeur, il aimait surtout son jean couleur bleu ciel et son pull rouges \u00e0 rayures vertes.<\/p>\n<p>Jackson \u00e9tait passionn\u00e9 de maisons, voil\u00e0 pourquoi il a choisi d\u2019acheter cette demeure abandonn\u00e9e, vendue \u00e0 trois-cent mille pesos\u2026 Il souhaitait la r\u00e9nover pour la transformer en h\u00f4tel pour accueillir les touristes qui voulaient visiter son beau pays : le Mexique.<\/p>\n<p>Comme tout le monde, Jackson avait des qualit\u00e9s et des d\u00e9fauts\u2026 Sa plus grande qualit\u00e9 \u00e9tait de chasser les fant\u00f4mes. Jackson \u00e9tait un jeune homme g\u00e9n\u00e9reux. Aussi, il \u00e9tait tr\u00e8s dou\u00e9 pour cuisiner les tacos, une sp\u00e9cialit\u00e9 mexicaine. Jackson Talmo \u00e9tait \u00e9galement tr\u00e8s connu pour \u00eatre sp\u00e9cialiste des d\u00e9corations d\u2019Halloween !<\/p>\n<p>Cependant, Jackson d\u00e9testait l\u2019ext\u00e9rieur, les choux de Bruxelles et \u00e9tait tr\u00e8s d\u00e9pensier.<\/p>\n<p class=\"has-text-color\"><strong><span style=\"color: #0000ff;\">Partie 2 : \u00c9l\u00e9ment d\u00e9clencheur du 2 au 13 d\u00e9cembre 2024 \u2013 Classe de Mme Houdayer<\/span><\/strong><\/p>\n<p>Mais en cette ann\u00e9e 1960, la f\u00eate d\u2019Halloween ne se passa pas comme d\u2019habitude.<\/p>\n<p align=\"justify\">En ce matin du lundi 3 octobre , Jackson Talmo descendit de son grenier avec un carton dans les bras sur lequel \u00e9tait \u00e9crit <i>\u00ab\u00a0attention danger\u00a0\u00bb. <\/i>Le carton d\u00e9bordait de d\u00e9corations d\u2019Halloween collectionn\u00e9es depuis des ann\u00e9es.<\/p>\n<p align=\"justify\">Jackson posa le carton par terre et commen\u00e7a \u00e0 d\u00e9corer sa maison. Il en disposa un peu partout : des guirlandes de citrouilles, des fausses araign\u00e9es et leur toile et deux grosses citrouilles de son jardin \u00e0 l\u2019entr\u00e9e de sa maison. En fin d\u2019apr\u00e8s-midi, il admira son travail achev\u00e9.<\/p>\n<p align=\"justify\"><span style=\"color: #000000;\">Apr\u00e8s cette journ\u00e9e charg\u00e9e, <\/span><span style=\"color: #000000;\">Jackson alla<\/span><span style=\"color: #000000;\">\u00a0se couch<\/span><span style=\"color: #000000;\">er<\/span><span style=\"color: #000000;\"> dans son lit douillet. <\/span><span style=\"color: #000000;\">Dans la nuit i<\/span><span style=\"color: #000000;\">l entendit la porte du salon claquer. Il se dit que <\/span><span style=\"color: #000000;\">c\u2019\u00e9tait<\/span> <span style=\"color: #000000;\">un<\/span><span style=\"color: #000000;\"> courant d\u2019air, <\/span><span style=\"color: #000000;\">il<\/span><span style=\"color: #000000;\"> se rendormit tranquill<\/span><span style=\"color: #000000;\">e<\/span><span style=\"color: #000000;\">ment. <\/span><span style=\"color: #000000;\">Le matin en se levant, il d\u00e9couvrit des fissures sur les murs, il se dit que ce n\u2019\u00e9tait pas normal. <\/span><\/p>\n<p align=\"justify\"><span style=\"color: #000000;\">Puis<\/span><span style=\"color: #000000;\"> la nuit suivante, il entendit cette fois-ci la porte d\u2019entr\u00e9e grincer, il se leva et descendit avec sa batte de baseball pour se prot\u00e9ger. Il vit une ombre bizarre mais elle \u00e9tait trop rapide pour qu\u2019il l\u2019attrape.<\/span><\/p>\n<p align=\"justify\"><span style=\"color: #000000;\">Au r\u00e9veil le lendemain, toutes ses d\u00e9corations \u00e9taient tomb\u00e9es au sol .<\/span><\/p>\n<p class=\"has-text-color\"><strong><span style=\"color: #0000ff;\">Partie 3 : S\u00e9rie d\u2019actions du 6 au 17 janvier 2025 \u2013 Classe de Mme Le Bray<\/span><br \/><\/strong><\/p>\n<p>Jackson est stup\u00e9fait. Tout son travail de d\u00e9coration est an\u00e9anti. Les nuits d&rsquo;avant, il semblerait qu&rsquo;il n&rsquo;ait pas r\u00eav\u00e9 des bruits qu&rsquo;il percevait. Il d\u00e9cida alors de fouiller toute la maison mais en voulant allumer la lumi\u00e8re, rien ne se passa. Il n&rsquo;y avait plus d&rsquo;\u00e9lectricit\u00e9 dans le manoir. Il se munit donc d&rsquo;une bougie et d\u00e9cida de parcourir toutes les pi\u00e8ces. Il monta dans les \u00e9tages, redescendit mais ne trouva rien qui puisse expliquer ces d\u00e9g\u00e2ts. Pas de fen\u00eatres bris\u00e9es, pas de portes cass\u00e9es, rien ne pouvait expliquer cela. Personne n&rsquo;avait pu s&rsquo;introduire dans la manoir sans laisser de trace.<\/p>\n<p>C&rsquo;est alors qu&rsquo;il se d\u00e9cida \u00e0 aller \u00e0 la mairie pour s&rsquo;informer de la coupure d&rsquo;\u00e9lectricit\u00e9 et de la situation dans la ville. Il sortit donc du manoir. En parcourant les rues, le silence lui parut bizarre et angoissant \u00e0 la fois. Aucune pr\u00e9sence humaine. Il continua son trajet mais en arrivant \u00e0 la mairie, l\u00e0 non plus, il n &lsquo; y avait personne.\u00a0<\/p>\n<p>Il d\u00e9cida alors de parcourir la ville \u00e0 la recherche d&rsquo;autres habitants. Mais l\u00e0 encore, personne dans les magasins, ni dans les rues. Il \u00e9tait d\u00e9sesp\u00e9r\u00e9ment seul. Mais que s&rsquo;\u00e9tait-il donc pass\u00e9 ? Il se parla tout seul pour essayer d &lsquo;att\u00e9nuer sa peur qui grandissait de plus en plus.<\/p>\n<p>En arrivant au manoir, il se dit alors stup\u00e9fait que la porte \u00e9tait ferm\u00e9e alors qu&rsquo;il l&rsquo;avait laiss\u00e9e ouverte en partant tout \u00e0 l&rsquo;heure dans la pr\u00e9cipitation : \u00ab\u00a0<strong>Subitement, je vis de la lumi\u00e8re jaillir du manoir<\/strong>\u00ab\u00a0. D\u00e9cid\u00e9ment se parler seul l&rsquo;apaisait. Mais quand il s&rsquo;aper\u00e7ut de ce qu&rsquo;il venait de voir, la r\u00e9alit\u00e9 lui sauta au visage.<\/p>\n<p>Apr\u00e8s maintes tentatives pour ouvrir la porte, celle-ci c\u00e9da d&rsquo;un seul coup comme par magie.\u00a0 L\u00e0 dans l&rsquo;entr\u00e9e de son manoir, il vit une ombre, la m\u00eame qu&rsquo;il avait vue l&rsquo;instant d&rsquo;avant quand la lumi\u00e8re avait jailli. Qu&rsquo;est ce que cela \u00e9tait : une ombre humaine ? Une ombre animale ? Jackson \u00e9tait perplexe, stup\u00e9fait et un sentiment \u00e9trange l&rsquo;oppressait.<\/p>\n<p>&nbsp;<\/p>\n<p>&nbsp;<\/p>\n<p>&nbsp;<\/p>\n<p class=\"has-text-color\"><strong><span style=\"color: #0000ff;\">Partie 4 : Le d\u00e9nouement du 20\u00a0 au 31 janvier 2025 \u2013 Classe de Mme Granry<\/span><br \/><\/strong><\/p>\n<p>Dans le sombre couloir qui conduisait aux escaliers \u00e9troits, Jackson vit des petites plumes blanches. Elles le conduisirent jusqu\u2019au grenier. La porte vermoulue s\u2019ouvrit en grin\u00e7ant \u00ab gniiiiiiiiik \u00bb. Jackson s\u2019avan\u00e7a et vit une simple chouette hululant. Elle \u00e9tait blanche comme un linge. Sur le rebord de la lucarne, Jackson vit un petit papier sur lequel \u00e9tait \u00e9crit : \u00ab rendez-vous dans le placard \u00e0 balais ! \u00bb <br \/>Jackson rebroussa donc chemin et aper\u00e7ut \u00e0 nouveau l\u2019ombre noire qui l\u2019emmena jusqu\u2019\u00e0 la cuisine. Il jeta de la farine sur le soi-disant fant\u00f4me mais celui-ci eut le temps de s\u2019\u00e9chapper. Il aper\u00e7ut juste des lunettes bleues\u2026 D\u00e9\u00e7u, Jackson ouvrit le placard \u00e0 balais pour pouvoir nettoyer le sol. L\u00e0, il aper\u00e7ut un nouveau mot l\u2019invitant \u00e0 rejoindre le salon. Bien que t\u00e9tanis\u00e9 par la peur, il s\u2019y rendit. <br \/>Soudain, des citrouilles effrayantes s\u2019allum\u00e8rent dans la p\u00e9nombre et la lumi\u00e8re jaillit. Dans son dos, Jackson entendit un grand \u00ab SURPRIIIIISE ! \u00bb. Il sursauta, se retourna et vit tous les habitants du village fiers de leur blague. Il dit au maire : <br \/>\u00ab Mais pourquoi avez-vous fait cela ?<br \/>&#8211; Quand on passe devant chez toi, on a peur. On a donc voulu te faire une farce pour la f\u00eate d\u2019Halloween pour qu\u2019\u00e0 ton tour tu aies peur ! dit le maire.<br \/>&#8211; Et l\u2019ombre ? \u00bb <br \/>\u00c0 cet instant, l\u2019ombre retira son voile et Fernando, son meilleur ami aux lunettes bleues, apparut, la chouette blanche sur son \u00e9paule. Jackson le serra chaleureusement dans ses bras.<\/p>\n<p class=\"has-text-color\"><span style=\"color: #0000ff;\"><strong>Partie 5 : La situation finale du 3 au 28 f\u00e9vrier 2025 \u2013 Classe de Mme Chaplin (Biguet)<\/strong><\/span><\/p>\n<p>Jackson \u00e9tait \u00e0 la fois surpris et soulag\u00e9 de comprendre qu&rsquo;il ne s&rsquo;agissait que de son ami et que toute cette histoire avait une explication rationnelle.<\/p>\n<p>-\u00ab\u00a0Comment as-tu fais pour apprivoiser une chouette Fernando? questionna-t-il.<\/p>\n<p>Pour toute r\u00e9ponse, son amis approcha la chouette de la lumi\u00e8re et Jackson constata que ce n&rsquo;\u00e9tait qu&rsquo;une chouette en peluche. Fernando lui montra la tige retractable qui s&rsquo;\u00e9chappait du dos du jouet.<\/p>\n<p>&#8211;\u00a0\u00bb C&rsquo;est un simple jouet que j&rsquo;ai un peu am\u00e9liorer pour \u00eatre capable de la faire se poser sur le rebord de ta fen\u00eatre ou l&rsquo;accrocher \u00e0 mon \u00e9paule. Quand au hululement&#8230;\u00a0\u00bb<\/p>\n<p>Il se mit alors \u00e0 imiter \u00e0 la perfection le chant de l&rsquo;animal.<\/p>\n<p>Jackson parut \u00e9merveill\u00e9 de l&rsquo;ing\u00e9niosit\u00e9 de son ami.<\/p>\n<p>Les villageois \u00e9taient fiers d&rsquo;avoir jou\u00e9 ce tour \u00e0 Jackson. Ce dernier compris qu&rsquo;il leur avait fait peur et qu&rsquo;il devait faire les choses diff\u00e9remment la prochaine fois. Il fit signe \u00e0 tous de s&rsquo;approcher et dit :<\/p>\n<p>\u00a0\u00bb Je d\u00e9clare la premi\u00e8re f\u00eate d&rsquo;Halloween de notre village ouverte ! D\u00e9sormais, chaque ann\u00e9e, vous serez tous invit\u00e9s, \u00e0 23h23 le 31 novembre \u00e0 venir faire la f\u00eate chez moi!\u00a0\u00bb<\/p>\n<p>Tous s&rsquo;exclam\u00e8rent de joie. Des musiciens avaient eu la bonne id\u00e9e de ramener leurs instruments et ils se mirent \u00e0 jouer et \u00e0 danser devant le manoir.\u00a0<\/p>\n<p>Le manoir n&rsquo;\u00e9tait pas encore un h\u00f4tel, mais pour la premi\u00e8re fois, il accueillait enfin des visiteurs. Jackson \u00e9tait heureux et soulag\u00e9e.<\/p>\n\n\n<p><\/p>\n\n\n\n<p><\/p>\n\n\n\n<p><\/p>\n","protected":false},"excerpt":{"rendered":"<p>Subitement, je vis de la lumi\u00e8re jaillir du manoir abandonn\u00e9. Partie 1 : Situation initiale du 18 au 29 novembre 2024 &#8211; Classe de Mme Perdrieau Il \u00e9tait une fois, en 1960, dans un endroit myst\u00e9rieux, une maison. C\u2019\u00e9tait une haute maison, tr\u00e8s sombre compos\u00e9e de sept \u00e9tages. A chaque \u00e9tage, il y avait des [&hellip;]<\/p>\n","protected":false},"author":8,"featured_media":0,"parent":0,"menu_order":0,"comment_status":"closed","ping_status":"closed","template":"","meta":{"footnotes":""},"class_list":["post-3757","page","type-page","status-publish","hentry"],"_links":{"self":[{"href":"https:\/\/ddec72.org\/WordPress-ecole\/wp-json\/wp\/v2\/pages\/3757","targetHints":{"allow":["GET"]}}],"collection":[{"href":"https:\/\/ddec72.org\/WordPress-ecole\/wp-json\/wp\/v2\/pages"}],"about":[{"href":"https:\/\/ddec72.org\/WordPress-ecole\/wp-json\/wp\/v2\/types\/page"}],"author":[{"embeddable":true,"href":"https:\/\/ddec72.org\/WordPress-ecole\/wp-json\/wp\/v2\/users\/8"}],"replies":[{"embeddable":true,"href":"https:\/\/ddec72.org\/WordPress-ecole\/wp-json\/wp\/v2\/comments?post=3757"}],"version-history":[{"count":46,"href":"https:\/\/ddec72.org\/WordPress-ecole\/wp-json\/wp\/v2\/pages\/3757\/revisions"}],"predecessor-version":[{"id":6572,"href":"https:\/\/ddec72.org\/WordPress-ecole\/wp-json\/wp\/v2\/pages\/3757\/revisions\/6572"}],"wp:attachment":[{"href":"https:\/\/ddec72.org\/WordPress-ecole\/wp-json\/wp\/v2\/media?parent=3757"}],"curies":[{"name":"wp","href":"https:\/\/api.w.org\/{rel}","templated":true}]}}