{"id":3753,"date":"2021-10-12T17:07:29","date_gmt":"2021-10-12T15:07:29","guid":{"rendered":"https:\/\/ddec72.org\/WordPress-ecole\/?page_id=3753"},"modified":"2025-02-25T21:10:13","modified_gmt":"2025-02-25T20:10:13","slug":"recit-bleu-c","status":"publish","type":"page","link":"https:\/\/ddec72.org\/WordPress-ecole\/recit-bleu-c\/","title":{"rendered":"R\u00e9cit Bleu C : L&rsquo;AUBE"},"content":{"rendered":"<p><a href=\"https:\/\/ddec72.org\/WordPress-ecole\/wp-content\/uploads\/2024\/11\/homme-pommes.jpeg\"><img loading=\"lazy\" decoding=\"async\" class=\"wp-image-6187 aligncenter\" src=\"https:\/\/ddec72.org\/WordPress-ecole\/wp-content\/uploads\/2024\/11\/homme-pommes-300x300.jpeg\" alt=\"\" width=\"395\" height=\"395\" srcset=\"https:\/\/ddec72.org\/WordPress-ecole\/wp-content\/uploads\/2024\/11\/homme-pommes-300x300.jpeg 300w, https:\/\/ddec72.org\/WordPress-ecole\/wp-content\/uploads\/2024\/11\/homme-pommes-150x150.jpeg 150w, https:\/\/ddec72.org\/WordPress-ecole\/wp-content\/uploads\/2024\/11\/homme-pommes-768x768.jpeg 768w, https:\/\/ddec72.org\/WordPress-ecole\/wp-content\/uploads\/2024\/11\/homme-pommes-624x624.jpeg 624w, https:\/\/ddec72.org\/WordPress-ecole\/wp-content\/uploads\/2024\/11\/homme-pommes.jpeg 1024w\" sizes=\"auto, (max-width: 395px) 100vw, 395px\" \/><\/a><\/p>\n<blockquote>\n<p style=\"text-align: center;\">C\u2019\u00e9tait le m\u00eame rituel chaque matin depuis plus de 78 ans.<\/p>\n<\/blockquote>\n<p class=\"has-text-color\"><span style=\"color: #0000ff;\"><strong>Partie 1 : Situation initiale du 18 au 29 novembre 2024 &#8211; Classe de Mme Houdayer<\/strong><\/span><\/p>\n<p align=\"justify\"><span style=\"color: #000000;\">Nous \u00e9tions en d\u00e9cembre 1923. En ce matin d\u2019hiver blanc, la for\u00eat \u00e9tait plong\u00e9e dans la brume. Quelques oiseaux chantaient, r\u00e9veillant les biches et les sangliers. A deux pas de l\u00e0, des vaches broutaient tranquillement dans un pr\u00e9. Et le coq comme chaque jour se mit \u00e0 chanter. Dans quelques minutes Henri devra sortir de son lit tout chaud, pour aller faire la traite des vaches et nourrir les animaux de la ferme. <\/span><\/p>\n<p align=\"justify\"><span style=\"color: #000000;\">Comme chaque matin en posant le pied par terre Henri ressentit la m\u00eame douleur \u00e0 sa jambe. Il se rappela alors l\u2019horreur de la guerre, le bruit des avions et des armes, l\u2019odeur des tranch\u00e9es boueuses et tous ses copains qui ne \u00e9taient jamais revenus.<\/span><\/p>\n<p align=\"justify\"><span style=\"color: #000000;\">Henri mit ses lunettes, coiffa ses cheveux bruns et enfila sa salopette. Ensuite il descendit les escaliers pour prendre son caf\u00e9 pr\u00e9par\u00e9 par sa femme.<\/span><\/p>\n<p align=\"justify\"><span style=\"color: #000000;\">Elle s\u2019appelait Madeleine. C\u2019est elle qui s\u2019\u00e9tait occup\u00e9e de la ferme pendant la guerre. Cette p\u00e9riode \u00e9tait difficile et elle \u00e9tait tr\u00e8s fatigu\u00e9e. En plus elle devait s\u2019occuper de leur fille Marguerite.<\/span><\/p>\n<p align=\"justify\"><span style=\"color: #000000;\">Son caf\u00e9 termin\u00e9, Henri alla traire ses vaches et les nourrir. Puis il prit sa brouette et sa faucheuse et partit dans les champs.<\/span><\/p>\n<p class=\"has-text-color\"><strong><span style=\"color: #0000ff;\">Partie 2 : \u00c9l\u00e9ment d\u00e9clencheur du 2 au 13 d\u00e9cembre 2024 \u2013 Classe de Mme Chaplin (Biguet)<\/span><br \/>\n<\/strong><\/p>\n<p>Sur la route, Henry pr\u00e9voyait de r\u00e9colter le bl\u00e9 comme d\u2019habitude mais il vit soudain des pommes tomber du ciel. Il voyait des centaines de pommes rouge vif, elles d\u00e9gringolaient les unes apr\u00e8s les autres, remplissant sa brouette et rebondissant sur le sol. Elles chutaient d\u2019un ciel pourtant d\u00e9gag\u00e9.<\/p>\n<p>Parmi ces pommes, il y avait une seule pomme dor\u00e9e comme de l\u2019or. Elle \u00e9tait si belle, qu\u2019Henry eu une grande envie de la manger. Il croqua dans la pomme d\u2019or et y trouva une carte. Sur la carte, il y avait des indications qui le men\u00e8rent \u00e0 l\u2019endroit o\u00f9 il avait plant\u00e9 son unique graine des ann\u00e9es plus t\u00f4t.<\/p>\n<p>En effet, quand il \u00e9tait jeune, un beau jour ensoleill\u00e9, Henry se promenait en ville lorsqu\u2019il trouva un magasin rempli de plantes et de graines. Henry appr\u00e9ciait beaucoup la nature et se dit qu\u2019un arbre fruitier pourrait lui donner \u00e0 manger. Il acheta donc une graine car il n\u2019avait pas assez d\u2019argent pour en obtenir plus. En rentrant chez lui, il alla la planter. Mais rien ne se produisit. L\u2019arbre ne poussa pas.<\/p>\n<p>Il fut donc surpris, le jour de cette pluie de pommes de d\u00e9couvrir un arbre grand et majestueux \u00e0 l\u2019endroit o\u00f9 il avait sem\u00e9 la graine. Sur son tronc, il y avait une porte.<\/p>\n<p>Il voulu r\u00e9colter ces pommes parce qu\u2019il entendait une voix qui l\u2019obligeait \u00e0 faire une tarte aux pommes. En commen\u00e7ant sa r\u00e9colte, une pomme l\u2019assomma et il se r\u00e9veilla. Tout cela n&rsquo;\u00e9tait qu&rsquo;un cauchemar. Il avait eu une hallucination. Il \u00e9tait au beau milieu du champ, la nuit \u00e9t\u00e9 tomb\u00e9e et sa femme affol\u00e9e, \u00e9tait venue le secouer pour le r\u00e9veiller. Il fut surpris de constater qu\u2019il n\u2019y avait aucune pomme autour de lui, la brouette \u00e9tait vide, il n&rsquo;\u00e9tait pas au pied de l&rsquo;arbre sem\u00e9 des ann\u00e9es pass\u00e9es. Il \u00e9tait tr\u00e8s perturb\u00e9 et pris la fuite.<\/p>\n<p>Il d\u00e9cida d\u2019aller voir de ses propres yeux si sa graine avait bien pouss\u00e9 et se lan\u00e7a \u00e0 la recherche de cet arbre avec une porte sur son tronc.<b>\u00a0<\/b><\/p>\n<p class=\"has-text-color\"><strong><span style=\"color: #0000ff;\">Partie 3 : S\u00e9rie d\u2019actions du 6 au 17 janvier 2025 \u2013 Classe de Mme Perdrieau<\/span><br \/>\n<\/strong><\/p>\n<p>Voil\u00e0 d\u00e9j\u00e0 quatre jours qu\u2019Henri marchait, sans jamais rencontrer personne. Deux jours plus t\u00f4t, il avait perdu sa carte, envol\u00e9e par le vent\u2026<\/p>\n<p>Sur le chemin de sa qu\u00eate, Henri s\u2019\u00e9tait perdu en plein c\u0153ur d\u2019une for\u00eat. Soudain, il aper\u00e7ut au loin un homme, qui semblait \u00eatre un paysan. Henri \u00e9tait soulag\u00e9 de pouvoir enfin rencontrer quelqu\u2019un. Il d\u00e9cida d\u2019aller le voir pour lui demander son chemin.<\/p>\n<p>\u00ab Bonjour Monsieur. Avez-vous d\u00e9j\u00e0 vu un pommier avec une porte sur le tronc ?<\/p>\n<p>&#8211; Fichez-moi le camp ! \u00bb r\u00e9pondit l\u2019homme, tr\u00e8s en col\u00e8re qu\u2019Henri soit sur ses terres.<\/p>\n<p>Henri continua son chemin, attrist\u00e9 par ce qu\u2019il venait de vivre. Il se sentait observ\u00e9. Qui pouvait le regarder ainsi\u00a0? Il observa tout autour de lui mais ne remarqua rien.<\/p>\n<p>Henri poursuivit sa marche toute la journ\u00e9e. A la tomb\u00e9e de la nuit, il aper\u00e7ut un feu de camp avec plusieurs tentes, appartenant certainement \u00e0 des voyageurs. Il d\u00e9cida de s\u2019y rendre.<\/p>\n<p>A son arriv\u00e9e, il entendit des pas derri\u00e8re lui. Il prit peur et se retourna. Henri vit un voyageur. Ce dernier reconnut Henri, qu\u2019il avait observ\u00e9, il lui dit \u00ab\u00a0C\u2019est toi que j\u2019ai vu marcher seul dans la for\u00eat\u2026\u00a0Que faisais-tu seul\u00a0ici ?<\/p>\n<p>&#8211; Bonjour, je m\u2019appelle Henri et je suis \u00e0 la recherche d\u2019un arbre avec une porte sur le tronc\u2026 r\u00e9pondit Henri, avec m\u00e9fiance (\u00e0 cause de son exp\u00e9rience avec le paysan). Un arbre magique\u2026<\/p>\n<p>&#8211; Oh\u2026 nous avons vu un arbre sp\u00e9cial avec mes compagnons, r\u00e9ench\u00e9rit l\u2019homme, un arbre avec des \u00e9critures taill\u00e9es sur le tronc\u2026<\/p>\n<p>&#8211; O\u00f9 l\u2019avez-vous vu ?<\/p>\n<p>&#8211; Je ne sais pas comment vous expliquer, dit l\u2019homme, mais je peux vous y conduire. Pr\u00e9voyez un jour de marche.<\/p>\n<p>&#8211; Mais d\u2019ailleurs, d\u2019o\u00f9 venez-vous ? qui \u00eates-vous ?<\/p>\n<p>&#8211; Je viens de tr\u00e8s loin, r\u00e9pondit l\u2019homme, h\u00e9sitant, je ne peux pas vous dire comment je m\u2019appelle mais faites-moi confiance\u2026<\/p>\n<p>Henri n\u2019\u00e9tait pas tr\u00e8s rassur\u00e9. Il passa une nuit horrible, \u00e0 la belle \u00e9toile, \u00e0 craindre qu\u2019un ours le d\u00e9vore. Il r\u00e9ussit finalement \u00e0 s\u2019endormir. Mais le matin, il fit \u00e0 nouveau ce m\u00eame cauchemar, avec une pomme en or dans les mains\u2026<\/p>\n<p>A son r\u00e9veil, Henri rejoignit le groupe de voyageurs, qui ne lui adressa pas la parole. Comme convenu, l\u2019homme de la veille le mena sur une route, en th\u00e9orie en direction de l\u2019arbre que recherchait Henri\u2026 Cependant, cet homme n\u2019\u00e9tait pas digne de confiance\u2026 Il conduit Henri vers un arbre, bien avec une porte, mais sur celle-ci \u00e9tait grav\u00e9 \u00ab\u00a0Saute dedans\u00a0\u00bb, ce que fit Henri, pour ensuite se retrouver \u00e0 atterrir en plein milieu de son jardin, entour\u00e9 de pommes, et de sa femme Madeleine, choqu\u00e9e de cet atterrissage\u2026<\/p>\n<p>\u00c0 la suite de cet \u00e9v\u00e9nement, Henri d\u00e9cida de ne plus rechercher l\u2019arbre magique et de retourner \u00e0 sa vie tranquille.<\/p>\n<p>Cinquante ans plus tard, Henri est toujours dans la m\u00eame maison. Sa femme vit \u00e0 ses c\u00f4t\u00e9s, mais sa fille Marguerite est partie construire sa famille en ville. Henri vivait paisiblement sa retraite. <strong>C\u2019\u00e9tait le m\u00eame rituel chaque matin depuis plus de 78 ans.<\/strong> En effet, Henri continuait d\u2019\u00e9plucher ses pommes, assis sur un vieux tronc, ses cheveux blancs d\u00e9passant de son chapeau\u2026<\/p>\n<p>Henri avait vieilli, mais il n\u2019a pas oubli\u00e9 la pomme dor\u00e9e. Il y repensait chaque matin, en \u00e9pluchant ses pommes. Il faisait toujours le m\u00eame cauchemar.<\/p>\n<p>Cependant, un matin, il se r\u00e9veilla avec la pomme en or dans sa main gauche. Henri l\u2019observa longtemps. Que fallait-il faire\u00a0? La jeter, la planter\u00a0? Il d\u00e9cida finalement de croquer dedans. Une vive douleur se r\u00e9veilla dans sa gencive, avec un vieux go\u00fbt de fer\u00a0: une cl\u00e9\u00a0!<\/p>\n<p class=\"has-text-color\"><strong><span style=\"color: #0000ff;\">Partie 4 : Le d\u00e9nouement du 20\u00a0 au 31 janvier 2025 \u2013 Classe de Mme Le Bray<\/span><br \/>\n<\/strong><\/p>\n<p>Henri, intrigu\u00e9 par cette clef qu&rsquo;il venait de d\u00e9couvrir dans la pomme dor\u00e9e, se leva d&rsquo;un bond. Son c\u0153ur battait la chamade alors qu&rsquo;il examinait la cl\u00e9, la lumi\u00e8re du matin illuminant son visage rid\u00e9. Que pouvait-elle bien ouvrir ?<\/p>\n<p>Il se souvint de l&rsquo;arbre qu&rsquo;il avait vu dans son r\u00eave, celui avec la porte grav\u00e9e. Peut-\u00eatre que cette cl\u00e9 \u00e9tait la r\u00e9ponse \u00e0 ses questions, un lien entre son pass\u00e9 et son pr\u00e9sent. Avec une d\u00e9termination sans limite, il d\u00e9cida de retourner \u00e0 l&rsquo;endroit o\u00f9 il avait trouv\u00e9 l&rsquo;arbre myst\u00e9rieux des ann\u00e9es auparavant.<\/p>\n<p>Apr\u00e8s un court trajet \u00e0 travers les champs, il arriva \u00e0 l&#8217;emplacement o\u00f9 il avait plant\u00e9 sa graine. A sa grande surprise, l&rsquo;arbre \u00e9tait toujours l\u00e0, majestueux et imposant , comme s&rsquo;il avait attendu son retour. La porte \u00e9tait toujours pr\u00e9sente, mais cette fois-ci elle semblait briller d&rsquo;une lueur dor\u00e9e.<\/p>\n<p>Henri s&rsquo;approcha, la cl\u00e9 \u00e0 la main et l&rsquo;ins\u00e9ra dans la serrure. A sa grande surprise, la porte s&rsquo;ouvrit lentement, r\u00e9v\u00e9lant un monde vibrant de couleurs et de lumi\u00e8re. A l&rsquo;int\u00e9rieur, il d\u00e9couvrit un jardin enchant\u00e9 rempli de fruits aux couleurs \u00e9clatantes et certains de ses amis avec qui il avait fait la guerre et dont il n&rsquo;avait pas perdu le souvenir.<\/p>\n<p>Il comprit alors que cet endroit \u00e9tait un refuge , un lieu o\u00f9 il pouvait se souvenir de son enfance, ses r\u00eaves et ses espoirs. Henri passa des heures \u00e0 explorer ce jardin magique, \u00e0 go\u00fbter aux fruits d\u00e9licieux et \u00e0 se rem\u00e9morer les souvenirs d&rsquo;antan.<\/p>\n<p>Finalement, il retourna ensuite chez lui, le c\u0153ur l\u00e9ger et l&rsquo;esprit apais\u00e9.<\/p>\n<p class=\"has-text-color\"><span style=\"color: #0000ff;\"><strong>Partie 5 : La situation finale du 3 au 28 f\u00e9vrier 2025 \u2013 Classe de Mme Granry<\/strong><\/span><\/p>\n<p>Une fois rentr\u00e9 chez lui, Henri se mit \u00e0 peindre une toile repr\u00e9sentant le jardin. Quelques jours plus tard, l\u2019\u0153uvre achev\u00e9e, il la montra \u00e0 sa femme et \u00e0 sa fille rentr\u00e9e entre temps, l\u2019accrocha dans sa chambre et dissimula la cl\u00e9 derri\u00e8re. Quand Henri avait le cafard, il retournait au jardin magique pour retrouver ses compagnons de guerre et manger des fruits smaragdins.<br \/>\nDans sa centi\u00e8me ann\u00e9e, il rendit son dernier souffle. Il d\u00e9couvrit alors que le jardin magique n\u2019\u00e9tait autre que le paradis. Ses amis, en l\u2019honneur de son arriv\u00e9e, organis\u00e8rent un banquet o\u00f9 l\u2019on ne mangeait que de la pomme ! Exquises tartes tatins, d\u00e9licieuses pommes d\u2019amour\u2026<\/p>\n","protected":false},"excerpt":{"rendered":"<p>C\u2019\u00e9tait le m\u00eame rituel chaque matin depuis plus de 78 ans. Partie 1 : Situation initiale du 18 au 29 novembre 2024 &#8211; Classe de Mme Houdayer Nous \u00e9tions en d\u00e9cembre 1923. En ce matin d\u2019hiver blanc, la for\u00eat \u00e9tait plong\u00e9e dans la brume. Quelques oiseaux chantaient, r\u00e9veillant les biches et les sangliers. A deux [&hellip;]<\/p>\n","protected":false},"author":8,"featured_media":0,"parent":0,"menu_order":0,"comment_status":"closed","ping_status":"closed","template":"","meta":{"footnotes":""},"class_list":["post-3753","page","type-page","status-publish","hentry"],"_links":{"self":[{"href":"https:\/\/ddec72.org\/WordPress-ecole\/wp-json\/wp\/v2\/pages\/3753","targetHints":{"allow":["GET"]}}],"collection":[{"href":"https:\/\/ddec72.org\/WordPress-ecole\/wp-json\/wp\/v2\/pages"}],"about":[{"href":"https:\/\/ddec72.org\/WordPress-ecole\/wp-json\/wp\/v2\/types\/page"}],"author":[{"embeddable":true,"href":"https:\/\/ddec72.org\/WordPress-ecole\/wp-json\/wp\/v2\/users\/8"}],"replies":[{"embeddable":true,"href":"https:\/\/ddec72.org\/WordPress-ecole\/wp-json\/wp\/v2\/comments?post=3753"}],"version-history":[{"count":49,"href":"https:\/\/ddec72.org\/WordPress-ecole\/wp-json\/wp\/v2\/pages\/3753\/revisions"}],"predecessor-version":[{"id":6542,"href":"https:\/\/ddec72.org\/WordPress-ecole\/wp-json\/wp\/v2\/pages\/3753\/revisions\/6542"}],"wp:attachment":[{"href":"https:\/\/ddec72.org\/WordPress-ecole\/wp-json\/wp\/v2\/media?parent=3753"}],"curies":[{"name":"wp","href":"https:\/\/api.w.org\/{rel}","templated":true}]}}