{"id":3751,"date":"2021-10-12T17:07:14","date_gmt":"2021-10-12T15:07:14","guid":{"rendered":"https:\/\/ddec72.org\/WordPress-ecole\/?page_id=3751"},"modified":"2025-02-27T15:08:20","modified_gmt":"2025-02-27T14:08:20","slug":"recit-bleu-b","status":"publish","type":"page","link":"https:\/\/ddec72.org\/WordPress-ecole\/recit-bleu-b\/","title":{"rendered":"R\u00e9cit Bleu B : CAMILLE"},"content":{"rendered":"<p><a href=\"https:\/\/ddec72.org\/WordPress-ecole\/wp-content\/uploads\/2024\/11\/femme-au-papillon.jpeg\"><img loading=\"lazy\" decoding=\"async\" class=\"wp-image-6197 aligncenter\" src=\"https:\/\/ddec72.org\/WordPress-ecole\/wp-content\/uploads\/2024\/11\/femme-au-papillon-300x300.jpeg\" alt=\"\" width=\"375\" height=\"375\" srcset=\"https:\/\/ddec72.org\/WordPress-ecole\/wp-content\/uploads\/2024\/11\/femme-au-papillon-300x300.jpeg 300w, https:\/\/ddec72.org\/WordPress-ecole\/wp-content\/uploads\/2024\/11\/femme-au-papillon-150x150.jpeg 150w, https:\/\/ddec72.org\/WordPress-ecole\/wp-content\/uploads\/2024\/11\/femme-au-papillon-768x768.jpeg 768w, https:\/\/ddec72.org\/WordPress-ecole\/wp-content\/uploads\/2024\/11\/femme-au-papillon-624x624.jpeg 624w, https:\/\/ddec72.org\/WordPress-ecole\/wp-content\/uploads\/2024\/11\/femme-au-papillon.jpeg 1024w\" sizes=\"auto, (max-width: 375px) 100vw, 375px\" \/><\/a><\/p>\n<blockquote>\n<p style=\"text-align: center;\">Aujourd\u2019hui, elle se pr\u00e9senta en papillon.<\/p>\n<\/blockquote>\n<p class=\"has-text-color\"><span style=\"color: #0000ff;\"><strong>Partie 1 : Situation initiale du 18 au 29 novembre 2024 &#8211; Classe de Mme Le Bray<\/strong><\/span><\/p>\n<p>Il \u00e9tait une fois, en l&rsquo;an 3494, une jeune fille qui se pr\u00e9nommait Louise. Elle avait seize ans quand se passe cette histoire. C&rsquo;\u00e9tait une belle et grande jeune fille avec des yeux vairons et de longs cheveux bruns boucl\u00e9s. Elle habitait\u00a0 dans un village qui s&rsquo;appelait Magicville.\u00a0 Ce village se situait au milieu d&rsquo;une for\u00eat et cette for\u00eat \u00e9tait entour\u00e9e d&rsquo;un lac. Autant dire qu&rsquo;il \u00e9tait isol\u00e9.<\/p>\n<p>Les habitants de\u00a0 ce village avaient toutefois une particularit\u00e9 : ils avaient tous un pouvoir magique. Certains \u00e9taient capables de lire dans les pens\u00e9es, d&rsquo;autres de parler avec les animaux, d&rsquo;autres encore de se t\u00e9l\u00e9porter. Tous \u00e9taient n\u00e9s dans ce village.<\/p>\n<p>Seule une habitante n&rsquo;avait pas de pouvoirs : Louise. Cela s&rsquo;expliquait par le fait qu&rsquo;elle n&rsquo;\u00e9tait pas n\u00e9e dans ce village. En effet, elle avait \u00e9t\u00e9 abandonn\u00e9e dans la for\u00eat jouxtant Magicville. Elle avait \u00e9t\u00e9 adopt\u00e9e par un couple de gentils villageois, Gilbert et Capucine. Ceux-ci aimaient Louise comme leur propre fille.\u00a0 N\u00e9s dans le village, ils avaient donc des pouvoirs : Gilbert pouvait traverser les m\u00fbrs et Capucine, elle , avait le pouvoir de se de rendre invisible.<\/p>\n<p>Louise menait une vie tranquille entre ses parents adoptifs\u00a0 et les habitants du village. Toutefois, elle n&rsquo;avait pas d&rsquo;amis car elle \u00e9tait diff\u00e9rente , sans pouvoirs magiques. Du coup, elle comblait sa solitude par la compagnie des animaux de la for\u00eat en allant s&rsquo;y promener chaque jour.<\/p>\n<p class=\"has-text-color\"><strong><span style=\"color: #0000ff;\">Partie 2 : \u00c9l\u00e9ment d\u00e9clencheur du 2 au 13 d\u00e9cembre 2024 \u2013 Classe de Mme Perdrieau<\/span><br \/>\n<\/strong><\/p>\n<p>Un jour, Louise se promenait dans la for\u00eat interdite. Elle rencontra un grand papillon bleu avec des reflets violets. Il l\u2019intriguait, elle d\u00e9cidait de le suivre. Le papillon l\u2019emmena au lac interdit. Louise vit une jeune fille dans le lac, en train de se noyer\u00a0! Mais elle avait autour de sa taille, une bou\u00e9e. Comment est-il possible de se noyer avec une bou\u00e9e\u00a0? La jeune enfant agitait ses bras pour demander de l\u2019aide. Louise d\u00e9cida d\u2019aller la sauver et un monsieur, r\u00e9pondant au nom de Camille, vint l\u2019aider. Louise repartit triste et d\u00e9\u00e7ue de ne pas avoir sauv\u00e9 l\u2019enfant seule.<\/p>\n<p>Le papillon la rattrapa et lui tourna autour pour lui faire comprendre qu\u2019elle devait retourner au lac afin de sauver la petite fille avec Camille. Louise avait perdu espoir et dit au papillon \u00ab\u00a0Non, \u00e7a ne sert \u00e0 rien\u00a0!\u00a0\u00bb, elle le chassa de sa main et reprit son chemin.<\/p>\n<p>Le papillon continuait de la suivre, ce n\u2019\u00e9tait non sans \u00e9nerver Louise, qui s\u2019arr\u00eata brusquement et qui lui cria \u00ab\u00a0Laisse-moi tranquille\u00a0!\u00a0\u00bb.\u00a0 Louise reprit sa course \u00e0 toute vitesse, elle tr\u00e9bucha sur une racine et tomba dans un trou (qui a peut-\u00eatre \u00e9t\u00e9 creus\u00e9 par des ragondins). Elle atterrit dans un \u00e9norme sous-terrain avec des centaines de milliers de papillons bleus aux reflets violets. Louise se releva et alla vers un papillon diff\u00e9rent des autres. Celui-ci \u00e9tait aux couleurs bleu fonc\u00e9 et bleu cyan, mais aussi beaucoup plus grand que les autres. Peut-\u00eatre \u00e9tait-il le chef\u00a0des papillons\u00a0? Elle voulut s\u2019approcher plus pr\u00e8s, mais le papillon eut peur et s\u2019envola. Louise dit \u00ab\u00a0Non, reviens\u00a0!\u00a0\u00bb.<\/p>\n<p>A peine avait-elle termin\u00e9 sa phrase que les papillons venaient la chercher. Ils la saisirent au niveau des bras et la port\u00e8rent. Louise \u00e9tait inqui\u00e8te\u00a0: o\u00f9 l\u2019emmenaient-ils\u00a0?<\/p>\n<p class=\"has-text-color\"><strong><span style=\"color: #0000ff;\">Partie 3 : S\u00e9rie d\u2019actions du 6 au 17 janvier 2025 \u2013 Classe de Mme Granry<\/span><br \/>\n<\/strong><\/p>\n<p>Apr\u00e8s quelques minutes de vol, les papillons d\u00e9pos\u00e8rent Louise devant un grand b\u00e2timent nomm\u00e9 \u00ab le sanctuaire des pouvoirs \u00bb. Ils p\u00e9n\u00e9tr\u00e8rent dans ce lieu \u00e9trange et enferm\u00e8rent Louise dans un cocage (cocon cage). De sa prison, Louise vit des bulles contenant chacune le pouvoir d\u2019un villageois. Elle essaya d\u2019en attraper une mais sans y parvenir.<\/p>\n<p>Soudain, un immense papillon arriva : le papillon bleu fonc\u00e9 et cyan. Le chef des papillons dit \u00e0 Louise :<br \/>\n\u00ab Tu devras accomplir trois \u00e9preuves pour avoir la libert\u00e9 et un pouvoir.<br \/>\n&#8211; D\u2019accord. Mais quelles seront les \u00e9preuves ?<br \/>\n&#8211; Pour commencer, tu devras r\u00e9pondre \u00e0 une devinette du plus vieux papillon. \u00bb<br \/>\nLouise entendit un bruissement d\u2019ailes et le vieux papillon se dressa alors devant elle. Il lui dit : \u00ab Je suis un mot en onze lettres mais attention, je suis introuvable.<br \/>\nLouise r\u00e9fl\u00e9chit et r\u00e9pondit :<br \/>\n&#8211; Introuvable !<br \/>\n&#8211; Bonne r\u00e9ponse ! Tu peux acc\u00e9der \u00e0 la deuxi\u00e8me \u00e9preuve, lui dit le papillon. \u00bb<\/p>\n<p>La deuxi\u00e8me \u00e9preuve consistait \u00e0 casser le cocage le plus rapidement possible. Si elle r\u00e9ussissait, Louise pourrait r\u00e9aliser la troisi\u00e8me et derni\u00e8re \u00e9preuve. La nuit venue, Louise tapa sur le cocage mais malgr\u00e9 sa force, elle ne le brisa pas. Soudain, elle eut une id\u00e9e : elle siffla \u00ab fuuuuuuuuuuit \u00bb et tous ses amis animaux (des ragondins, des lapins, des renards\u2026) arriv\u00e8rent. Ils commenc\u00e8rent \u00e0 grignoter le cocage et finirent par la lib\u00e9rer. Louise cria : \u00ab J\u2019ai r\u00e9ussi mon \u00e9preuve ! MERCI mes amis ; sans vous, je n\u2019aurai jamais pu y arriver. \u00bb<\/p>\n<p>Soudain, le sol s\u2019effondra et Louise arriva dans un souterrain labyrinthe. L\u00e0 se trouvait l\u2019ultime \u00e9preuve. Des milliers de sauterelles la cours\u00e8rent car celles-ci avaient un grief contre Louise : elle ne les avait pas appel\u00e9es pour grignoter le cocage. C\u2019est le papillon cyan qui l\u2019accueillit \u00e0 la sortie du labyrinthe et qui lui annon\u00e7a sa victoire dans cette derni\u00e8re \u00e9preuve.<\/p>\n<p>Finalement, Louise avait r\u00e9ussi toutes les \u00e9preuves. Les papillons l\u2019emmen\u00e8rent dans le sanctuaire des pouvoirs o\u00f9 elle put en choisir un. Sans h\u00e9siter, elle opta pour le pouvoir de se m\u00e9tamorphoser en animal de son choix car elle le convoitait depuis longtemps. Elle quitta le sanctuaire telle une taupe. Il faisait nuit. Les papillons la suivirent car ils \u00e9taient nyctalopes. Louise d\u00e9cida d\u2019essayer son pouvoir. <strong>Aujourd\u2019hui, elle se pr\u00e9senta en papillon<\/strong>.<\/p>\n<p class=\"has-text-color\"><strong><span style=\"color: #0000ff;\">Partie 4 : Le d\u00e9nouement du 20\u00a0 au 31 janvier 2025 \u2013 Classe de Mme Chaplin (Biguet)<\/span><br \/>\n<\/strong><\/p>\n<p>Louise partit \u00e0 la recherche de Camille, elle traversa la ville. Tout \u00e0 coup elle vit un groupe de personnes dont Camille faisait partie. Elle les suivit dans la for\u00eat. Une fois arriv\u00e9e \u00e0 l\u2019or\u00e9e de la for\u00eat , elle vit une maisonnette o\u00f9 sont l\u2019homme entra, seul. Elle regarda par la fen\u00eatre et d\u00e9couvrit qu\u2019il faisait de la sorcellerie. Elle croisa le regard de Camille. Louise entra et lui demanda : \u201c Qui \u00eates vous ?<br \/>\n-Je\u2026. je \u2026 je suis ton p\u00e8re, lui dit-il.<br \/>\n&#8211; Quoi?! s\u2019\u00e9cria-t-elle de toutes ses forces.<br \/>\n&#8211; \u00c9coute,ta m\u00e8re est morte quand tu \u00e9tais petite. La petite fille que tu as vu au lac est ta demi-s\u0153ur.\u00a0\u00bb<br \/>\nLouise s\u2019\u00e9vanouit. Son p\u00e8re biologique fut oblig\u00e9 de l\u2019\u00e9clabousser pour qu\u2019elle reprenne ses esprits.<br \/>\nLouise, surprise, \u00e9tait tout de m\u00eame contente d\u2019avoir d\u00e9sormais une s\u0153ur et soulag\u00e9e de rencontrer enfin son p\u00e8re et connaitre son histoire.<\/p>\n<p>Louise demanda \u00e0 son p\u00e8re : \u201c Pourquoi as-tu fait de la sorcellerie?\u201d<br \/>\nIl lui r\u00e9pondit :<br \/>\n\u201cJe teste une nouvelle invention. Je voulais jeter un sort pour te retrouver. Mais maintenant, te voil\u00e0, plus besoin de sorcellerie, c\u2019est fini.\u201d<\/p>\n<p>Camille se dirigea vers une boite dans un tiroir et en sortit une bague.<br \/>\n\u201cCette bague appartenait \u00e0 ta m\u00e8re. Je te la donne en souvenir.<br \/>\nAu moment o\u00f9 il allait la lui donner, la bague lui \u00e9chappa des mains et alla se glisser entre les lattes du plancher. Louise se transforma en hamster et alla r\u00e9cup\u00e9rer le bijou.<br \/>\n\u201c C\u2019est dr\u00f4le que tu fasses de la magie, car je me suis faite enlever par des papillons qui m\u2019ont donn\u00e9 le pouvoir de me transformer.\u201d<\/p>\n<p>Camille parut surpris, s\u2019assit et raconta son histoire \u00e0 Louise : \u201c Un \u00e9norme papillon m\u2019a emport\u00e9 et m\u2019a dit que j\u2019allais faire trois \u00e9preuves. Les trois \u00e9preuves \u00e9tait de rester sur un disque qui tournait \u00e0 trente km\/h pendant une demie-heure, ma deuxi\u00e8me \u00e9tait de me battre contre un ragondin. La derni\u00e8re \u00e9tait de traverser un labyrinthe rempli de pi\u00e8ges. J\u2019ai donc obtenu mon pouvoir, qui est de rester sous l\u2019eau. C\u2019est comme \u00e7a que j\u2019ai pu sauver ta s\u0153ur. Elle est rest\u00e9e au bord du lac si tu veux lui dire bonjour.\u201d<\/p>\n<p>Louise alla au lac, elle vit sa s\u0153ur. Louise lui demanda comment elle s\u2019appelait. La petite r\u00e9pondit L\u00e9na. Louise d\u00e9cida de se pr\u00e9senter. \u201c Je ne sais pas si tu es au courant, mais je suis ta s\u0153ur.\u201d<br \/>\nL\u00e9na le\u00a0 savait d\u00e9j\u00e0, mais elle \u00e9tait ravie de la rencontrer enfin. Elles se jet\u00e8rent dans les bras l\u2019une de l\u2019autre.<\/p>\n<p>Louise trouva qu\u2019il \u00e9tait tard, ils d\u00e9cid\u00e8rent de rentrer au village. Son p\u00e8re l\u2019accompagna car il avait peur qu\u2019elle se perde.Sur le chemin, ils discutaient mais son p\u00e8re se prit dans un arbre et eu une bosse. Quand il vit des personnes du village, Il se cacha derri\u00e8re car il vivait reclus et n\u2019avait pas l\u2019habitude de voir autant de personnes. Il avait honte d\u2019avoir abandonn\u00e9 sa fille au village.<\/p>\n<p>Une fois arriv\u00e9s sur la place de Magicville, les villageois et les parents adoptifs de Louise \u00e9taient tous l\u00e0. Louise leur montra son nouveau pouvoir et raconta sa capture par les myst\u00e9rieux papillons. Le plus ancien des villageois s\u2019approcha et dit : \u201c Moi aussi je me suis fait capturer enfant par les papillons ! Ils ne sont pas dangereux. C\u2019est une bonne nouvelle que tu aies enfin un pouvoir!\u201d<br \/>\nLouise se tourna vers l\u2019arbre o\u00f9 se cachait son p\u00e8re et lui fit signe de s\u2019approcher. M\u00e9fiant, Camille s\u2019avan\u00e7a jusqu\u2019au milieu de la place.<\/p>\n<p>Louise pr\u00e9senta donc son p\u00e8re biologique \u00e0 ses parents adoptifs. Elle expliqua :<br \/>\n\u201c Voil\u00e0 mon p\u00e8re biologique. Camille, voil\u00e0 mes parents adoptifs.\u201d<br \/>\nLes parents \u00e9taient choqu\u00e9s, ils virent le vrai p\u00e8re de Louise. La m\u00e8re adoptive demanda :<br \/>\n\u201cComment as-tu pu abandonner ton enfant?!\u201d<br \/>\nCamille r\u00e9pondit :<br \/>\n\u201c Ma nouvelle femme ne voulait pas de Louise.Je regrette d\u00e9sesp\u00e9r\u00e9ment. J\u2019ai honte. \u201d<\/p>\n<p class=\"has-text-color\"><span style=\"color: #0000ff;\"><strong>Partie 5 : La situation finale du 3 au 28 f\u00e9vrier 2025 \u2013 Classe de Mme Houdayer<\/strong><\/span><\/p>\n<p>Les mois qui suivirent, Louise passa beaucoup de temps avec Camille et L\u00e9na. Ils discutaient et se promenaient dans la for\u00eat ou pr\u00e8s du lac. Ils avaient des ann\u00e9es \u00e0 rattraper.<\/p>\n<p>Louise aimait sa nouvelle vie, entour\u00e9e de ses parents adoptifs et de sa nouvelle famille.<\/p>\n<p>En plus avec son nouveau pouvoir, Louise pouvait aider les gens de Magicville, mais surtout les animaux avec qui elle communiquait. Parfois, elle profitait de son pouvoir pour faire rire les autres et surtout sa s\u0153ur. Elles \u00e9tainet devenues tr\u00e8s complices.<\/p>\n<p>Tr\u00e8s souvent, le dimanche ils se retrouvaient tous pour un grand pique-nique pr\u00e8s du lac.<\/p>\n<p>&nbsp;<\/p>\n","protected":false},"excerpt":{"rendered":"<p>Aujourd\u2019hui, elle se pr\u00e9senta en papillon. Partie 1 : Situation initiale du 18 au 29 novembre 2024 &#8211; Classe de Mme Le Bray Il \u00e9tait une fois, en l&rsquo;an 3494, une jeune fille qui se pr\u00e9nommait Louise. Elle avait seize ans quand se passe cette histoire. C&rsquo;\u00e9tait une belle et grande jeune fille avec des [&hellip;]<\/p>\n","protected":false},"author":8,"featured_media":0,"parent":0,"menu_order":0,"comment_status":"closed","ping_status":"closed","template":"","meta":{"footnotes":""},"class_list":["post-3751","page","type-page","status-publish","hentry"],"_links":{"self":[{"href":"https:\/\/ddec72.org\/WordPress-ecole\/wp-json\/wp\/v2\/pages\/3751","targetHints":{"allow":["GET"]}}],"collection":[{"href":"https:\/\/ddec72.org\/WordPress-ecole\/wp-json\/wp\/v2\/pages"}],"about":[{"href":"https:\/\/ddec72.org\/WordPress-ecole\/wp-json\/wp\/v2\/types\/page"}],"author":[{"embeddable":true,"href":"https:\/\/ddec72.org\/WordPress-ecole\/wp-json\/wp\/v2\/users\/8"}],"replies":[{"embeddable":true,"href":"https:\/\/ddec72.org\/WordPress-ecole\/wp-json\/wp\/v2\/comments?post=3751"}],"version-history":[{"count":38,"href":"https:\/\/ddec72.org\/WordPress-ecole\/wp-json\/wp\/v2\/pages\/3751\/revisions"}],"predecessor-version":[{"id":6548,"href":"https:\/\/ddec72.org\/WordPress-ecole\/wp-json\/wp\/v2\/pages\/3751\/revisions\/6548"}],"wp:attachment":[{"href":"https:\/\/ddec72.org\/WordPress-ecole\/wp-json\/wp\/v2\/media?parent=3751"}],"curies":[{"name":"wp","href":"https:\/\/api.w.org\/{rel}","templated":true}]}}