{"id":3747,"date":"2021-10-12T17:06:18","date_gmt":"2021-10-12T15:06:18","guid":{"rendered":"https:\/\/ddec72.org\/WordPress-ecole\/?page_id=3747"},"modified":"2024-11-04T10:00:32","modified_gmt":"2024-11-04T09:00:32","slug":"groupe-bleu","status":"publish","type":"page","link":"https:\/\/ddec72.org\/WordPress-ecole\/groupe-bleu\/","title":{"rendered":"Groupe Bleu"},"content":{"rendered":"<p>Le <span style=\"color: #0000ff;\"><strong>groupe bleu<\/strong><\/span> est compos\u00e9 des classes suivantes :<\/p>\n<ul>\n<li>Classe de Mme Biguet, Notre-Dame St Joseph, Fresnay sur Sarthe (72)<\/li>\n<li>Classe de Mme Le Bray, Coll\u00e8ge Fr\u00e8re Andr\u00e9, St Calais (72)<\/li>\n<li>Classe de Mme Houdayer, St Antoine, Ballots (53)<\/li>\n<li>Classe de Mme Granry, Ste Agn\u00e8s, Angers (49)<\/li>\n<li>Classe de Mme Perdriau, Ste Th\u00e9r\u00e8se, St Georges sur Layon<\/li>\n<\/ul>\n","protected":false},"excerpt":{"rendered":"<p>Le groupe bleu est compos\u00e9 des classes suivantes : Classe de Mme Biguet, Notre-Dame St Joseph, Fresnay sur Sarthe (72) Classe de Mme Le Bray, Coll\u00e8ge Fr\u00e8re Andr\u00e9, St Calais (72) Classe de Mme Houdayer, St Antoine, Ballots (53) Classe de Mme Granry, Ste Agn\u00e8s, Angers (49) Classe de Mme Perdriau, Ste Th\u00e9r\u00e8se, St Georges [&hellip;]<\/p>\n","protected":false},"author":1,"featured_media":0,"parent":0,"menu_order":0,"comment_status":"closed","ping_status":"closed","template":"","meta":{"footnotes":""},"class_list":["post-3747","page","type-page","status-publish","hentry"],"_links":{"self":[{"href":"https:\/\/ddec72.org\/WordPress-ecole\/wp-json\/wp\/v2\/pages\/3747","targetHints":{"allow":["GET"]}}],"collection":[{"href":"https:\/\/ddec72.org\/WordPress-ecole\/wp-json\/wp\/v2\/pages"}],"about":[{"href":"https:\/\/ddec72.org\/WordPress-ecole\/wp-json\/wp\/v2\/types\/page"}],"author":[{"embeddable":true,"href":"https:\/\/ddec72.org\/WordPress-ecole\/wp-json\/wp\/v2\/users\/1"}],"replies":[{"embeddable":true,"href":"https:\/\/ddec72.org\/WordPress-ecole\/wp-json\/wp\/v2\/comments?post=3747"}],"version-history":[{"count":6,"href":"https:\/\/ddec72.org\/WordPress-ecole\/wp-json\/wp\/v2\/pages\/3747\/revisions"}],"predecessor-version":[{"id":6171,"href":"https:\/\/ddec72.org\/WordPress-ecole\/wp-json\/wp\/v2\/pages\/3747\/revisions\/6171"}],"wp:attachment":[{"href":"https:\/\/ddec72.org\/WordPress-ecole\/wp-json\/wp\/v2\/media?parent=3747"}],"curies":[{"name":"wp","href":"https:\/\/api.w.org\/{rel}","templated":true}]}}