{"id":367,"date":"2014-09-22T11:54:04","date_gmt":"2014-09-22T09:54:04","guid":{"rendered":"http:\/\/ddec72.org\/WordPress-ecole\/?page_id=367"},"modified":"2023-06-26T10:55:15","modified_gmt":"2023-06-26T08:55:15","slug":"planning","status":"publish","type":"page","link":"https:\/\/ddec72.org\/WordPress-ecole\/planning\/","title":{"rendered":"Planning"},"content":{"rendered":"<p>Le planning de cette ann\u00e9e sera publi\u00e9 une fois les groupes constitu\u00e9s.<\/p>\n\n\n<p><\/p>\n","protected":false},"excerpt":{"rendered":"<p>Le planning de cette ann\u00e9e sera publi\u00e9 une fois les groupes constitu\u00e9s.<\/p>\n","protected":false},"author":1,"featured_media":0,"parent":0,"menu_order":0,"comment_status":"closed","ping_status":"closed","template":"","meta":{"footnotes":""},"class_list":["post-367","page","type-page","status-publish","hentry"],"_links":{"self":[{"href":"https:\/\/ddec72.org\/WordPress-ecole\/wp-json\/wp\/v2\/pages\/367","targetHints":{"allow":["GET"]}}],"collection":[{"href":"https:\/\/ddec72.org\/WordPress-ecole\/wp-json\/wp\/v2\/pages"}],"about":[{"href":"https:\/\/ddec72.org\/WordPress-ecole\/wp-json\/wp\/v2\/types\/page"}],"author":[{"embeddable":true,"href":"https:\/\/ddec72.org\/WordPress-ecole\/wp-json\/wp\/v2\/users\/1"}],"replies":[{"embeddable":true,"href":"https:\/\/ddec72.org\/WordPress-ecole\/wp-json\/wp\/v2\/comments?post=367"}],"version-history":[{"count":44,"href":"https:\/\/ddec72.org\/WordPress-ecole\/wp-json\/wp\/v2\/pages\/367\/revisions"}],"predecessor-version":[{"id":5031,"href":"https:\/\/ddec72.org\/WordPress-ecole\/wp-json\/wp\/v2\/pages\/367\/revisions\/5031"}],"wp:attachment":[{"href":"https:\/\/ddec72.org\/WordPress-ecole\/wp-json\/wp\/v2\/media?parent=367"}],"curies":[{"name":"wp","href":"https:\/\/api.w.org\/{rel}","templated":true}]}}