{"id":324,"date":"2014-09-18T13:55:55","date_gmt":"2014-09-18T11:55:55","guid":{"rendered":"http:\/\/ddec72.org\/WordPress-ecole\/?page_id=324"},"modified":"2024-11-04T10:10:16","modified_gmt":"2024-11-04T09:10:16","slug":"groupe-jaune","status":"publish","type":"page","link":"https:\/\/ddec72.org\/WordPress-ecole\/groupe-jaune\/","title":{"rendered":"Groupe Jaune"},"content":{"rendered":"<p>Le <strong><span style=\"color: #ffff00;\">groupe jaune<\/span><\/strong> est compos\u00e9 des classes suivantes :<\/p>\n<ul>\n<li>Classe de Mme Langlais, Ste Marie, St Calais (72)<\/li>\n<li>Classe de Mr Beaumesnil, Ste Agn\u00e8s, Angers (49)<\/li>\n<li>Classe de Mme Chalmin, Ste Th\u00e9r\u00e8se, Allonnes (72)<\/li>\n<li>Classe de Mme Rouillard, St Charles-Ste Croix, Le Mans (72)<\/li>\n<li>Club AREC Sarthe, Le Mans (72)<\/li>\n<\/ul>\n","protected":false},"excerpt":{"rendered":"<p>Le groupe jaune est compos\u00e9 des classes suivantes : Classe de Mme Langlais, Ste Marie, St Calais (72) Classe de Mr Beaumesnil, Ste Agn\u00e8s, Angers (49) Classe de Mme Chalmin, Ste Th\u00e9r\u00e8se, Allonnes (72) Classe de Mme Rouillard, St Charles-Ste Croix, Le Mans (72) Club AREC Sarthe, Le Mans (72)<\/p>\n","protected":false},"author":1,"featured_media":0,"parent":0,"menu_order":0,"comment_status":"closed","ping_status":"closed","template":"","meta":{"footnotes":""},"class_list":["post-324","page","type-page","status-publish","hentry"],"_links":{"self":[{"href":"https:\/\/ddec72.org\/WordPress-ecole\/wp-json\/wp\/v2\/pages\/324","targetHints":{"allow":["GET"]}}],"collection":[{"href":"https:\/\/ddec72.org\/WordPress-ecole\/wp-json\/wp\/v2\/pages"}],"about":[{"href":"https:\/\/ddec72.org\/WordPress-ecole\/wp-json\/wp\/v2\/types\/page"}],"author":[{"embeddable":true,"href":"https:\/\/ddec72.org\/WordPress-ecole\/wp-json\/wp\/v2\/users\/1"}],"replies":[{"embeddable":true,"href":"https:\/\/ddec72.org\/WordPress-ecole\/wp-json\/wp\/v2\/comments?post=324"}],"version-history":[{"count":17,"href":"https:\/\/ddec72.org\/WordPress-ecole\/wp-json\/wp\/v2\/pages\/324\/revisions"}],"predecessor-version":[{"id":6175,"href":"https:\/\/ddec72.org\/WordPress-ecole\/wp-json\/wp\/v2\/pages\/324\/revisions\/6175"}],"wp:attachment":[{"href":"https:\/\/ddec72.org\/WordPress-ecole\/wp-json\/wp\/v2\/media?parent=324"}],"curies":[{"name":"wp","href":"https:\/\/api.w.org\/{rel}","templated":true}]}}