{"id":3139,"date":"2020-09-07T11:08:36","date_gmt":"2020-09-07T09:08:36","guid":{"rendered":"https:\/\/ddec72.org\/WordPress-ecole\/?page_id=3139"},"modified":"2025-02-06T08:35:01","modified_gmt":"2025-02-06T07:35:01","slug":"recit-rouge-e","status":"publish","type":"page","link":"https:\/\/ddec72.org\/WordPress-ecole\/recit-rouge-e\/","title":{"rendered":"R\u00e9cit Rouge E : LES VALISES"},"content":{"rendered":"<p><a href=\"https:\/\/ddec72.org\/WordPress-ecole\/wp-content\/uploads\/2024\/11\/valises.jpeg\"><img loading=\"lazy\" decoding=\"async\" class=\"wp-image-6193 aligncenter\" src=\"https:\/\/ddec72.org\/WordPress-ecole\/wp-content\/uploads\/2024\/11\/valises-300x300.jpeg\" alt=\"\" width=\"406\" height=\"406\" srcset=\"https:\/\/ddec72.org\/WordPress-ecole\/wp-content\/uploads\/2024\/11\/valises-300x300.jpeg 300w, https:\/\/ddec72.org\/WordPress-ecole\/wp-content\/uploads\/2024\/11\/valises-150x150.jpeg 150w, https:\/\/ddec72.org\/WordPress-ecole\/wp-content\/uploads\/2024\/11\/valises-768x768.jpeg 768w, https:\/\/ddec72.org\/WordPress-ecole\/wp-content\/uploads\/2024\/11\/valises-624x624.jpeg 624w, https:\/\/ddec72.org\/WordPress-ecole\/wp-content\/uploads\/2024\/11\/valises.jpeg 1024w\" sizes=\"auto, (max-width: 406px) 100vw, 406px\" \/><\/a><\/p>\n<blockquote>\n<p style=\"text-align: center;\">Je ne me souvenais plus laquelle des deux j\u2019avais interdiction d\u2019ouvrir.<\/p>\n<\/blockquote>\n<p class=\"has-text-color\"><span style=\"color: #ff0000;\"><strong>Partie 1 : Situation initiale du 18 au 29 novembre 2024 &#8211; Classe de Mr Poupet<\/strong><\/span><\/p>\n<p>J\u2019aime me promener dans les rues de Londres. Surtout la nuit, lorsque les lampadaires sont encore allum\u00e9s, avec la lumi\u00e8re qui se refl\u00e8te sur les pav\u00e9s. Je m\u2019appelle Valentina. Je suis journaliste, d\u2019origine am\u00e9ricaine. Je n\u2019ai que 24 ans et j\u2019habite la capitale de l\u2019Angleterre depuis maintenant cinq ans.<\/p>\n<p>On dit de moi que je suis tr\u00e8s \u00e9l\u00e9gante. Mes robes blanches tombent sur mes jambes fines. J\u2019adore porter des chapeaux qui cachent mes cheveux blonds que je coiffe en chignon. J\u2019appr\u00e9cie de me maquiller pour \u00eatre belle jusqu\u2019au soir, quand je rentre chez moi. Apr\u00e8s mon travail que j\u2019aime beaucoup, quand je suis fatigu\u00e9e de ma journ\u00e9e, je prends du temps pour coudre de nombreux habits avec des tissus rares. C\u2019est ma grand-m\u00e8re maternelle qui m\u2019a transmis cette passion. Cela me d\u00e9tend. J\u2019aime \u00e9galement retrouver mes trois chiens qui m\u2019attendent patiemment toute la journ\u00e9e.<\/p>\n<p>Hier soir, ma direction m\u2019a demand\u00e9 de pr\u00e9voir de partir pour les Cara\u00efbes pour effectuer un grand reportage, secret pour l\u2019instant.<\/p>\n<p class=\"has-text-color\"><strong><span style=\"color: #ff0000;\">Partie 2 : \u00c9l\u00e9ment d\u00e9clencheur du 2 au 13 d\u00e9cembre 2024 \u2013 Classe de Mr Derouet<\/span><br \/><\/strong><\/p>\n<p>J\u2019\u00e9tais ravie\u00a0! Les Cara\u00efbes, j\u2019en r\u00eavais\u00a0! J\u2019ai donc aussit\u00f4t annul\u00e9 tous mes rendez-vous de soins et de beaut\u00e9 dans mon agenda.<br \/>Apr\u00e8s avoir appel\u00e9 ma famille aux \u00c9tats-Unis, j\u2019ai rapidement confi\u00e9 mes trois chiens \u00e0 ma voisine qui adore les animaux. Une fois rentr\u00e9e chez moi, je me suis d\u00e9maquill\u00e9e et je me suis couch\u00e9e en me demandant pourquoi ce reportage \u00e9tait tenu secret.<\/p>\n<p>C\u2019est le matin. Le t\u00e9l\u00e9phone sonne. C\u2019est la direction de mon journal qui me convoque pour cet apr\u00e8s-midi. Je profite de la matin\u00e9e pour me pr\u00e9parer et me promener dans mon quartier.<br \/>Une fois dans les locaux, on me remet deux valises quasiment identiques. Elles sont plut\u00f4t l\u00e9g\u00e8res, petites, tenant dans la main.<\/p>\n<p>Ma directrice m\u2019annonce\u00a0:<br \/>\u00ab\u00a0Bonjour, Valentina. Voici deux valises. Celle-ci est pour votre reportage. Vous y trouverez du mat\u00e9riel que vous pourrez d\u00e9couvrir une fois arriv\u00e9e \u00e0 Kingston, capitale de la Jama\u00efque. Il y a notamment l\u2019adresse de votre appartement sur place ainsi que la cl\u00e9 de la porte d\u2019entr\u00e9e. Cette deuxi\u00e8me valise est \u00e9galement \u00e0 emporter aux Cara\u00efbes. Attention\u00a0: son contenu est convoit\u00e9, il est strictement confidentiel. Vous avez interdiction d\u2019ouvrir cette deuxi\u00e8me valise\u00a0! Et ne la perdez pas\u00a0! Bonne chance\u00a0!\u00a0\u00bb<br \/>Bonne chance\u00a0? Quel est donc ce reportage\u00a0?<\/p>\n<p>Le soir, je suis un peu pr\u00e9occup\u00e9e. Je dois partir pour les Cara\u00efbes d\u00e8s le lendemain. Les deux valises sont dans mon appartement, pr\u00eates \u00e0 partir, \u00e0 c\u00f4t\u00e9 de mon gros sac \u00e0 dos qui contient mes affaires personnelles. Je d\u00e9cide d\u2019aller me promener dans les rues de Londres pour me d\u00e9tendre. Il fait nuit, il y a un l\u00e9ger brouillard qui flotte. Au d\u00e9tour d\u2019une all\u00e9e, je croise un jeune homme. Je ne l\u2019ai jamais vu dans le quartier. Il est \u00e9l\u00e9gant, plut\u00f4t beau gar\u00e7on. Il se trouve sur le trottoir d\u2019en face. Il ne m\u2019adresse pas un regard alors que je le fixe des yeux. J\u2019aimerais bien le croiser \u00e0 nouveau une fois de retour \u00e0 Londres, mais pour l\u2019instant, ce sont mon reportage et cette fameuse valise qui me tracassent.<\/p>\n<p>Je vais au lit le c\u0153ur lourd malgr\u00e9 l\u2019envie de partir. La myst\u00e9rieuse valise confi\u00e9e par la direction me trotte toujours dans la t\u00eate.<\/p>\n<p>Je suis en retard\u00a0! Le r\u00e9veil n\u2019a pas sonn\u00e9\u00a0! Tant pis pour le maquillage et mes beaux habits, je me pr\u00e9pare tr\u00e8s rapidement et je file en taxi \u00e0 l\u2019a\u00e9roport.<\/p>\n<p>Arriv\u00e9e \u00e0 la douane, je fais la queue en stressant. J\u2019ai peur d\u2019\u00eatre en retard pour mon vol. Je pose enfin mes deux valises et mon sac \u00e0 dos sur le tapis. La premi\u00e8re valise avec le mat\u00e9riel passe sans probl\u00e8me aux rayons X. Voil\u00e0 le tour de celle que je ne dois pas ouvrir. Je ne peux pas voir l\u2019\u00e9cran, mais le douanier fait une grimace \u00e0 la fois \u00e9tonn\u00e9e et \u00e9merveill\u00e9e. Mais qu\u2019y a-t-il donc dans cette valise\u00a0? Pourquoi est-elle convoit\u00e9e\u00a0? Elle ne doit pas contenir d\u2019\u00e9l\u00e9ment explosif ou dangereux puisqu\u2019elle passe elle aussi sans probl\u00e8me. Je suis un peu soulag\u00e9e, bien que cette valise m\u2019intrigue de plus en plus.<\/p>\n<p>Alors que je m\u2019installe dans l\u2019avion, il me semble apercevoir le beau jeune homme de la veille plusieurs rang\u00e9es devant. Je ne le vois que de dos, mais il lui ressemble. Ma vue doit me jouer des tours. D\u00e9cid\u00e9ment, ce gar\u00e7on reste dans mon esprit.<\/p>\n<p>Le capitaine fait alors une annonce\u00a0:<br \/>\u00ab\u00a0Nous allons traverser une zone de turbulences. Merci de rester calme et d\u2019attacher votre ceinture.\u00a0\u00bb Cette annonce m\u2019angoisse encore plus\u00a0! Mais au final, le vol se passe bien, malgr\u00e9 un atterrissage assez mouvement\u00e9. Je sors de l\u2019avion. Je jette un coup d\u2019\u0153il devant\u00a0: aucune trace du jeune homme. Entre le retard du matin, les turbulences et mon imagination qui m\u2019ont stress\u00e9e et la chaleur qui r\u00e8gne ici, je suis en sueur\u00a0! Je me dirige alors vers les toilettes de l\u2019a\u00e9roport de Kingston pour me changer et enfiler une tenue plus l\u00e9g\u00e8re.<\/p>\n<p>Devant l\u2019a\u00e9roport, un taxi semble m\u2019attendre. Il fait grand soleil. Le chauffeur sort et me dit qu\u2019il est envoy\u00e9 par la direction du journal afin de m\u2019emmener en ville. Je trouve qu\u2019il a une dr\u00f4le d\u2019allure avec sa casquette et ses lunettes de soleil qui masquent son regard. Je m\u2019installe \u00e0 l\u2019arri\u00e8re tandis que le chauffeur charge mes deux valises et mon sac \u00e0 dos dans le coffre de son taxi. Nous d\u00e9marrons. CLIC\u00a0! Les portes du taxi se verrouillent. Je suis enferm\u00e9e\u00a0! Le chauffeur enl\u00e8ve alors sa casquette et ses lunettes\u00a0:<br \/>\u00ab\u00a0Tu me reconnais, Valentina\u00a0? Merci pour la valise\u00a0! Hahaha\u00a0!\u00a0\u00bb<\/p>\n<p>C\u2019est le myst\u00e9rieux jeune homme d\u2019hier soir, celui que j\u2019ai crois\u00e9 dans les rues de Londres. Que fait-il l\u00e0 ? C\u2019\u00e9tait donc bien lui dans l\u2019avion ? Tout se bouscule dans ma t\u00eate. Il affiche un terrible sourire triomphant. Je hurle.<\/p>\n<p class=\"has-text-color\"><strong><span style=\"color: #ff0000;\">Partie 3 : S\u00e9rie d\u2019actions du 6 au 17 janvier 2025 \u2013 Classe de Mme Mallard<\/span><br \/><\/strong><\/p>\n<p><span style=\"font-weight: 400;\">Je m\u2019accroche \u00e0 la porti\u00e8re et je tremble de peur ! Je le regarde d&rsquo;un air effray\u00e9 et m\u00e9fiant. Tout \u00e0 coup, je reconnais un d\u00e9tail de son visage et je me rends compte que c&rsquo;est le douanier !<\/span><\/p>\n<p><span style=\"font-weight: 400;\">Ce beau jeune homme muscl\u00e9, \u00e2g\u00e9 d\u2019une vingtaine d\u2019ann\u00e9es, est celui que j\u2019avais crois\u00e9 hier soir dans les rues de Londres puis dans l\u2019avion. Il porte une casquette \u00e0 fleurs, un pull-over noir et un jean beige avec des tennis jaunes et noires.<\/span><\/p>\n<p><span style=\"font-weight: 400;\">Soudain, il re\u00e7oit un appel. Je regarde son \u00e9cran et je reconnais le num\u00e9ro de ma voisine. Je m\u2019\u00e9nerve et je bouge beaucoup afin de sortir de cette voiture. Il s\u2019arr\u00eate brutalement, il me ligote, met un masque sur lui et m\u2019asperge d\u2019un spray qui m\u2019endort.<\/span><\/p>\n<p><span style=\"font-weight: 400;\">Apr\u00e8s un certain temps de trajet, je me r\u00e9veille avec un violent mal de t\u00eate et je ne sais pas o\u00f9 je me trouve. J\u2019observe autour de moi et je ne vois personne sauf des tags avec des t\u00eates de mort. Le b\u00e2timent est abandonn\u00e9 ! Je suis ligot\u00e9e, les cordes sont tr\u00e8s serr\u00e9es et me font mal. Je pense \u00e0 mes chiens qui pourraient me d\u00e9livrer.<\/span><\/p>\n<p><span style=\"font-weight: 400;\">Je crie aussi fort que je le peux pour qu\u2019on essaye de m\u2019entendre. Cinq minutes plus tard, j&rsquo;entends des pas s\u2019approcher de moi. Le jeune homme surgit de l\u2019ombre et s\u2019\u00e9crie en me mena\u00e7ant avec un pistolet :<\/span><\/p>\n<p><span style=\"font-weight: 400;\">\u201c Donne-moi le code des valises et je te lib\u00e8re !<\/span><\/p>\n<p><span style=\"font-weight: 400;\">&#8211; Je ne connais pas les codes de ces valises, je r\u00e9ponds en b\u00e9gayant.<\/span><\/p>\n<p><span style=\"font-weight: 400;\">&#8211; Menteuse ! Tu le sais forc\u00e9ment !<\/span><\/p>\n<p><span style=\"font-weight: 400;\">&#8211; D\u2019accord je te les donne, mais tu me dis ce qu\u2019il y a dedans comme tu les as vues \u00e0 la douane.<\/span><\/p>\n<p><span style=\"font-weight: 400;\">&#8211; Donne-moi les codes tout de suite ou je te laisse ici jusqu\u2019\u00e0 la fin de ta vie !\u201d<\/span><\/p>\n<p><span style=\"font-weight: 400;\">\u00a0Je m&rsquo;appr\u00eate \u00e0 lui donner les codes. Soudainement, je panique car\u00a0 <\/span><i><span style=\"font-weight: 400;\"><strong>je ne me souviens plus laquelle des deux valises j\u2019avais interdiction d\u2019ouvrir !<\/strong><\/span><\/i><\/p>\n<p class=\"has-text-color\"><strong><span style=\"color: #ff0000;\">Partie 4 : Le d\u00e9nouement du 20\u00a0 au 31 janvier 2025 \u2013 Mme Praghucant<\/span><br \/><\/strong><\/p>\n<p>De toute fa\u00e7on, cela n\u2019a plus d\u2019importance maintenant car l\u2019homme me menace toujours avec son pistolet. J\u2019essaie quand m\u00eame de discuter, de lui dire que la plus grosse valise contient du mat\u00e9riel pour mon reportage et la plus petite, je l\u2019ignore puisque le contenu est confidentiel. En cons\u00e9quence, je lui donne le code 9607 de la premi\u00e8re valise mais refuse de r\u00e9v\u00e9ler le second code.<\/p>\n<p>Mon agresseur grommelle et des tics agitent son visage, je sens l\u2019\u00e9nervement monter en lui, ses joues et son front deviennent \u00e9carlates.<\/p>\n<ul>\n<li>Tu refuses toujours de me donner le second code ?<\/li>\n<\/ul>\n<p>Malgr\u00e9 ma peur, j\u2019ose lui tenir t\u00eate et lui confirme que non, je ne lui donnerai pas le code, cette valise m\u2019a \u00e9t\u00e9 confi\u00e9e par mon employeur qui a insist\u00e9 sur la confidentialit\u00e9 du contenu. L\u2019homme au pistolet se met \u00e0 rire, d\u2019un rire moqueur et il s\u2019esclaffe\u00a0:<\/p>\n<ul>\n<li>Qu\u2019\u00e0 cela ne tienne, Valentina, ce sont tes trois chiens qui subiront la non-coop\u00e9ration de leur ma\u00eetresse\u00a0!<\/li>\n<li>Quoi, mes chiens\u00a0! mais pourquoi m\u00ealez-vous mes chiens \u00e0 cette valise\u00a0?<\/li>\n<\/ul>\n<p>&nbsp;<\/p>\n<p>(A cet instant, tout d\u00e9file dans la t\u00eate\u00a0: ma conversation avec ma voisine avant mon d\u00e9part, son num\u00e9ro affich\u00e9 sur l\u2019\u00e9cran du t\u00e9l\u00e9phone\u2026\u00a0ma voisine appartiendrait-elle \u00e0 un gang de malfaiteurs\u00a0?)<\/p>\n<p>&nbsp;<\/p>\n<ul>\n<li>Tout simplement parce que je sais que tu aimes particuli\u00e8rement tes chiens et que ta voisine est ma cousine\u00a0! Si tu ne coop\u00e8res pas, un de mes complices ira r\u00e9cup\u00e9rer tes chiens et il les torturera.<\/li>\n<li>Non pas \u00e7a, hurle Valentina, pas \u00e7a, pas mes chiens, voici le code\u00a0: 2418.<\/li>\n<\/ul>\n<p>L\u2019homme s\u2019empresse de composer le code avec application 2.4.1.8. Clac, la valise s\u2019ouvre\u00a0; moi, je ne vois rien, le couvercle cache le contenu mais j\u2019observe les yeux interloqu\u00e9s de mon ravisseur.<\/p>\n<ul>\n<li>Alors, que contient cette valise ? os\u00e9-je lui murmurer.<\/li>\n<\/ul>\n<p>Silence.<\/p>\n<ul>\n<li>Alors \u2026<\/li>\n<li>Ce sont des \u2026vieux journaux, des vieux journaux\u2026<\/li>\n<li>A quoi vous attendiez-vous\u00a0?<\/li>\n<li>A des grosses coupures\u2026 \u00e0 de l\u2019argent, \u00e0 des billets de banque.<\/li>\n<\/ul>\n<p>A cet instant, je venais de comprendre la confusion entre coupures de presse et grosses coupures.<\/p>\n<p class=\"has-text-color\"><span style=\"color: #ff0000;\"><strong>Partie 5 : La situation finale du 3 au 28 f\u00e9vrier 2025 \u2013 Classe de Mme Martin<\/strong><\/span><\/p>\n<p>Le jeune homme est \u00e9tonn\u00e9 car ce n\u2019est pas ce qu\u2019il attendait. Il pensait devenir riche. Paniqu\u00e9, il appelle sa cousine pour lui dire de ne pas torturer mes chiens parce qu\u2019il va me lib\u00e9rer\u00a0\u00bb\u2019. Je suis soulag\u00e9e, mais attends tout de m\u00eame avec inqui\u00e9tude ma lib\u00e9ration. Mon ravisseur s\u2019approche de moi et coupe mes cordes. Je le frappe dans le ventre et m\u2019enfuit avec les valises.<\/p>\n<p>Je cours, je cours, je cours et vais au commissariat pour signaler que j\u2019ai \u00e9t\u00e9 enlev\u00e9e.\u00a0 Apr\u00e8s mon audition, les policiers examinent les bagages et trouvent dans la valise interdite quelque chose d\u2019exceptionnel\u00a0: des liasses de billets \u00e9taient cach\u00e9s dans les vieux journaux. Le jeune gar\u00e7on n\u2019avait pas tr\u00e8s bien cherch\u00e9\u00a0!!!<\/p>\n<p>Apr\u00e8s quelques jours d\u2019enqu\u00eate, on a d\u00e9couvert que ma patronne \u00e9tait une gangster. L\u2019argent avait \u00e9t\u00e9 vol\u00e9 dans une tr\u00e8s grande banque londonienne. Elle voulait le mettre en s\u00e9curit\u00e9 en Jama\u00efque. La voleuse s\u2019est faite arr\u00eater et emprisonn\u00e9e, mais le jeune homme court toujours.<\/p>\n<p>Je suis retourn\u00e9e chez moi, heureuse de revoir mes chiens. Apr\u00e8s quelques jours de repos, j\u2019ai d\u00e9cid\u00e9 de publier un article sur mon aventure. L\u2019article a tellement eu de succ\u00e8s que je suis devenue patronne du journal. Une belle revanche !<\/p>\n\n\n<p><\/p>\n","protected":false},"excerpt":{"rendered":"<p>Je ne me souvenais plus laquelle des deux j\u2019avais interdiction d\u2019ouvrir. Partie 1 : Situation initiale du 18 au 29 novembre 2024 &#8211; Classe de Mr Poupet J\u2019aime me promener dans les rues de Londres. Surtout la nuit, lorsque les lampadaires sont encore allum\u00e9s, avec la lumi\u00e8re qui se refl\u00e8te sur les pav\u00e9s. Je m\u2019appelle [&hellip;]<\/p>\n","protected":false},"author":9,"featured_media":0,"parent":0,"menu_order":0,"comment_status":"closed","ping_status":"closed","template":"","meta":{"footnotes":""},"class_list":["post-3139","page","type-page","status-publish","hentry"],"_links":{"self":[{"href":"https:\/\/ddec72.org\/WordPress-ecole\/wp-json\/wp\/v2\/pages\/3139","targetHints":{"allow":["GET"]}}],"collection":[{"href":"https:\/\/ddec72.org\/WordPress-ecole\/wp-json\/wp\/v2\/pages"}],"about":[{"href":"https:\/\/ddec72.org\/WordPress-ecole\/wp-json\/wp\/v2\/types\/page"}],"author":[{"embeddable":true,"href":"https:\/\/ddec72.org\/WordPress-ecole\/wp-json\/wp\/v2\/users\/9"}],"replies":[{"embeddable":true,"href":"https:\/\/ddec72.org\/WordPress-ecole\/wp-json\/wp\/v2\/comments?post=3139"}],"version-history":[{"count":74,"href":"https:\/\/ddec72.org\/WordPress-ecole\/wp-json\/wp\/v2\/pages\/3139\/revisions"}],"predecessor-version":[{"id":6531,"href":"https:\/\/ddec72.org\/WordPress-ecole\/wp-json\/wp\/v2\/pages\/3139\/revisions\/6531"}],"wp:attachment":[{"href":"https:\/\/ddec72.org\/WordPress-ecole\/wp-json\/wp\/v2\/media?parent=3139"}],"curies":[{"name":"wp","href":"https:\/\/api.w.org\/{rel}","templated":true}]}}