{"id":3131,"date":"2020-09-07T11:05:18","date_gmt":"2020-09-07T09:05:18","guid":{"rendered":"https:\/\/ddec72.org\/WordPress-ecole\/?page_id=3131"},"modified":"2025-02-26T16:20:48","modified_gmt":"2025-02-26T15:20:48","slug":"recit-rouge-a","status":"publish","type":"page","link":"https:\/\/ddec72.org\/WordPress-ecole\/recit-rouge-a\/","title":{"rendered":"R\u00e9cit Rouge A : MARGUERITE"},"content":{"rendered":"<p><a href=\"https:\/\/ddec72.org\/WordPress-ecole\/wp-content\/uploads\/2024\/11\/oiseau.jpeg\"><img loading=\"lazy\" decoding=\"async\" class=\"wp-image-6198 aligncenter\" src=\"https:\/\/ddec72.org\/WordPress-ecole\/wp-content\/uploads\/2024\/11\/oiseau-300x300.jpeg\" alt=\"\" width=\"365\" height=\"365\" srcset=\"https:\/\/ddec72.org\/WordPress-ecole\/wp-content\/uploads\/2024\/11\/oiseau-300x300.jpeg 300w, https:\/\/ddec72.org\/WordPress-ecole\/wp-content\/uploads\/2024\/11\/oiseau-150x150.jpeg 150w, https:\/\/ddec72.org\/WordPress-ecole\/wp-content\/uploads\/2024\/11\/oiseau-768x768.jpeg 768w, https:\/\/ddec72.org\/WordPress-ecole\/wp-content\/uploads\/2024\/11\/oiseau-624x624.jpeg 624w, https:\/\/ddec72.org\/WordPress-ecole\/wp-content\/uploads\/2024\/11\/oiseau.jpeg 1024w\" sizes=\"auto, (max-width: 365px) 100vw, 365px\" \/><\/a><\/p>\n<blockquote>\n<p style=\"text-align: center;\">Non seulement, Marguerite allait \u00eatre en retard \u00e0 l\u2019\u00e9cole mais en plus Mr Robert n\u2019allait pas l\u2019accepter en classe.<\/p>\n<\/blockquote>\n<p class=\"has-text-color\"><span style=\"color: #ff0000;\"><strong>Partie 1 : Situation initiale du 18 au 29 novembre 2024 &#8211; Classe de Mme Martin<\/strong><\/span><\/p>\n<p>Quelque part dans la campagne normande, une petite fille appel\u00e9e Marguerite, vivait chez ses grands- parents parce que ses parents travaillaient loin et ne pouvaient pas s\u2019occuper d\u2019elle. L\u2019enfant de 7 ans avait les cheveux bruns, les yeux vert clair et elle portait des lunettes. Elle aimait aller faire de la balan\u00e7oire dans le jardin et adorait la nature. Elle sentait toujours les fleurs et nourrissait les animaux de la for\u00eat et ses animaux domestiques. Elle savait aussi grimper aux arbres. C\u2019\u00e9tait parfois une boudeuse quand elle devait aller au lit. Ses grands-parents \u00e9taient agriculteurs. Tous les matins, elle allait avec eux \u00e0 la ferme pour faire la traite.<\/p>\n<p class=\"has-text-color\"><strong><span style=\"color: #ff0000;\">Partie 2 : \u00c9l\u00e9ment d\u00e9clencheur du 2 au 13 d\u00e9cembre 2024 \u2013 Mme Praghucant<\/span><br \/>\n<\/strong><\/p>\n<p>En ce mardi de d\u00e9but avril, comme tous les matins avant de partir \u00e0 l\u2019\u00e9cole, Marguerite, malgr\u00e9 son jeune \u00e2ge, aidait d\u00e8s l\u2019aube ses grands parents Jean Baptiste et Ernestine, \u00e0 la traite des vaches.<\/p>\n<p>Dans ce bocage normand, les pr\u00e9s fournissent une herbe verte et bien grasse pour le plus grand bonheur des laiteries qui fabriquent le fameux camembert si r\u00e9put\u00e9 en France.<\/p>\n<p>Mais ce jour-l\u00e0, rien ne se passait comme pr\u00e9vu\u00a0: le froid de l\u2019hiver se prolongeait en ce d\u00e9but de printemps et la Blanchette meuglait bizarrement.<\/p>\n<ul>\n<li>C\u2019est t\u2019y pas le moment qu\u2019elle y va mettre bas dit Ernestine \u00e0 son mari<\/li>\n<li>Bin non, j\u2019y ai pas compt\u00e9 c\u2019te date, c\u2019est trop t\u00f4t en c\u2019te d\u00e9but d\u2019avril lui r\u00e9pond Jean Baptiste d\u2019une voix quand m\u00eame inqui\u00e8te<\/li>\n<\/ul>\n<p>Discr\u00e8tement, Marguerite posa le seau qu\u2019elle transportait pour s\u2019approcher de la vache meuglant.<\/p>\n<ul>\n<li>P\u00e9p\u00e8re, M\u00e9m\u00e8re, venez vite, y\u2019a de l\u2019eau rouge partout qui coule du cul de Blanchette.<\/li>\n<\/ul>\n<p class=\"has-text-color\"><strong><span style=\"color: #ff0000;\">Partie 3 : S\u00e9rie d\u2019actions du 6 au 17 janvier 2025 \u2013 Classe de Mr Derouet<\/span><br \/>\n<\/strong><\/p>\n<p>M\u00e9m\u00e8re arriva rapidement sur place et vit qu\u2019il fallait appeler le v\u00e9t\u00e9rinaire du village. Elle courut vers la maison pendant que P\u00e9p\u00e8re surveillait Blanchette avec Marguerite. La petite fille avait beau savoir qu\u2019un nouveau retard provoquerait la col\u00e8re de M. Robert, son professeur, elle voulut quand m\u00eame rester pour surveiller Blanchette. Mais une fois de retour, sa grand-m\u00e8re lui dit :<\/p>\n<p>\u00ab\u00a0Non Marguerite, tu vas-t-y pas m\u2019rester l\u00e0, va-t\u2019en ou tu s\u2019ras en r\u2019tard\u00a0!<\/p>\n<p>\u2013 Mais je veux rester pour aider la Blanchette\u00a0!\u00a0\u00bb r\u00e9pondit la petite fille en faisant la moue.<\/p>\n<p>Quelques minutes plus tard, le v\u00e9t\u00e9rinaire arriva \u00e0 moto et se gara rapidement. De la vapeur sortait de sa bouche \u00e0 cause du froid. Il constata la situation\u00a0:<\/p>\n<p>\u00ab\u00a0Elle va mettre bas, je m\u2019en occupe. Jean-Baptiste et Ernestine, vous allez m\u2019aider.\u00a0Marguerite, cours jusqu\u2019\u00e0 la maison de tes grands-parents me chercher des linges propres\u2026\u00a0\u00bb<\/p>\n<p>La petite fille se pr\u00e9cipita vers la maison et aper\u00e7ut en traversant la cuisine une m\u00e9sange r\u00f4dant pr\u00e8s de son verre de lait. Elle ne s\u2019en occupa pas et se chargea les bras de plusieurs linges propres avant de retourner aupr\u00e8s de Blanchette et des adultes.<\/p>\n<p>Le v\u00ealage se passa bien, mais une fois le veau arriv\u00e9 (et d\u00e9j\u00e0 baptis\u00e9 Choupette), Marguerite croisa le regard s\u00e9v\u00e8re de sa grand-m\u00e8re. Oui oui, l\u2019\u00e9cole, encore l\u2019\u00e9cole\u00a0! Le probl\u00e8me, c\u2019est que Marguerite arrivait souvent en retard car elle cueillait des fleurs et grimpait aux arbres lors de ses trajets. M. Robert l\u2019avait donc pr\u00e9venue la veille en lui demandant de se faire discr\u00e8te pendant quelque temps. Or, l\u2019\u00e9cole allait commencer dans cinq minutes\u00a0! <strong><em>Non seulement, Marguerite allait \u00eatre en retard \u00e0 l\u2019\u00e9cole mais en plus M. Robert n\u2019allait pas l\u2019accepter en classe.<\/em><\/strong><\/p>\n<p>Mais tant pis, il faut y aller. Marguerite partit \u00e0 v\u00e9lo sans pouvoir prendre le temps de terminer son petit d\u00e9jeuner et son verre de lait. Elle d\u00e9vala les chemins en se disant qu\u2019elle n\u2019avait finalement que peu de retard mais catastrophe ! Elle se trompa de chemin ! Une fois arriv\u00e9e \u00e0 l\u2019\u00e9cole, elle sauta de son v\u00e9lo et trouva une cour d\u00e9serte : toutes les copines \u00e9taient d\u00e9j\u00e0 rentr\u00e9es en classe.<\/p>\n<p>Elle toqua tout doucement \u00e0 la porte de sa classe. M. Robert ouvrit\u00a0:<\/p>\n<p>\u00ab\u00a0Tiens tiens, mais c\u2019est Marguerite\u2026 Qui arrive ENCORE en retard\u2026 Restons calme\u2026<\/p>\n<p>VA DANS LE BUREAU DU DIRECTEUR\u00a0!!!\u00a0\u00bb<\/p>\n<p>Verte de peur, Marguerite entra dans le bureau du directeur. Mais celui-ci lui demanda des explications et Marguerite put expliquer ce qu\u2019il venait de se passer \u00e0 la ferme de P\u00e9p\u00e8re et M\u00e9m\u00e8re. Le directeur connaissait l\u2019amour que Marguerite portait \u00e0 la nature et aux animaux. Il se montra compr\u00e9hensif et finalement, Marguerite retourna aupr\u00e8s de ses camarades.<\/p>\n<p>Mais cette journ\u00e9e n\u2019\u00e9tait d\u00e9cid\u00e9ment pas comme les autres. Une fois la matin\u00e9e d\u2019\u00e9cole termin\u00e9e, lorsque Marguerite voulut reprendre son v\u00e9lo pour rentrer manger \u00e0 la ferme \u00e0 midi, elle fut incapable de retrouver son v\u00e9lo. Il avait disparu.<\/p>\n<p class=\"has-text-color\"><strong><span style=\"color: #ff0000;\">Partie 4 : Le d\u00e9nouement du 20\u00a0 au 31 janvier 2025 \u2013 Classe de Mr Poupet<\/span><\/strong><\/p>\n<p>Marguerite cherche aux alentours du parc. Elle se demanda qui avait bien pu prendre son v\u00e9lo. Elle vit un groupe de trois filles, les plus m\u00e9chantes de l&rsquo;\u00e9cole, partir avec son v\u00e9lo. Elle entendit soudain des voix qui venaient de l&rsquo;ext\u00e9rieur. Les filles ricanaient derri\u00e8re le mur de l&rsquo;\u00e9cole. Marguerite commen\u00e7a une poursuite effr\u00e9n\u00e9e. Tellement elles \u00e9taient rapides, elle se dit qu&rsquo;il lui serait impossible de les rattraper.<\/p>\n<p>Le groupe jeta alors son v\u00e9lo dans le foss\u00e9 au bord du chemin. Marguerite le retrouva tout abim\u00e9 et avec une roue cass\u00e9e. Elle le ramena \u00e0 la maison avec difficult\u00e9. Elle avait peur de se faire gronder. Toute triste elle rentra \u00e0 la ferme, retrouver ses grands-parents.\u00a0 Elle leur expliqua le probl\u00e8me du v\u00e9lo. P\u00e9p\u00e8re la consola avec tendresse. Il se proposa de r\u00e9parer le v\u00e9lo tr\u00e8s vite, d\u00e8s qu&rsquo;il serait disponible.<\/p>\n<p>Rassur\u00e9e, elle prit du temps pour aller voir Choupette, au pied de sa maman Blanchette. Le veau ne mangeait pas beaucoup. Il s&rsquo;affaiblissait. Marguerite voulait l&rsquo;aider. Il faudrait aller chez le v\u00e9t\u00e9rinaire pour trouver une bonne solution. Elle alla demander \u00e0 M\u00e9m\u00e8re si c&rsquo;\u00e9tait possible de le transporter ce soir apr\u00e8s la classe.<\/p>\n<p>Marguerite n&rsquo;a pas le temps de manger son repas. M\u00e9m\u00e8re lui donna une pomme et du lait de vache pour le go\u00fbter. Mais pour l&rsquo;instant, elle devait absolument reprendre le chemin de l&rsquo;\u00e9cole. Elle avait tr\u00e8s peur d&rsquo;\u00eatre \u00e0 nouveau en retard et de se faire gronder par M Robert. En arrivant au portail de l&rsquo;\u00e9cole elle vit la petite m\u00e9sange de ce matin. Elle \u00e9tait tranquillement post\u00e9e sur le grillage, comme si elle attendait Marguerite. De retour sur la cour, Marguerite alla voir aussit\u00f4t le directeur. pour donner des explications au sujet du probl\u00e8me du v\u00e9lo. Il d\u00e9cida de trouver une punition pour r\u00e9parer la mauvaise attitude des filles. Ce sera d&rsquo;aider Marguerite \u00e0 la ferme et prendre soin du petit veau, pendant deux semaines. Les filles accept\u00e8rent de rendre ce service, m\u00eame si \u00e7a leur prendrait beaucoup de temps chaque soir.<\/p>\n<p>A la r\u00e9cr\u00e9ation de l&rsquo;apr\u00e8s midi, les filles s&rsquo;avanc\u00e8rent et s&rsquo;excus\u00e8rent de ce mauvais comportement. Marguerite accepta volontiers les excuses et elles commenc\u00e8rent \u00e0 se lier d&rsquo;amiti\u00e9. Elle osa partager sa pomme avec ses nouvelles copines.<\/p>\n<p>Le soir elles rentr\u00e8rent toutes les quatre \u00e0 pied. Marguerite les invita \u00e0 prendre le d\u00eener \u00e0 la ferme. Les filles furent tr\u00e8s contente de cette invitation et pr\u00e9vinrent leurs parents. Marguerite \u00e9tait joyeuse de montrer les b\u00e2timents, de jouer ensemble. La soir\u00e9e fut r\u00e9ussie.<\/p>\n<p>Le lendemain soir, les filles vinrent aider Marguerite pour la premi\u00e8re fois. Elle \u00e9tait contente de partager sa passion des animaux et le travail \u00e0 la ferme. Apr\u00e8s les deux semaines de \u00ab\u00a0punition\u00a0\u00bb, les filles voulurent continuer leur travail avec Marguerite.<\/p>\n<p>Chose \u00e9trange, tous les soirs, la petite m\u00e9sange venait boire du lait dans l&rsquo;\u00e9table \u00e0 c\u00f4t\u00e9 de Choupette. Les copines l&rsquo;appel\u00e8rent \u00ab\u00a0Coquelicot\u00a0\u00bb. Elles esp\u00e9raient qu&rsquo;elle viendrait habiter la grange.<\/p>\n<p class=\"has-text-color\"><span style=\"color: #ff0000;\"><strong>Partie 5 : La situation finale du 3 au 28 f\u00e9vrier 2025 \u2013 Classe de Mme Mallard<\/strong><\/span><\/p>\n\n\n<p>Coquelicot se plaisait tant dans l\u2019\u00e9table qu\u2019elle construisit un nid. Un jour d\u2019\u00e9t\u00e9, Marguerite alla voir Choupette qui avait bien grandi , elle entendit des gazouillements. Elle chercha d\u2019o\u00f9 venait le bruit et d\u00e9couvrit en levant la t\u00eate un nid contenant des oisillons. Elle \u00e9tait tr\u00e8s heureuse de sa d\u00e9couverte et annon\u00e7a la grande nouvelle \u00e0 ses grands-parents et ses amies.<\/p>\n\n\n\n<p>Quelques jours plus tard, ce fut l\u2019anniversaire de Marguerite qui \u00e0 sa grande surprise vit ses parents avec un v\u00e9lo comme flambant neuf ! En fait, il s\u2019agissait de son ancienne bicyclette qui avait \u00e9t\u00e9 r\u00e9par\u00e9e et repeint. Elle cria de joie et embrassa fort ses parents pour les remercier. Elle enfourcha son nouveau v\u00e9lo et alla voir ses amies avec qui elle jouait beaucoup d\u00e9sormais.<\/p>\n\n\n\n<p>Lors d&rsquo;un march\u00e9 du village auquel participaient r\u00e9guli\u00e8rement Jean &#8211; Baptiste et Ernestine, \u00e9tait organis\u00e9 un concours de fromage. Ils tent\u00e8rent leur chance car le lait de Choupette \u00e9tait d\u00e9licieux et permettait d\u2019obtenir un fromage onctueux. Ils remport\u00e8rent le premier prix \u00e0 savoir la possibilit\u00e9 d\u2019ouvrir une fromagerie. Ils nomm\u00e8rent leur fromage :<em> le Petit Normand <\/em>et criaient dans tout le march\u00e9 :&nbsp;<\/p>\n\n\n\n<p>\u201cLe petit normand pr\u00eat \u00e0 r\u00e9galer tous les gourmands \u00e0 tout moment!\u201d<\/p>\n\n\n\n<p>La fromagerie connut un tel succ\u00e8s que Marguerite prit la succession de ses grands-parents. Elle \u00e9pousa un amoureux de la nature comme elle et ils v\u00e9curent heureux dans leur fromagerie.<\/p>\n","protected":false},"excerpt":{"rendered":"<p>Non seulement, Marguerite allait \u00eatre en retard \u00e0 l\u2019\u00e9cole mais en plus Mr Robert n\u2019allait pas l\u2019accepter en classe. Partie 1 : Situation initiale du 18 au 29 novembre 2024 &#8211; Classe de Mme Martin Quelque part dans la campagne normande, une petite fille appel\u00e9e Marguerite, vivait chez ses grands- parents parce que ses parents [&hellip;]<\/p>\n","protected":false},"author":9,"featured_media":0,"parent":0,"menu_order":0,"comment_status":"closed","ping_status":"closed","template":"","meta":{"footnotes":""},"class_list":["post-3131","page","type-page","status-publish","hentry"],"_links":{"self":[{"href":"https:\/\/ddec72.org\/WordPress-ecole\/wp-json\/wp\/v2\/pages\/3131","targetHints":{"allow":["GET"]}}],"collection":[{"href":"https:\/\/ddec72.org\/WordPress-ecole\/wp-json\/wp\/v2\/pages"}],"about":[{"href":"https:\/\/ddec72.org\/WordPress-ecole\/wp-json\/wp\/v2\/types\/page"}],"author":[{"embeddable":true,"href":"https:\/\/ddec72.org\/WordPress-ecole\/wp-json\/wp\/v2\/users\/9"}],"replies":[{"embeddable":true,"href":"https:\/\/ddec72.org\/WordPress-ecole\/wp-json\/wp\/v2\/comments?post=3131"}],"version-history":[{"count":65,"href":"https:\/\/ddec72.org\/WordPress-ecole\/wp-json\/wp\/v2\/pages\/3131\/revisions"}],"predecessor-version":[{"id":6546,"href":"https:\/\/ddec72.org\/WordPress-ecole\/wp-json\/wp\/v2\/pages\/3131\/revisions\/6546"}],"wp:attachment":[{"href":"https:\/\/ddec72.org\/WordPress-ecole\/wp-json\/wp\/v2\/media?parent=3131"}],"curies":[{"name":"wp","href":"https:\/\/api.w.org\/{rel}","templated":true}]}}