{"id":3128,"date":"2020-09-07T11:03:32","date_gmt":"2020-09-07T09:03:32","guid":{"rendered":"https:\/\/ddec72.org\/WordPress-ecole\/?page_id=3128"},"modified":"2024-11-04T10:12:39","modified_gmt":"2024-11-04T09:12:39","slug":"groupe-rouge","status":"publish","type":"page","link":"https:\/\/ddec72.org\/WordPress-ecole\/groupe-rouge\/","title":{"rendered":"Groupe Rouge"},"content":{"rendered":"<p>Le <strong><span style=\"color: #ff0000;\">groupe rouge<\/span><\/strong> est compos\u00e9 des classes suivantes :<\/p>\n<ul>\n<li>Classe de Mme Martin, St Joseph, Nueil sur Layon (49)<\/li>\n<li>Classe de Mme Mallard, St Joseph, Yvr\u00e9 l&rsquo;Ev\u00e8que (72)<\/li>\n<li>Classe de Mr Derouet, St Julien, Le Mans (72)<\/li>\n<li>Classe de Mr Poupet, St Louis, Coron (49)<\/li>\n<li>H\u00e9danie Praghucant, Le Mans (72)<\/li>\n<\/ul>\n","protected":false},"excerpt":{"rendered":"<p>Le groupe rouge est compos\u00e9 des classes suivantes : Classe de Mme Martin, St Joseph, Nueil sur Layon (49) Classe de Mme Mallard, St Joseph, Yvr\u00e9 l&rsquo;Ev\u00e8que (72) Classe de Mr Derouet, St Julien, Le Mans (72) Classe de Mr Poupet, St Louis, Coron (49) H\u00e9danie Praghucant, Le Mans (72)<\/p>\n","protected":false},"author":1,"featured_media":0,"parent":0,"menu_order":0,"comment_status":"closed","ping_status":"closed","template":"","meta":{"footnotes":""},"class_list":["post-3128","page","type-page","status-publish","hentry"],"_links":{"self":[{"href":"https:\/\/ddec72.org\/WordPress-ecole\/wp-json\/wp\/v2\/pages\/3128","targetHints":{"allow":["GET"]}}],"collection":[{"href":"https:\/\/ddec72.org\/WordPress-ecole\/wp-json\/wp\/v2\/pages"}],"about":[{"href":"https:\/\/ddec72.org\/WordPress-ecole\/wp-json\/wp\/v2\/types\/page"}],"author":[{"embeddable":true,"href":"https:\/\/ddec72.org\/WordPress-ecole\/wp-json\/wp\/v2\/users\/1"}],"replies":[{"embeddable":true,"href":"https:\/\/ddec72.org\/WordPress-ecole\/wp-json\/wp\/v2\/comments?post=3128"}],"version-history":[{"count":6,"href":"https:\/\/ddec72.org\/WordPress-ecole\/wp-json\/wp\/v2\/pages\/3128\/revisions"}],"predecessor-version":[{"id":6176,"href":"https:\/\/ddec72.org\/WordPress-ecole\/wp-json\/wp\/v2\/pages\/3128\/revisions\/6176"}],"wp:attachment":[{"href":"https:\/\/ddec72.org\/WordPress-ecole\/wp-json\/wp\/v2\/media?parent=3128"}],"curies":[{"name":"wp","href":"https:\/\/api.w.org\/{rel}","templated":true}]}}