{"id":2556,"date":"2019-09-02T16:20:59","date_gmt":"2019-09-02T14:20:59","guid":{"rendered":"http:\/\/ddec72.org\/WordPress-ecole\/?page_id=2556"},"modified":"2025-03-10T20:01:14","modified_gmt":"2025-03-10T19:01:14","slug":"recit-vert-b","status":"publish","type":"page","link":"https:\/\/ddec72.org\/WordPress-ecole\/recit-vert-b\/","title":{"rendered":"R\u00e9cit Vert B : L&rsquo;ARDOISE"},"content":{"rendered":"<p><a href=\"https:\/\/ddec72.org\/WordPress-ecole\/wp-content\/uploads\/2024\/11\/ardoise.jpeg\"><img loading=\"lazy\" decoding=\"async\" class=\"wp-image-6194 aligncenter\" src=\"https:\/\/ddec72.org\/WordPress-ecole\/wp-content\/uploads\/2024\/11\/ardoise-300x300.jpeg\" alt=\"\" width=\"409\" height=\"409\" srcset=\"https:\/\/ddec72.org\/WordPress-ecole\/wp-content\/uploads\/2024\/11\/ardoise-300x300.jpeg 300w, https:\/\/ddec72.org\/WordPress-ecole\/wp-content\/uploads\/2024\/11\/ardoise-150x150.jpeg 150w, https:\/\/ddec72.org\/WordPress-ecole\/wp-content\/uploads\/2024\/11\/ardoise-768x768.jpeg 768w, https:\/\/ddec72.org\/WordPress-ecole\/wp-content\/uploads\/2024\/11\/ardoise-624x624.jpeg 624w, https:\/\/ddec72.org\/WordPress-ecole\/wp-content\/uploads\/2024\/11\/ardoise.jpeg 1024w\" sizes=\"auto, (max-width: 409px) 100vw, 409px\" \/><\/a><\/p>\n<blockquote>\n<p style=\"text-align: center;\">Il \u00e9crivit sur l\u2019ardoise et ils disparurent.<\/p>\n<\/blockquote>\n<p class=\"has-text-color\"><span style=\"color: #00ff00;\"><strong>Partie 1 : Situation initiale du 18 au 29 novembre 2024 &#8211; Classe de Mme Kayser<\/strong><\/span><\/p>\n<p><span style=\"font-weight: 400;\">Marius avait dix ans, mais il se sentait bien plus vieux. A\u00een\u00e9 d&rsquo;une famille de trois enfants, il prenait son r\u00f4le de grand fr\u00e8re au s\u00e9rieux : c\u2019\u00e9tait parfois pesant pour lui.<\/span><\/p>\n<p><span style=\"font-weight: 400;\">Depuis que son p\u00e8re \u00e9tait parti \u00e0 la guerre, la maison \u00e9tait silencieuse. Sa m\u00e8re, semblait perdre peu \u00e0 peu son sourire. Marius avait peur pour son papa. Chaque soir, lorsqu\u2019il rentrait de l\u2019\u00e9cole, il allait \u00e0 la boite aux lettres esp\u00e9rant une lettre de son p\u00e8re, mais il n\u2019y avait jamais rien.\u00a0<\/span><\/p>\n<p><span style=\"font-weight: 400;\">Il n\u2019\u00e9tait pas comme les autres enfants. Sa t\u00eate \u00e9tait pleine de questions qu&rsquo;il n&rsquo;osait pas poser. Il avait les\u00a0 cheveux bruns, Il avait l\u2019habitude de se montrer s\u00fbr de lui, mais ce jour l\u00e0 en ce d\u00e9but de soir\u00e9e o\u00f9 il devait encore attendre que l\u2019\u00e9cole soit vide pour pouvoir rentrer, il se sentait plus inquiet que jamais.<\/span><\/p>\n<p><span style=\"font-weight: 400;\">\u2014 Marius, tu peux m&rsquo;aider \u00e0 ranger les bancs, s&rsquo;il te pla\u00eet ? disait la ma\u00eetresse<\/span><\/p>\n<p><span style=\"font-weight: 400;\">Il se mit au travail. Mais il pensait toujours \u00e0 son papa. Son p\u00e8re, o\u00f9 \u00e9tait-il ? \u00c9tait-il encore en vie ? Que faisait-il l\u00e0-bas, loin de lui ? Marius aurait voulu tout savoir et tout comprendre sur cette guerre. Tout ce qu\u2019il avait, c\u2019\u00e9tait cette peur qui grandissait chaque jour.<\/span><\/p>\n<p><span style=\"font-weight: 400;\">Les autres enfants partaient, chacun retrouvant sa maison, sa famille.\u00a0<\/span><\/p>\n<p><span style=\"font-weight: 400;\">Marius, lui, restait l\u00e0, solitaire, \u00e0 contempler le vide de l\u2019\u00e9cole vide. Il savait qu\u2019il n\u2019aurait pas le droit de partir avant que tout soit parfaitement en ordre. Il ne se plaignait pas, il \u00e9tait t\u00eatu, comme son p\u00e8re lui avait toujours dit.\u00a0<\/span><\/p>\n<p><span style=\"font-weight: 400;\">Mais ce soir-l\u00e0, il aurait donn\u00e9 n&rsquo;importe quoi pour pouvoir courir dans les bras de sa m\u00e8re et la rassurer, m\u00eame si au fond, c\u2019\u00e9tait lui qui avait besoin de r\u00e9confort.<\/span><\/p>\n<p class=\"has-text-color\"><strong><span style=\"color: #00ff00;\">Partie 2 : \u00c9l\u00e9ment d\u00e9clencheur du 2 au 13 d\u00e9cembre 2024 \u2013 Classe de Mr Accou<\/span><br \/><\/strong><\/p>\n<p>Apr\u00e8s avoir fini de ranger la classe, Marius put finalement rentrer chez lui. Il marcha d\u2019un pas lent, perdu entre espoir et angoisse. Malheureusement, en arrivant, il constata qu\u2019aucune lettre ne leur \u00e9tait parvenue.<br \/>Marius monta alors dans sa chambre pour faire ses devoirs. Le soir, le repas se d\u00e9roula dans une ambiance pesante, les regards rempla\u00e7ant les paroles. Tous se couch\u00e8rent t\u00f4t, priant pour que la nuit puisse effacer leurs inqui\u00e9tudes&#8230;<\/p>\n<p>Le lendemain, Marius rejoignit sa classe, avec le coeur toujours plus lourd et le visage toujours plus triste. La ma\u00eetresse tenta de le r\u00e9conforter\u00a0:<br \/><span style=\"font-weight: 400;\">\u2014 <\/span>Marius, mon petit, tu m\u2019as l\u2019air bien malheureux aujourd\u2019hui. Que se passe-t-il ?\u00a0<br \/><span style=\"font-weight: 400;\">\u2014<\/span>\u00a0Je n\u2019ai toujours pas re\u00e7u de nouvelles de mon p\u00e8re, et je suis de plus en plus inquiet.<br \/><span style=\"font-weight: 400;\">\u2014<\/span> Marius, je suis s\u00fbre qu\u2019il va bien, r\u00e9pondit-elle en posant une main rassurante sur le petit gar\u00e7on. Attends, j\u2019ai une id\u00e9e. Pourquoi est-ce que tu ne dessinerais pas sur mon ardoise pour essayer de te changer les id\u00e9es ?<\/p>\n<p>L\u2019ardoise que lui pr\u00e9senta la ma\u00eetresse avait un cadre en bois d\u2019une couleur tr\u00e8s sombre, avec des motifs \u00e9tranges. Marius sentit qu\u2019elle n\u2019\u00e9tait pas comme les autres. Il se mit imm\u00e9diatement \u00e0 l\u2019\u0153uvre et, avec sa craie pr\u00e9f\u00e9r\u00e9e, dessina le visage de son p\u00e8re.<br \/>Quand il eut fini, il ferma les yeux et pensa fortement \u00e0 lui. En les rouvrant, il vit le visage s\u2019animer et lui dire\u00a0:<br \/><span style=\"font-weight: 400;\">\u2014 <\/span>Marius, rassure-toi, je vais bien. Les Allemands m\u2019ont captur\u00e9, mais j\u2019ai r\u00e9ussi \u00e0 m\u2019\u00e9vader. Je suis perdu dans une for\u00eat et je n\u2019arrive pas \u00e0 me rep\u00e9rer. Est-ce que tu peux me venir en aide ?<\/p>\n<p>Puis, le visage disparut soudainement. A partir de cet instant, Marius n\u2019eut plus qu\u2019une id\u00e9e en t\u00eate : <br \/>retrouver son p\u00e8re.<\/p>\n<p class=\"has-text-color\"><strong><span style=\"color: #00ff00;\">Partie 3 : S\u00e9rie d\u2019actions du 6 au 17 janvier 2025 \u2013 Classe de Mme Gu\u00e9rin<\/span><br \/><\/strong><\/p>\n<p align=\"JUSTIFY\">Le soir lorsqu&rsquo;il rentra chez lui, Marius se rendit dans sa chambre. Il s&rsquo;allongea sur son lit en pensant au soir suivant. Le lendemain matin, \u00e0 l&rsquo;\u00e9cole, la ma\u00eetresse dit \u00e0 tous ces \u00e9l\u00e8ves\u00a0:<\/p>\n<p align=\"JUSTIFY\">&#8211; Aujourd&rsquo;hui, nous allons tous dessiner sur l&rsquo;ardoise.<\/p>\n<p align=\"JUSTIFY\">Marius sentit la gentillesse et l&rsquo;attention de la part de sa ma\u00eetresse. Marius faisait autre chose que de dessiner des animaux, des objets, des paysages, des personnages. Lui, il dessinait son p\u00e8re perdu dans la for\u00eat.<\/p>\n<p align=\"JUSTIFY\">La journ\u00e9e de classe se termina et quand Marius se retrouva seul, il demanda \u00e0 la ma\u00eetresse\u00a0:<\/p>\n<p align=\"JUSTIFY\">&#8211; Est-ce que je peux \u00e0 nouveau \u00e9crire sur l&rsquo;ardoise ?<\/p>\n<p align=\"JUSTIFY\">La ma\u00eetresse accepta sans souci. Elle savait que son \u00e9l\u00e8ve avait besoin de ce temps pour effacer un peu sa douleur et sa tristesse. C&rsquo;est ainsi qu&rsquo;il commen\u00e7a \u00e0 dessiner la grande for\u00eat qu&rsquo;il imaginait. Il continua de dessiner pendant plusieurs minutes et le visage de son p\u00e8re r\u00e9apparu une seconde fois.<\/p>\n<p>-Bonjour mon fils. Je suis toujours cach\u00e9 dans la for\u00eat. Tu dois venir m&rsquo;aider.<\/p>\n<p align=\"JUSTIFY\">-C&rsquo;est promis papa, je vais tout mettre en \u0153uvre pour venir te chercher.<\/p>\n<p align=\"JUSTIFY\">Et c&rsquo;est ainsi que le lendemain, Marius demanda \u00e0 ses deux meilleurs amis\u00a0Eliott et Julia, de l&rsquo;aider \u00e0 partir \u00e0 la recherche de son p\u00e8re. Eliott \u00e9tait un gar\u00e7on un peu peureux mais il n&rsquo;en d\u00e9mordait pas de courage quand il en avait besoin. Julia \u00e9tait une fille pleine de dynamisme et tr\u00e8s fut\u00e9e. Ce soir l\u00e0, nos trois amis \u00e9taient r\u00e9unis autour de l&rsquo;ardoise pour r\u00e9aliser leur mission de retrouver le p\u00e8re de Marius. M\u00eame si Marius \u00e9tait angoiss\u00e9 de partir \u00e0 l&rsquo;aventure, il \u00e9tait tout de m\u00eame fin pr\u00eat. <i><b>Il \u00e9crivit sur l&rsquo;ardoise et ils disparurent.<\/b><\/i><\/p>\n<p align=\"JUSTIFY\">Ils arriv\u00e8rent dans la for\u00eat o\u00f9 il avait vu son p\u00e8re. Il faisait nuit et froid. Ils avanc\u00e8rent doucement quand ils entendirent un bruit. Un loup se mit \u00e0 hurler. Marius \u00e9tait rassur\u00e9 de ne pas \u00eatre tous seul dans cette for\u00eat. Apr\u00e8s quelques temps de marche, ils trouv\u00e8rent des empreintes, une veste sur le sol et un feu encore allum\u00e9. Marius se mit \u00e0 courir en criant \u00ab\u00a0Papa, papa, c&rsquo;est moi\u00a0\u00bb. Il pensait le retrouver mais malheureusement ce n&rsquo;\u00e9tait pas lui mais un r\u00e9sistant.<\/p>\n<p align=\"JUSTIFY\">Celui-ci prit peur et voulu tuer les enfants mais il s\u2019aper\u00e7ut qu&rsquo;ils n&rsquo;\u00e9taient pas dangereux. Il leur demanda\u00a0: -Que faites-vous ici et que voulez-vous ?\u00a0<\/p>\n<p align=\"JUSTIFY\">Les trois amis lui r\u00e9pondirent : &#8211; Nous recherchons le papa de Marius. Il s&rsquo;appelle Louis. Est-ce que vous auriez vu un homme, grand, robuste, avec des cheveux noirs et une barbe ? .<\/p>\n<p align=\"JUSTIFY\">&#8211; Ce pr\u00e9nom me dit quelque chose. Je vais peut-\u00eatre pouvoir vous aider. Moi, je m&rsquo;appelle Jean.<\/p>\n<p align=\"JUSTIFY\">C&rsquo;est ainsi qu&rsquo;ils repartirent en marchant de longues heures tous les quatre pour leur exp\u00e9dition. Ils s&rsquo;arr\u00eat\u00e8rent pr\u00e8s d&rsquo;un arbre pour se reposer car la journ\u00e9e avait \u00e9t\u00e9 longue et \u00e9puisante. Au lever du jour, Marius vit une silhouette qui apparue dans la brume. A son allure, c&rsquo;\u00e9tait un r\u00e9sistant allemand. Malgr\u00e9 la peur grandissante, Marius, Julia, Eliott et Jean avanc\u00e8rent en toute discr\u00e9tion en se cachant dans des fourr\u00e9s, pour ne pas se faire rep\u00e9rer. Ils sortirent de justesse de la for\u00eat. Soulag\u00e9s, ils continu\u00e8rent de marcher en direction du village le plus proche. Sur le chemin, un nouvel obstacle se pr\u00e9senta \u00e0 eux, c&rsquo;\u00e9tait un barrage allemand. Pour ne pas \u00eatre aper\u00e7us, ils contourn\u00e8rent leur route en traversant un champ. Ils savaient que le chemin allait \u00eatre compliqu\u00e9, long et sem\u00e9 d&#8217;emb\u00fbches dans cette r\u00e9gion o\u00f9 la guerre faisait rage et les bruits de canon incessants. Au fur et \u00e0 mesure des heures qui passaient, Marius commen\u00e7ait \u00e0 perdre espoir mais il se souvenait de la promesse qu&rsquo;il avait faite \u00e0 son p\u00e8re. Avec ses deux amis, ils reprirent courage pour continuer leurs investigations.<\/p>\n<p align=\"JUSTIFY\">Arriv\u00e9 au village, notre quatuor se cacha dans une vieille grange abandonn\u00e9e pour \u00e9viter d&rsquo;\u00eatre captur\u00e9. Ils entendirent les ennemis autour d&rsquo;eux qui approchaient. Ils pensaient \u00eatre en s\u00e9curit\u00e9. Malheureusement, apr\u00e8s quelques heures, ils furent trouv\u00e9s et captur\u00e9s. Les soldats ennemis les emmen\u00e8rent dans une prison souterraine o\u00f9 ils furent enferm\u00e9s. Pendant plusieurs jours, ils ne savaient pas \u00e0 quoi s\u2019attendre. Toutefois, \u00e0 certains moments de la journ\u00e9e, ils \u00e9taient avec d&rsquo;autres prisonniers. Pendant que Julia et Eliott faisaient diversion, Marius r\u00e9ussit \u00e0 parler avec quelques hommes pour avoir des informations concernant son p\u00e8re Louis. Il avait \u00e9t\u00e9 lui aussi prisonnier ici et il avait r\u00e9ussi \u00e0 s&rsquo;\u00e9chapper. Marius commen\u00e7a \u00e0 \u00e9laborer un plan pour s&rsquo;\u00e9vader. Mais pendant la nuit, les forces arm\u00e9es alli\u00e9es, au sol et dans les airs, ont lanc\u00e9 une attaque surprise contre la prison et ils r\u00e9ussirent \u00e0 lib\u00e9rer tous les prisonniers. Une partie des allemands \u00e9tait ainsi neutralis\u00e9e.<\/p>\n<p align=\"JUSTIFY\">Malgr\u00e9 les dangers encore pr\u00e9sents, tous les d\u00e9tenus d\u00e9cid\u00e8rent de quitter ce lieu lugubre et pesant. Apr\u00e8s quelques heures de marche, nos trois amis et Jean arriv\u00e8rent dans un nouveau camp d\u00e9sert\u00e9. Ils prirent la d\u00e9cision de fouiller les lieux \u00e0 la recherches d&rsquo;indices. Tout \u00e0 coup, Eliott trouva une radio. Il d\u00e9cida de l&rsquo;allumer pour savoir si elle pourrait leur donner une information. A ce moment l\u00e0, ils entendirent une voix famili\u00e8re au bout du fil. C&rsquo;\u00e9tait la voix de Louis. La joie et le soulagement se lisait sur le visage de son fils. Marius essaya de communiquer avec son p\u00e8re. Malgr\u00e9 les interf\u00e9rences, Louis r\u00e9ussit \u00e0 dialoguer avec lui et \u00e0 lui indiquer son emplacement.<\/p>\n<p align=\"JUSTIFY\">-Je suis au Nord-Ouest de Paris, sur la plage de Omaha. Je suis \u00e0 l&rsquo;abri dans un blockhaus.<\/p>\n<p align=\"JUSTIFY\">La communication coupa brutalement. Marius savait d\u00e9sormais o\u00f9 retrouver son p\u00e8re.<\/p>\n<p class=\"has-text-color\"><strong><span style=\"color: #00ff00;\">Partie 4 : Le d\u00e9nouement du 20\u00a0 au 31 janvier 2025 \u2013 Classe de Mme Hatton<\/span><br \/><\/strong><\/p>\n<p>Marius est d\u00e9j\u00e0 tr\u00e8s rassur\u00e9 que son p\u00e8re soit vivant. Lui qui \u00e9tait d\u00e9sesp\u00e9r\u00e9 reprend courage et retrouve un peu le moral. Mais tout n&rsquo;\u00e9tait pas encore gagn\u00e9, il fallait encore qu&rsquo;il retrouve son p\u00e8re. Il d\u00e9cide de garder la radio dans la poche, toujours \u00e0 proximit\u00e9 au cas o\u00f9, pour communiquer avec son p\u00e8re s&rsquo;il en avait besoin. Marius fouille dans une caisse en bois. Il trouve des jumelles, une trousse de soin et une petite machette, il donne le tout \u00e0 Jean. Puis, ils partent tous les quatre, continuent leur chemin et veulent chercher un endroit pour passer la nuit. Le mieux \u00e9taient de passer par la for\u00eat pour \u00e9viter de se faire reprendre et rester\u00a0 tr\u00e8s prudents. Ils commen\u00e7aient \u00e0 fatiguer apr\u00e8s quelques kilom\u00e8tres de marche entre les arbres, les feuilles, les champignons,\u00a0 lorsque Julia aper\u00e7ut une grotte. C&rsquo;\u00e9tait un endroit id\u00e9al pour se reposer et passer la nuit.\u00a0<\/p>\n<p>Apr\u00e8s un repos bien m\u00e9rit\u00e9, la petite troupe est repartie de tr\u00e8s bonne heure le lendemain matin, en esp\u00e9rant ne rencontrer personne. Ils marchaient silencieusement les uns derri\u00e8re les autres et ils s&rsquo;arr\u00eat\u00e8rent devant une petite rivi\u00e8re qui se trouvait pratiquement au bout de la for\u00eat, ils \u00e9taient en train de boire et remplir leur gourde quand ils entendirent des voix. C&rsquo;\u00e9tait des Allemands, ils se sont accroupis pour ne pas se faire voir, et sans bouger ils ont \u00e9cout\u00e9 attentivement ce qu&rsquo;ils disaient car ils parlaient avec un fran\u00e7ais qui avait un fort accent. Ils\u00a0 parlaient de pi\u00e8ge qu&rsquo;il fallait tendre aux Fran\u00e7ais sur le secteur proche d&rsquo;Omaha.\u00a0 \u00a0 \u00a0 \u00a0 \u00a0 \u00a0 \u00a0 \u00a0 \u00a0 \u00a0 \u00a0 \u00a0 \u00a0 \u00a0 \u00a0 \u00a0 \u00a0 \u00a0 \u00a0 \u00a0 \u00a0 \u00a0 \u00a0 \u00a0 \u00a0 \u00a0 \u00a0 \u00a0 \u00a0 \u00a0 \u00a0 \u00a0 \u00a0 \u00a0 \u00a0 \u00a0 \u00a0 \u00a0 \u00a0 \u00a0 \u00a0 \u00a0 \u00a0 \u00a0 \u00a0 \u00a0 \u00a0 \u00a0 Pris de stupeur et choqu\u00e9, Marius regarda Jean. Celui-ci le rassura en lui disant qu&rsquo;il lui promettait de retrouver son p\u00e8re et qu&rsquo;il connaissait un raccourci pour pr\u00e9venir les troupes fran\u00e7aises, en continuant de longer la lisi\u00e8re de la for\u00eat. Et surtout il fallait se d\u00e9p\u00eacher pour d\u00e9jouer ce pi\u00e8ge et\u00a0 aller d\u00e9livrer son p\u00e8re. Heureusement, ils avaient un petit temps d&rsquo;avance. Puis Jean se rappela qu&rsquo;il avait crois\u00e9 quelqu&rsquo;un qui habitait dans les environs, dans une ferme et\u00a0 qui pourrait peut-\u00eatre les aider.\u00a0\u00a0<\/p>\n<p>&nbsp;<\/p>\n<p class=\"has-text-color\"><span style=\"color: #00ff00;\"><strong>Partie 5 : La situation finale du 3 au 28 f\u00e9vrier 2025 \u2013 Classe de Mr Langlais<\/strong><\/span><\/p>\n\n\n<p>Jean connaissait comment rejoindre le plus vite possible la plage d\u2019Omaha. Ili se mirent en marche en silence pour ne pas attirer les troupes allemandes. Arriv\u00e9s sur la plage, ils virent des fl\u00e8ches trac\u00e9es sur le tronc d\u2019arbres et trouv\u00e8rent l\u2019insigne de Louis dans le sable. Ces indices les men\u00e8rent au blockhaus de Louis. Dans le blockhaus, Marius se jeta dans les bras accueillants de son p\u00e8re.<\/p>\n\n\n\n<p>Ils r\u00e9fl\u00e9chirent \u00e0 leur strat\u00e9gie pour aller pr\u00e9venir les troupes fran\u00e7aises de l\u2019invasion de la plage Omaha par les Allemands. Ils demand\u00e8rent \u00e0 Louis comment rejoindre les troupes fran\u00e7aises. &nbsp;<\/p>\n\n\n\n<p>Eliot dit&nbsp;: \u00ab&nbsp;nous pouvons peut-\u00eatre utiliser la radio pour les pr\u00e9venir&nbsp;?<\/p>\n\n\n\n<p>-Bonne id\u00e9e, r\u00e9pondirent-ils tous en ch\u0153ur.<\/p>\n\n\n\n<p>Ils pr\u00e9vinrent l\u2019arm\u00e9e fran\u00e7aise d\u2019une future attaque sur la plage d\u2019Omaha.<\/p>\n\n\n\n<p>Marius s\u2019\u00e9cria&nbsp;: \u00ab&nbsp;comment allons-nous regagner notre village&nbsp;?&nbsp;\u00bb<\/p>\n\n\n\n<p>Julia dit&nbsp;: \u00ab&nbsp;qu\u2019as-tu dans ta poche Marius&nbsp;?&nbsp;\u00bb<\/p>\n\n\n\n<p>-Dans ma poche&nbsp;? Oh, l\u2019ardoise magique de la ma\u00eetresse&nbsp;! Je pourrais peut-\u00eatre dessiner le village pour qu\u2019on y rentre&nbsp;!<\/p>\n\n\n\n<p>&#8211; Oui, nous pouvons toujours essayer, sugg\u00e9ra Louis.<\/p>\n\n\n\n<p>Marius se mit \u00e0 dessiner sa maison. Il \u00e9crivit sur l\u2019ardoise, se tinrent la main et disparurent tous ensemble ne laissant derri\u00e8re eux qu\u2019une train\u00e9e de poussi\u00e8re.<\/p>\n\n\n\n<p>Ils arriv\u00e8rent chez eux et la maman de Marius fut surprise de voir toute la petite troupe d\u00e9barquer chez elle de nulle part avec son mari, un inconnu, Marius et ses deux amis.<\/p>\n\n\n\n<p>Louis se jeta dans les bras de sa femme. Les parents de Marius f\u00e9licit\u00e8rent les enfants pour avoir retrouv\u00e9 Louis et l\u2019avoir ramen\u00e9 \u00e0 la maison.<\/p>\n\n\n\n<p>Jean repartit chez lui pour voir sa femme et ses enfants. Quelques mois plus tard, la guerre se termina enfin et le village organisa une grande f\u00eate pour c\u00e9l\u00e9brer la fin de la guerre.&nbsp; La petite troupe fut port\u00e9e en triomphe.<\/p>\n\n\n\n<p>Le lendemain, Marius rendit l\u2019ardoise \u00e0 la ma\u00eetresse et raconta son aventure \u00e0 toute la classe, avec Eliot et Julia. La maitresse lui proposa de garder l\u2019ardoise pour de nouvelles aventures.<\/p>\n\n\n\n<p><\/p>\n","protected":false},"excerpt":{"rendered":"<p>Il \u00e9crivit sur l\u2019ardoise et ils disparurent. Partie 1 : Situation initiale du 18 au 29 novembre 2024 &#8211; Classe de Mme Kayser Marius avait dix ans, mais il se sentait bien plus vieux. A\u00een\u00e9 d&rsquo;une famille de trois enfants, il prenait son r\u00f4le de grand fr\u00e8re au s\u00e9rieux : c\u2019\u00e9tait parfois pesant pour lui. [&hellip;]<\/p>\n","protected":false},"author":10,"featured_media":0,"parent":0,"menu_order":0,"comment_status":"closed","ping_status":"closed","template":"","meta":{"footnotes":""},"class_list":["post-2556","page","type-page","status-publish","hentry"],"_links":{"self":[{"href":"https:\/\/ddec72.org\/WordPress-ecole\/wp-json\/wp\/v2\/pages\/2556","targetHints":{"allow":["GET"]}}],"collection":[{"href":"https:\/\/ddec72.org\/WordPress-ecole\/wp-json\/wp\/v2\/pages"}],"about":[{"href":"https:\/\/ddec72.org\/WordPress-ecole\/wp-json\/wp\/v2\/types\/page"}],"author":[{"embeddable":true,"href":"https:\/\/ddec72.org\/WordPress-ecole\/wp-json\/wp\/v2\/users\/10"}],"replies":[{"embeddable":true,"href":"https:\/\/ddec72.org\/WordPress-ecole\/wp-json\/wp\/v2\/comments?post=2556"}],"version-history":[{"count":84,"href":"https:\/\/ddec72.org\/WordPress-ecole\/wp-json\/wp\/v2\/pages\/2556\/revisions"}],"predecessor-version":[{"id":6587,"href":"https:\/\/ddec72.org\/WordPress-ecole\/wp-json\/wp\/v2\/pages\/2556\/revisions\/6587"}],"wp:attachment":[{"href":"https:\/\/ddec72.org\/WordPress-ecole\/wp-json\/wp\/v2\/media?parent=2556"}],"curies":[{"name":"wp","href":"https:\/\/api.w.org\/{rel}","templated":true}]}}