{"id":2554,"date":"2019-09-02T16:20:28","date_gmt":"2019-09-02T14:20:28","guid":{"rendered":"http:\/\/ddec72.org\/WordPress-ecole\/?page_id=2554"},"modified":"2025-02-28T12:09:47","modified_gmt":"2025-02-28T11:09:47","slug":"recit-vert-a","status":"publish","type":"page","link":"https:\/\/ddec72.org\/WordPress-ecole\/recit-vert-a\/","title":{"rendered":"R\u00e9cit Vert A : L&rsquo;ENVOLEE"},"content":{"rendered":"\n<figure class=\"wp-block-image\"><a href=\"https:\/\/ddec72.org\/WordPress-ecole\/wp-content\/uploads\/2024\/11\/fauteuil.jpeg\"><img loading=\"lazy\" decoding=\"async\" width=\"300\" height=\"300\" src=\"https:\/\/ddec72.org\/WordPress-ecole\/wp-content\/uploads\/2024\/11\/fauteuil-300x300.jpeg\" alt=\"\" class=\"wp-image-6186\" srcset=\"https:\/\/ddec72.org\/WordPress-ecole\/wp-content\/uploads\/2024\/11\/fauteuil-300x300.jpeg 300w, https:\/\/ddec72.org\/WordPress-ecole\/wp-content\/uploads\/2024\/11\/fauteuil-150x150.jpeg 150w, https:\/\/ddec72.org\/WordPress-ecole\/wp-content\/uploads\/2024\/11\/fauteuil-768x768.jpeg 768w, https:\/\/ddec72.org\/WordPress-ecole\/wp-content\/uploads\/2024\/11\/fauteuil-624x624.jpeg 624w, https:\/\/ddec72.org\/WordPress-ecole\/wp-content\/uploads\/2024\/11\/fauteuil.jpeg 1024w\" sizes=\"auto, (max-width: 300px) 100vw, 300px\" \/><\/a><\/figure>\n\n\n\n<p class=\"has-text-align-center\"><\/p>\n\n\n\n<blockquote class=\"wp-block-quote is-layout-flow wp-block-quote-is-layout-flow\">\n<p class=\"has-text-align-center\">Il suffisait de se tenir immobile, silencieux et le ph\u00e9nom\u00e8ne se reproduisait.<\/p>\n<\/blockquote>\n\n\n\n<p class=\"has-text-color\"><span style=\"color: #00ff00;\"><strong>Partie 1 : Situation initiale du 18 au 29 novembre 2024 &#8211; Classe de Mme Hatton<\/strong><\/span><\/p>\n\n\n\n<p>Marguerite est une femme tr\u00e8s intelligente et d\u00e9brouillarde. Elle aime bien les vieilles maisons et elle vient d\u2019acheter un vieux et grand manoir en Bretagne.&nbsp; Avant de signer l\u2019achat d\u00e9finitif, elle d\u00e9cide de revenir dans ce manoir un peu myst\u00e9rieux, pour \u00eatre s\u00fbre de ne pas faire d\u2019erreur.<\/p>\n\n\n\n<p>Elle se&nbsp; prom\u00e8ne \u00e0 nouveau dans toutes les pi\u00e8ces, o\u00f9 tout est diff\u00e9rent depuis que les anciens propri\u00e9taires sont&nbsp; partis. Marguerite &nbsp;imagine comment elle va pouvoir am\u00e9nager ce nouveau lieu d\u2019habitation.&nbsp; &nbsp; &nbsp; &nbsp; &nbsp; &nbsp; &nbsp; &nbsp; &nbsp; &nbsp; &nbsp; &nbsp; &nbsp; &nbsp; &nbsp; &nbsp; &nbsp; &nbsp; &nbsp; &nbsp; &nbsp; &nbsp; &nbsp; &nbsp; &nbsp; &nbsp; &nbsp; &nbsp; &nbsp; &nbsp; &nbsp; &nbsp; &nbsp; &nbsp; &nbsp; &nbsp; &nbsp; &nbsp; &nbsp; &nbsp; &nbsp; &nbsp; &nbsp; &nbsp; &nbsp; &nbsp; &nbsp; &nbsp; &nbsp; &nbsp; &nbsp; &nbsp; &nbsp; &nbsp; &nbsp; &nbsp; &nbsp; &nbsp; &nbsp; &nbsp; &nbsp; &nbsp; &nbsp; &nbsp; &nbsp; &nbsp; &nbsp; &nbsp; &nbsp; &nbsp; &nbsp; &nbsp;Une des pi\u00e8ces attire son attention, auparavant elle servait de chambre. En plein milieu, il ne&nbsp;&nbsp; restait plus qu\u2019 un vieux fauteuil avec des motifs de papillons &nbsp;un peu us\u00e9s, un peu pass\u00e9s avec le temps.<\/p>\n\n\n\n<p>&nbsp;Elle se demande pourquoi les anciens propri\u00e9taires ont laiss\u00e9 ce grand fauteuil . Elle demandera quelques conseils \u00e0 son amie Violette&nbsp;qui est &nbsp;d\u00e9coratrice, pour le remettre en \u00e9tat. Il faudra s\u00fbrement faire appel \u00e0 une couturi\u00e8re pour r\u00e9parer les endroits de &nbsp;tissus ab\u00eem\u00e9s. Ce motif avec les papillons lui plait bien, Marguerite souhaite remettre le m\u00eame.<\/p>\n\n\n\n<p>En attendant elle va s\u2019asseoir sur &nbsp;ce fauteuil tr\u00e8s &nbsp;confortable qui lui servira pour son rituel du soir : un bon moment de lecture. Il est tr\u00e8s confortable . une fois assise, elle se voit bien en train de lire ses livres pr\u00e9f\u00e9r\u00e9s. Elle se sent bien,&nbsp; c\u2019 est comme si elle \u00e9tait dans un r\u00eave.<\/p>\n\n\n\n<p class=\"has-text-color\"><strong><span style=\"color: #00ff00;\">Partie 2 : \u00c9l\u00e9ment d\u00e9clencheur du 2 au 13 d\u00e9cembre 2024 \u2013 Classe de Mme Gu\u00e9rin<\/span><br><\/strong><\/p>\n\n\n\n<p>Elle finit par acqu\u00e9rir le manoir car elle se sentait tr\u00e8s \u00e0 l&rsquo;aise dans cet habitat spacieux. Apr\u00e8s deux semaines, Marguerite peut enfin am\u00e9nager. Tous les soirs, elle se rend dans sa chambre o\u00f9 elle \u00e9prouve une sensation de bien-\u00eatre. Elle s\u2019assoit dans son fauteuil pr\u00e9f\u00e9r\u00e9 pour lire paisiblement. Cela devient son rituel de la journ\u00e9e et elle ne peut plus s&rsquo;en passer.<\/p>\n\n\n\n<p>Un matin, Marguerite part acheter des livres \u00e0 la librairie pour renouveler sa biblioth\u00e8que. En rentrant, elle commence \u00e0 les ranger et elle s&rsquo;aper\u00e7oit qu&rsquo;un roman est apparu dans son sac alors qu&rsquo;elle ne l&rsquo;avait pas achet\u00e9. Elle d\u00e9cide de feuilleter cet ouvrage intitul\u00e9 \u00ab&nbsp;le fauteuil myst\u00e9rieux&nbsp;\u00bb avec pour auteur le nom de l&rsquo;ancien propri\u00e9taire du manoir. Soudain, une page attire son attention&nbsp;: c&rsquo;est une r\u00e9plique de son fauteuil sur lequel elle est actuellement assise. Tout \u00e0 coup, en effleurant la page, les meubles et les murs se mettent \u00e0 trembler&#8230;<\/p>\n\n\n\n<p class=\"has-text-color\"><strong><span style=\"color: #00ff00;\">Partie 3 : S\u00e9rie d\u2019actions du 6 au 17 janvier 2025 \u2013 Classe de Mr Langlais<\/span><br><\/strong>Margueritte se l\u00e8ve pour voir ce qui se passe et est suivie par l\u2019envol\u00e9e de papillons.&nbsp;<\/p>\n\n\n\n<p>Elle se dit qu\u2019elle a des hallucinations et qu\u2019elle a besoin de repos.&nbsp;&nbsp;Ce ph\u00e9nom\u00e8ne se reproduisait tous les soirs aux alentours de 17h00, quand elle rentrait du travail.&nbsp;&nbsp;<strong>Il suffisait de se tenir immobile, silencieux et le ph\u00e9nom\u00e8ne se reproduisait.&nbsp;<\/strong><\/p>\n\n\n\n<p>Elle repense souvent aux papillons, au livre&nbsp;: comment ce livre a-t-il pu arriver dans son sac&nbsp;? Qui a pu mettre ce livre&nbsp;? D\u2019o\u00f9 viennent ces papillons&nbsp;quand elle effleure la page du livre,&nbsp;assise sur le fauteuil&nbsp;? C\u2019\u00e9tait la photo de son fauteuil&nbsp;! Quelle co\u00efncidence&nbsp;!&nbsp;&nbsp;<\/p>\n\n\n\n<p>Ce jour-l\u00e0, apr\u00e8s le ph\u00e9nom\u00e8ne, en soir\u00e9e, elle se l\u00e8ve, encore endormie, sans grande envie. Elle se dirige vers sa biblioth\u00e8que et s\u2019aper\u00e7oit que les papillons ne sont plus sur le tissu du fauteuil et que sur ce fauteuil, elle voit une silhouette humaine form\u00e9e par ces papillons. Elle s\u2019approche prudemment et doucement pour ne pas les affoler.&nbsp;&nbsp;Tout d\u2019un coup, la silhouette lui parle&nbsp;: \u00ab&nbsp;bonjour Margueritte&nbsp;!&nbsp;\u00bb La jeune femme sursaute et atterrit par terre. Elle se demande d\u2019o\u00f9 vient cette voix. Cette voix vient de la silhouette de papillon. Les papillons parleraient-ils&nbsp;? La voix continue&nbsp;:&nbsp;<\/p>\n\n\n\n<p>\u00ab&nbsp; N\u2019ayez pas peur&nbsp;! Vous \u00eates-vous fait mal&nbsp;?&nbsp;<\/p>\n\n\n\n<ul class=\"wp-block-list\">\n<li>Mais qui me parle&nbsp;? \u2026\u2026. Peut-\u00eatre que ce ne sont pas des hallucinations&nbsp;et que c que je vois est bien r\u00e9el&nbsp;! Je ne suis pas en train de r\u00eaver&nbsp;! Qui \u00eates-vous&nbsp;? Que me voulez -vous&nbsp;?&nbsp;<\/li>\n\n\n\n<li>Je suis Fr\u00e9d\u00e9ric Lumont, l\u2019ancien propri\u00e9taire du manoir.&nbsp;<\/li>\n\n\n\n<li>L\u2019ancien propri\u00e9taire&nbsp;? Comment cela&nbsp;? Je ne vois que des papillons&nbsp;!<\/li>\n<\/ul>\n\n\n\n<p>Lumont, d\u00eetes-vous&nbsp;?&nbsp;&nbsp;J\u2019ai d\u00e9j\u00e0 entendu ce nom\u2026\u2026.mais bien s\u00fbr&nbsp;: \u00e0 la librairie. Est-ce votre femme&nbsp;? Travaille-t-elle \u00e0 la libraire&nbsp;?&nbsp;<\/p>\n\n\n\n<ul class=\"wp-block-list\">\n<li>Oui, pr\u00e9cis\u00e9ment Sarah Lumont&nbsp;!&nbsp;<\/li>\n\n\n\n<li>Mais que vous arrive-t-il&nbsp;?&nbsp;<\/li>\n\n\n\n<li>J\u2019ai \u00e9t\u00e9 emprisonn\u00e9 dans ce fauteuil par le livre que j\u2019\u00e9tais en train d\u2019\u00e9crire, juste au moment o\u00f9 j\u2019ai dessin\u00e9 mon fauteuil pr\u00e9f\u00e9r\u00e9.&nbsp;<\/li>\n\n\n\n<li>Par le livre&nbsp;? Mais comment est-ce possible&nbsp;?&nbsp;<\/li>\n<\/ul>\n\n\n\n<p>Comment puis-je vous aider&nbsp;?&nbsp;<\/p>\n\n\n\n<ul class=\"wp-block-list\">\n<li>Moi-m\u00eame, je ne le sais pas\u2026\u2026..mais j\u2019ai peut-\u00eatre une id\u00e9e et je sais surtout quoi faire pour que ce ph\u00e9nom\u00e8ne ne se reproduise plus&nbsp;!<\/li>\n\n\n\n<li>Comment faire&nbsp;?&nbsp;<\/li>\n\n\n\n<li>Allez trouver ma femme \u00e0 la librairie et demandez-lui un livre qui porte le titre de \u00ab&nbsp;d\u00e9corer son vieux manoir.&nbsp;\u00bb Il contient 13 230 pages Vous y trouverez \u00e0 la page 7 392, comment faire&nbsp;!&nbsp;\u00bb<\/li>\n<\/ul>\n\n\n\n<p>Margueritte se rend \u00e0 la librairie et demande \u00e0 Mme Lumont le livre en question. Elle lui donne le livre et Marguerite se rend imm\u00e9diatement \u00e0 la page 7&nbsp;392.&nbsp;<\/p>\n\n\n\n<p>Le manuel indique que pour lib\u00e9rer des personnes emprisonn\u00e9es dans un fauteuil du motif papillon, il faut changer le tissu, le bruler et mettre un tissu de libellules. Mais attention, il faut que celles-ci soient violettes et dor\u00e9es sinon, ce ph\u00e9nom\u00e8ne s\u2019empirera de jours en jours et emprisonnera toutes les personnes alentours. Chaque jour, le fauteuil aspirera de plus en plus de personnes \u00e9loign\u00e9es de lui mais qui aime la lecture.&nbsp;<\/p>\n\n\n\n<p class=\"has-text-color\">Des libellules violettes-dor\u00e9es&nbsp;? Mais c\u2019est le pr\u00e9nom de mon amie&nbsp;? Y aurait-il un lien&nbsp;?&nbsp;<\/p>\n\n\n\n<p class=\"has-text-color\"><strong><span style=\"color: #00ff00;\">Partie 4 : Le d\u00e9nouement du 20&nbsp; au 31 janvier 2025 \u2013 Classe de Mr Accou<\/span><br><\/strong>Pas question en tout cas pour Marguerite de subir la mal\u00e9diction de ce fauteuil !<\/p>\n\n\n\n<p>Elle va donc rendre visite \u00e0 son amie Violette pour lui demander conseil&nbsp;:<\/p>\n\n\n\n<p>&#8211; Si j&rsquo;ai bien compris, tu as besoin d&rsquo;un tissu aux motifs de libellules violettes-dor\u00e9es ?<\/p>\n\n\n\n<p>&#8211; C&rsquo;est bien \u00e7a, Violette !&nbsp;<\/p>\n\n\n\n<p>&#8211; Ecoute, je connais peut-\u00eatre quelqu&rsquo;un qui pourra t&rsquo;aider. Ma cousine, Rose Dor\u00e9e, est justement couturi\u00e8re et c&rsquo;est une experte dans les tissus !<\/p>\n\n\n\n<p>&#8211; Et o\u00f9 pourrai-je la rencontrer ?<\/p>\n\n\n\n<p>&#8211; Je sais qu&rsquo;elle a mont\u00e9 une boutique \u00e0 Paris, dans le&nbsp; 8\u00e8me arrondissement, &lsquo;La Belle Etoffe&rsquo;. Je peux nous y emmener; cela me donnera l&rsquo;occasion de la revoir !&nbsp;<\/p>\n\n\n\n<p>Les deux amies se mettent en route imm\u00e9diatement pour la capitale.&nbsp;<\/p>\n\n\n\n<p>Une fois arriv\u00e9es, elles se rendent au magasin o\u00f9 elles retrouvent Rose, qui n&rsquo;avait pas encore ferm\u00e9 ses portes.<\/p>\n\n\n\n<p>&#8211; Violette !!!? s&rsquo;\u00e9crie Rose, qui accourt dans les bras de sa cousine. Mais que fais-tu ici ?!<\/p>\n\n\n\n<p>&#8211; Je suis venue avec une amie, Marguerite, qui a besoin d&rsquo;un tissu tr\u00e8s sp\u00e9cial et on pense que tu peux nous aider \u00e0 le trouver.<\/p>\n\n\n\n<p>Marguerite se pr\u00e9sente rapidement et lui explique son incroyable histoire: l&rsquo;achat du manoir, l&rsquo;envol\u00e9e de papillons du fauteuil, l&rsquo;apparition de Fr\u00e9d\u00e9ric Lumont, le livre remis par Sarah Lumont&#8230;<\/p>\n\n\n\n<p>&#8211; Fr\u00e9d\u00e9ric Lumont, Sarah Lumont, ces noms me disent quelque chose&#8230; Ah, mais oui, \u00e7a me revient ! s&rsquo;exclame Rose.<\/p>\n\n\n\n<p>Et la couturi\u00e8re de pr\u00e9ciser:<\/p>\n\n\n\n<p>&#8211; C&rsquo;\u00e9tait il y a plus de 15 ans ! J&rsquo;\u00e9tais avec Sarah dans la m\u00eame classe, \u00e0 l&rsquo;Ecole de Magie Noire de&nbsp;Dupolard. Je peux vous dire qu&rsquo;elle avait tr\u00e8s mauvaise r\u00e9putation&#8230; Elle \u00e9tait d\u00e9j\u00e0 tr\u00e8s proche de Fr\u00e9d\u00e9ric Lumont mais s&rsquo;int\u00e9ressait surtout \u00e0 la richesse de sa famille !<\/p>\n\n\n\n<p>Marguerite commence \u00e0 comprendre&#8230;&nbsp;Et si Sarah avait elle-m\u00eame jet\u00e9 un sort \u00e0 son mari pour le faire dispara\u00eetre et ainsi, r\u00e9cup\u00e9rer sa fortune ?&nbsp;<\/p>\n\n\n\n<p>Elle partage son hypoth\u00e8se avec ses deux amies, qui semblent l&rsquo;approuver.&nbsp; Elles sont d\u00e9sormais d\u00e9termin\u00e9es \u00e0 lib\u00e9rer Fr\u00e9d\u00e9ric Lumont.<\/p>\n\n\n\n<p>Rose part imm\u00e9diatement dans sa r\u00e9serve \u00e0 la recherche du pr\u00e9cieux tissu. Elle revient quelques minutes plus tard, avec un air satisfait et l&rsquo;\u00e9toffe dans les mains !<\/p>\n\n\n\n<p>Marguerite, Violette et sa cousine repartent ensemble le soir m\u00eame en Bretagne.&nbsp;<\/p>\n\n\n\n<p>De retour au manoir, elles se h\u00e2tent de suivre les consignes du livre, changent le tissu du fauteuil et br\u00fblent l&rsquo;ancien rev\u00eatement dans la chemin\u00e9e.<\/p>\n\n\n\n<p>De la fum\u00e9e du foyer, appara\u00eet alors la silhouette d&rsquo;un homme. S&rsquo;approchant des trois femmes, il leur dit d\u2019un ton \u00e0 la fois soulag\u00e9 et revanchard&nbsp;:<\/p>\n\n\n\n<p class=\"has-text-color\">&#8211; Ah, quel bonheur de se sentir \u00e0 nouveau libre ! Merci pour votre aide, mesdames&#8230; Je vais maintenant pouvoir r\u00e9gler mes comptes avec ma sorci\u00e8re de femme !&#8230;<\/p>\n\n\n\n<p class=\"has-text-color\"><\/p>\n\n\n\n<p class=\"has-text-color\"><\/p>\n\n\n\n<p class=\"has-text-color\"><span style=\"color: #00ff00;\"><strong>Partie 5 : La situation finale du 3 au 28 f\u00e9vrier 2025 \u2013 Classe de Mme Kayser<\/strong><\/span><\/p>\n\n\n\n<p>Fr\u00e9d\u00e9ric Lumont, dit : \u201cMerci mesdames\u00a0\u00bb, sans vous, je serais rest\u00e9 prisonnier de ce maudit fauteuil. Mais je dois me venger.\u00a0\u00bb<\/p>\n\n\n\n<p>Marguerite, inqui\u00e8te lui demande :&nbsp; \u00ab\u00a0Qu&rsquo;allez-vous faire maintenant, Fr\u00e9d\u00e9ric ? Vous n&rsquo;\u00eates plus enferm\u00e9, mais comment pourrez-vous vous venger de Sarah ?\u00a0\u00bb<\/p>\n\n\n\n<p>Fr\u00e9d\u00e9ric la regarde d&rsquo;un air \u00e0 la fois s\u00e9rieux et un peu myst\u00e9rieux. \u00ab\u00a0Vengeance ? Non, ce n\u2019est pas de la vengeance que je recherche. Ce que je veux, c\u2019est la v\u00e9rit\u00e9. Je dois comprendre pourquoi Sarah m\u2019a jet\u00e9 ce sort, pourquoi elle a trahi notre amour pour la richesse. Mais avant tout, je dois l\u2019affronter.\u00a0\u00bb<\/p>\n\n\n\n<p>\u201dJe suis pr\u00eat \u00e0 tout terminer ce sortil\u00e8ge, et surtout, pour lib\u00e9rer ma maison de l&#8217;emprise mal\u00e9fique de Sarah.\u00a0\u00bb<\/p>\n\n\n\n<p>Ils d\u00e9cident tous ensemble de retourner \u00e0 la librairie de Sarah. Une fois sur place, Marguerite, Violette, Rose et Fr\u00e9d\u00e9ric entrent dans la boutique qui est transform\u00e9e. Les \u00e9tag\u00e8res sont vides, les livres anciens ont disparu.<\/p>\n\n\n\n<p>Soudain, Sarah appara\u00eet : \u00ab\u00a0Alors, vous m\u2019avez retrouv\u00e9e\u00a0\u00bb. Vous pensez que vous pouvez briser ce que j\u2019ai cr\u00e9\u00e9 ? Ce sort, cette mal\u00e9diction \u2026 Personne ne peut y \u00e9chapper.\u00a0\u00bb<\/p>\n\n\n\n<p>Fr\u00e9d\u00e9ric, lui r\u00e9pond : Sarah, ce que je veux, c\u2019est que la v\u00e9rit\u00e9 \u00e9clate. Pourquoi m\u2019as-tu enferm\u00e9 dans ce fauteuil ?&nbsp;<\/p>\n\n\n\n<p>Sarah rit. \u00ab\u00a0Tu ne comprends toujours pas, Fr\u00e9d\u00e9ric. Je t\u2019ai aim\u00e9, oui, mais ce n&rsquo;\u00e9tait pas de l\u2019amour, c&rsquo;\u00e9tait de l&rsquo;ambition. Je voulais ta fortune, ton manoir, ton pouvoir. Je voulais plus que ce que tu pouvais m\u2019offrir.Te jeter un sort \u00e9tait la seule mani\u00e8re de prendre ce qui me revenait.\u00a0\u00bb<\/p>\n\n\n\n<p>\u00ab\u00a0Mais ce n\u2019\u00e9tait pas de l\u2019amour, Sarah, c\u2019\u00e9tait de la manipulation, dit Marguerite. Tu n\u2019as pas agi par amour, mais par \u00e9go\u00efsme.\u00a0\u00bb<\/p>\n\n\n\n<p>Sarah, perdant son sourire, s&rsquo;approche de Fr\u00e9d\u00e9ric, ses yeux brillants de rage. \u00ab\u00a0Tu ne peux pas comprendre. Tout ce que j\u2019ai fait, je l\u2019ai fait pour nous, pour nous deux. Et maintenant, tout est perdu. Mais tu ne me retrouveras pas aussi facilement la prochaine fois.\u00a0\u00bb<\/p>\n\n\n\n<p>Sur ces mots, Sarah se transforme en une brume sombre qui dispara\u00eet dans l\u2019air, emport\u00e9e par un vent glac\u00e9.<\/p>\n\n\n\n<p>Le calme revient dans le manoir apr\u00e8s la disparition de Sarah. Fr\u00e9d\u00e9ric, maintenant lib\u00e9r\u00e9 de son ancienne femme, se tourne vers Marguerite et ses amies.&nbsp;<\/p>\n\n\n\n<p>\u201cNous allons vous aider \u00e0 faire revivre ce manoir Fr\u00e9d\u00e9ric!\u201d<\/p>\n\n\n\n<p>Violette et Rose d\u00e9cident de r\u00e9am\u00e9nager le manoir. Le fauteuil myst\u00e9rieux, d\u00e9sormais r\u00e9par\u00e9 avec les tissus de libellules violettes, est plac\u00e9 dans un endroit sp\u00e9cial, un lieu o\u00f9 il ne sera plus jamais une source de mal\u00e9diction.<\/p>\n\n\n\n<p><\/p>\n\n\n\n<p><\/p>\n\n\n\n<p><\/p>\n\n\n\n<p><\/p>\n","protected":false},"excerpt":{"rendered":"<p>Il suffisait de se tenir immobile, silencieux et le ph\u00e9nom\u00e8ne se reproduisait. Partie 1 : Situation initiale du 18 au 29 novembre 2024 &#8211; Classe de Mme Hatton Marguerite est une femme tr\u00e8s intelligente et d\u00e9brouillarde. Elle aime bien les vieilles maisons et elle vient d\u2019acheter un vieux et grand manoir en Bretagne.&nbsp; Avant de [&hellip;]<\/p>\n","protected":false},"author":10,"featured_media":0,"parent":0,"menu_order":0,"comment_status":"closed","ping_status":"closed","template":"","meta":{"footnotes":""},"class_list":["post-2554","page","type-page","status-publish","hentry"],"_links":{"self":[{"href":"https:\/\/ddec72.org\/WordPress-ecole\/wp-json\/wp\/v2\/pages\/2554","targetHints":{"allow":["GET"]}}],"collection":[{"href":"https:\/\/ddec72.org\/WordPress-ecole\/wp-json\/wp\/v2\/pages"}],"about":[{"href":"https:\/\/ddec72.org\/WordPress-ecole\/wp-json\/wp\/v2\/types\/page"}],"author":[{"embeddable":true,"href":"https:\/\/ddec72.org\/WordPress-ecole\/wp-json\/wp\/v2\/users\/10"}],"replies":[{"embeddable":true,"href":"https:\/\/ddec72.org\/WordPress-ecole\/wp-json\/wp\/v2\/comments?post=2554"}],"version-history":[{"count":88,"href":"https:\/\/ddec72.org\/WordPress-ecole\/wp-json\/wp\/v2\/pages\/2554\/revisions"}],"predecessor-version":[{"id":6562,"href":"https:\/\/ddec72.org\/WordPress-ecole\/wp-json\/wp\/v2\/pages\/2554\/revisions\/6562"}],"wp:attachment":[{"href":"https:\/\/ddec72.org\/WordPress-ecole\/wp-json\/wp\/v2\/media?parent=2554"}],"curies":[{"name":"wp","href":"https:\/\/api.w.org\/{rel}","templated":true}]}}