{"id":239,"date":"2014-09-04T16:33:43","date_gmt":"2014-09-04T14:33:43","guid":{"rendered":"http:\/\/ddec72.org\/WordPress-ecole\/?page_id=239"},"modified":"2024-11-12T10:44:39","modified_gmt":"2024-11-12T09:44:39","slug":"groupe-vert","status":"publish","type":"page","link":"https:\/\/ddec72.org\/WordPress-ecole\/groupe-vert\/","title":{"rendered":"Groupe Vert"},"content":{"rendered":"<p>Le <strong><span style=\"color: #00ff00;\">groupe vert<\/span><\/strong> est compos\u00e9 des classes suivantes :<\/p>\n<ul>\n<li>Classe de Mme Hatton, St Joseph La Salle, Pruill\u00e9 le Ch\u00e9tif (72)<\/li>\n<li>Classe de Mr Langlais, Sacr\u00e9-C\u0153ur, Gennes Val de Loire (49)<\/li>\n<li>Classe de Mme Kayser, Les Templiers, Etrich\u00e9 (49)<\/li>\n<li>Classe de Mme Gu\u00e9rin, Ste Marie, St Calais (72)<\/li>\n<li>Classe de Mr Accou, Notre Dame du Pr\u00e9, Le Mans (72)<\/li>\n<\/ul>\n","protected":false},"excerpt":{"rendered":"<p>Le groupe vert est compos\u00e9 des classes suivantes : Classe de Mme Hatton, St Joseph La Salle, Pruill\u00e9 le Ch\u00e9tif (72) Classe de Mr Langlais, Sacr\u00e9-C\u0153ur, Gennes Val de Loire (49) Classe de Mme Kayser, Les Templiers, Etrich\u00e9 (49) Classe de Mme Gu\u00e9rin, Ste Marie, St Calais (72) Classe de Mr Accou, Notre Dame du [&hellip;]<\/p>\n","protected":false},"author":1,"featured_media":0,"parent":0,"menu_order":0,"comment_status":"closed","ping_status":"closed","template":"","meta":{"footnotes":""},"class_list":["post-239","page","type-page","status-publish","hentry"],"_links":{"self":[{"href":"https:\/\/ddec72.org\/WordPress-ecole\/wp-json\/wp\/v2\/pages\/239","targetHints":{"allow":["GET"]}}],"collection":[{"href":"https:\/\/ddec72.org\/WordPress-ecole\/wp-json\/wp\/v2\/pages"}],"about":[{"href":"https:\/\/ddec72.org\/WordPress-ecole\/wp-json\/wp\/v2\/types\/page"}],"author":[{"embeddable":true,"href":"https:\/\/ddec72.org\/WordPress-ecole\/wp-json\/wp\/v2\/users\/1"}],"replies":[{"embeddable":true,"href":"https:\/\/ddec72.org\/WordPress-ecole\/wp-json\/wp\/v2\/comments?post=239"}],"version-history":[{"count":9,"href":"https:\/\/ddec72.org\/WordPress-ecole\/wp-json\/wp\/v2\/pages\/239\/revisions"}],"predecessor-version":[{"id":6250,"href":"https:\/\/ddec72.org\/WordPress-ecole\/wp-json\/wp\/v2\/pages\/239\/revisions\/6250"}],"wp:attachment":[{"href":"https:\/\/ddec72.org\/WordPress-ecole\/wp-json\/wp\/v2\/media?parent=239"}],"curies":[{"name":"wp","href":"https:\/\/api.w.org\/{rel}","templated":true}]}}